{"id":6936,"date":"2016-10-06T11:50:55","date_gmt":"2016-10-06T11:50:55","guid":{"rendered":"http:\/\/intereuropa.es\/alojamiento\/"},"modified":"2019-08-01T20:45:35","modified_gmt":"2019-08-01T20:45:35","slug":"unterkunft","status":"publish","type":"page","link":"https:\/\/intereuropa.es\/de\/unterkunft\/","title":{"rendered":"Unterkunft"},"content":{"rendered":"<div class=\"wpb-content-wrapper\"><p>[vc_row][vc_column]<h3 class=\"sc_title sc_title_regular sc_align_center margin_top_null margin_bottom_tiny\" style=\"text-align:center;\">Unterkunftsarten<\/h3>[vc_column_text css=&#8220;.vc_custom_1562071148158{margin-bottom: 40px !important;}&#8220;]<\/p>\n<div style=\"text-align: center;\">Die Schule kann Ihnen f\u00fcr die Zeit Ihres Sprachkurses eine Unterkunft vermitteln.<br \/>\nIntereuropa w\u00e4hlt nur Unterk\u00fcnfte mit guter Lage und Qualit\u00e4t aus.<br \/>\n<strong><br \/>\nWir haben verschiedene Arten von Unterk\u00fcnften:<\/strong><\/div>\n<p>[\/vc_column_text]<div id=\"sc_services_1083045266_wrap\" class=\"sc_services_wrap\"><div id=\"sc_services_1083045266\" class=\"sc_services sc_services_style_services-1 sc_services_type_images \" style=\"width:100%;\"><div class=\"sc_columns columns_wrap\"><div class=\"column-1_4 column_padding_bottom\">\t\t\t<div id=\"sc_services_1083045266_1\"\t\t\t\tclass=\"sc_services_item sc_services_item_1 odd first\"\n\t\t\t\t>\n\t\t\t\t\t\t\t\t\t<div class=\"sc_services_item_featured post_featured\">\n\t\t\t\t\t\t\t<div class=\"post_thumb\" data-image=\"https:\/\/intereuropa.es\/wp-content\/uploads\/2016\/10\/familia.jpg\" data-title=\"Gastfamilie\">\n\t<a class=\"hover_icon hover_icon_link\" href=\"https:\/\/intereuropa.es\/de\/unterkunfte\/gastfamilie\/\"><img loading=\"lazy\" decoding=\"async\" class=\"wp-post-image\" width=\"370\" height=\"274\" alt=\"Gastfamilie\" src=\"https:\/\/intereuropa.es\/wp-content\/uploads\/2016\/10\/familia-370x274.jpg\"><\/a>\t<\/div>\n\t\t\t\t\t\t<\/div>\n\t\t\t\t\t\t\t\t\t<div class=\"sc_services_item_content\">\n\t\t\t\t\t<h4 class=\"sc_services_item_title\"><a href=\"https:\/\/intereuropa.es\/de\/unterkunfte\/gastfamilie\/\">Gastfamilie<\/a><\/h4>\n\t\t\t\t\t<div class=\"sc_services_item_description\">\n\t\t\t\t\t\t<p>Der beste Weg, spanische Sprachkenntnisse au\u00dferhalb des Klassenzimmers zu erwerben.<\/p><a href=\"https:\/\/intereuropa.es\/de\/unterkunfte\/gastfamilie\/\" class=\"sc_services_item_readmore\">Mehr erfahren<span class=\"icon-right\"><\/span><\/a>\t\t\t\t\t<\/div>\n\t\t\t\t<\/div>\n\t\t\t<\/div>\n\t\t<\/div><div class=\"column-1_4 column_padding_bottom\">\t\t\t<div id=\"sc_services_1083045266_2\"\t\t\t\tclass=\"sc_services_item sc_services_item_2 even\"\n\t\t\t\t>\n\t\t\t\t\t\t\t\t\t<div class=\"sc_services_item_featured post_featured\">\n\t\t\t\t\t\t\t<div class=\"post_thumb\" data-image=\"https:\/\/intereuropa.es\/wp-content\/uploads\/2018\/01\/piso-e1546186616898.jpg\" data-title=\"Wohngemeinschaft\">\n\t<a class=\"hover_icon hover_icon_link\" href=\"https:\/\/intereuropa.es\/de\/unterkunfte\/wohngemeinschaft\/\"><img loading=\"lazy\" decoding=\"async\" class=\"wp-post-image\" width=\"370\" height=\"274\" alt=\"Wohngemeinschaft\" src=\"https:\/\/intereuropa.es\/wp-content\/uploads\/2018\/01\/piso-e1546186616898-370x274.jpg\"><\/a>\t<\/div>\n\t\t\t\t\t\t<\/div>\n\t\t\t\t\t\t\t\t\t<div class=\"sc_services_item_content\">\n\t\t\t\t\t<h4 class=\"sc_services_item_title\"><a href=\"https:\/\/intereuropa.es\/de\/unterkunfte\/wohngemeinschaft\/\">Wohngemeinschaft<\/a><\/h4>\n\t\t\t\t\t<div class=\"sc_services_item_description\">\n\t\t\t\t\t\t<p>F\u00fcr alle Sch\u00fcler von Intereuropa, die unabh\u00e4ngiger sein m\u00f6chten.<\/p><a href=\"https:\/\/intereuropa.es\/de\/unterkunfte\/wohngemeinschaft\/\" class=\"sc_services_item_readmore\">Mehr erfahren<span class=\"icon-right\"><\/span><\/a>\t\t\t\t\t<\/div>\n\t\t\t\t<\/div>\n\t\t\t<\/div>\n\t\t<\/div><div class=\"column-1_4 column_padding_bottom\">\t\t\t<div id=\"sc_services_1083045266_3\"\t\t\t\tclass=\"sc_services_item sc_services_item_3 odd\"\n\t\t\t\t>\n\t\t\t\t\t\t\t\t\t<div class=\"sc_services_item_featured post_featured\">\n\t\t\t\t\t\t\t<div class=\"post_thumb\" data-image=\"https:\/\/intereuropa.es\/wp-content\/uploads\/2018\/01\/cena-internacional-e1546186755369.jpg\" data-title=\"Unterk\u00fcnfte an der Universit\u00e4t\">\n\t<a class=\"hover_icon hover_icon_link\" href=\"https:\/\/intereuropa.es\/de\/unterkunfte\/unterkuenfte-an-der-universitaet\/\"><img loading=\"lazy\" decoding=\"async\" class=\"wp-post-image\" width=\"370\" height=\"274\" alt=\"Unterk\u00fcnfte an der Universit\u00e4t\" src=\"https:\/\/intereuropa.es\/wp-content\/uploads\/2018\/01\/cena-internacional-e1546186755369-370x274.jpg\"><\/a>\t<\/div>\n\t\t\t\t\t\t<\/div>\n\t\t\t\t\t\t\t\t\t<div class=\"sc_services_item_content\">\n\t\t\t\t\t<h4 class=\"sc_services_item_title\"><a href=\"https:\/\/intereuropa.es\/de\/unterkunfte\/unterkuenfte-an-der-universitaet\/\">Unterk\u00fcnfte an der Universit\u00e4t<\/a><\/h4>\n\t\t\t\t\t<div class=\"sc_services_item_description\">\n\t\t\t\t\t\t<p>Wir empfehlen diese Alternative allen Sch\u00fclern, die das Leben auf einem spanischen Campus erleben wollen.<\/p><a href=\"https:\/\/intereuropa.es\/de\/unterkunfte\/unterkuenfte-an-der-universitaet\/\" class=\"sc_services_item_readmore\">Mehr erfahren<span class=\"icon-right\"><\/span><\/a>\t\t\t\t\t<\/div>\n\t\t\t\t<\/div>\n\t\t\t<\/div>\n\t\t<\/div><div class=\"column-1_4 column_padding_bottom\">\t\t\t<div id=\"sc_services_1083045266_4\"\t\t\t\tclass=\"sc_services_item sc_services_item_4 even\"\n\t\t\t\t>\n\t\t\t\t\t\t\t\t\t<div class=\"sc_services_item_featured post_featured\">\n\t\t\t\t\t\t\t<div class=\"post_thumb\" data-image=\"https:\/\/intereuropa.es\/wp-content\/uploads\/2018\/01\/APARTAMENTO_04.jpg\" data-title=\"Eigenes Apartment\">\n\t<a class=\"hover_icon hover_icon_link\" href=\"https:\/\/intereuropa.es\/de\/unterkunfte\/eigenes-apartment\/\"><img loading=\"lazy\" decoding=\"async\" class=\"wp-post-image\" width=\"370\" height=\"274\" alt=\"Eigenes Apartment\" src=\"https:\/\/intereuropa.es\/wp-content\/uploads\/2018\/01\/APARTAMENTO_04-370x274.jpg\"><\/a>\t<\/div>\n\t\t\t\t\t\t<\/div>\n\t\t\t\t\t\t\t\t\t<div class=\"sc_services_item_content\">\n\t\t\t\t\t<h4 class=\"sc_services_item_title\"><a href=\"https:\/\/intereuropa.es\/de\/unterkunfte\/eigenes-apartment\/\">Eigenes Apartment<\/a><\/h4>\n\t\t\t\t\t<div class=\"sc_services_item_description\">\n\t\t\t\t\t\t<p>F\u00fcr alle Sprachsch\u00fcler, die unabh\u00e4ngiger sein wollen und nicht in einer Wohngemeinschaft wohnen m\u00f6chten.<\/p><a href=\"https:\/\/intereuropa.es\/de\/unterkunfte\/eigenes-apartment\/\" class=\"sc_services_item_readmore\">Mehr erfahren<span class=\"icon-right\"><\/span><\/a>\t\t\t\t\t<\/div>\n\t\t\t\t<\/div>\n\t\t\t<\/div>\n\t\t<\/div><\/div><\/div><!-- \/.sc_services --><\/div><!-- \/.sc_services_wrap -->[\/vc_column][\/vc_row][vc_row parallax=&#8220;content-moving&#8220; parallax_image=&#8220;907&#8243;][vc_column width=&#8220;1\/2&#8243;]<div id=\"sc_call_to_action_1320558559\" class=\"sc_call_to_action sc_call_to_action_style_2 sc_call_to_action_align_center margin_top_small margin_bottom_small margin_left_small\" style=\"width:100%;\"><div class=\"sc_call_to_action_info\"><h4 class=\"sc_call_to_action_subtitle sc_item_subtitle\">Was m\u00fcssen Sie vor Ihrer Reise nach Valencia wissen?<\/h4><\/div><div class=\"sc_call_to_action_buttons sc_item_buttons\"><div class=\"sc_call_to_action_button sc_item_button\"><a href=\"http:\/\/intereuropa.es\/de\/nach-valencia-reisen\/\" class=\"sc_button sc_button_square sc_button_style_filled sc_button_size_large\">Mehr erfahren<\/a><\/div><\/div><\/div>[\/vc_column][vc_column width=&#8220;1\/2&#8243;][\/vc_column][\/vc_row]<\/p>\n<\/div>","protected":false},"excerpt":{"rendered":"<p>[vc_row][vc_column][vc_column_text css=&#8220;.vc_custom_1562071148158{margin-bottom: 40px !important;}&#8220;] Die Schule kann Ihnen f\u00fcr die Zeit Ihres Sprachkurses eine Unterkunft vermitteln. Intereuropa w\u00e4hlt nur Unterk\u00fcnfte mit guter Lage und Qualit\u00e4t aus. Wir haben verschiedene Arten von Unterk\u00fcnften: [\/vc_column_text][\/vc_column][\/vc_row][vc_row parallax=&#8220;content-moving&#8220; parallax_image=&#8220;907&#8243;][vc_column width=&#8220;1\/2&#8243;][\/vc_column][vc_column width=&#8220;1\/2&#8243;][\/vc_column][\/vc_row]<\/p>\n","protected":false},"author":12,"featured_media":0,"parent":0,"menu_order":0,"comment_status":"closed","ping_status":"closed","template":"","meta":{"_joinchat":[],"footnotes":""},"class_list":["post-6936","page","type-page","status-publish","hentry"],"_links":{"self":[{"href":"https:\/\/intereuropa.es\/de\/wp-json\/wp\/v2\/pages\/6936","targetHints":{"allow":["GET"]}}],"collection":[{"href":"https:\/\/intereuropa.es\/de\/wp-json\/wp\/v2\/pages"}],"about":[{"href":"https:\/\/intereuropa.es\/de\/wp-json\/wp\/v2\/types\/page"}],"author":[{"embeddable":true,"href":"https:\/\/intereuropa.es\/de\/wp-json\/wp\/v2\/users\/12"}],"replies":[{"embeddable":true,"href":"https:\/\/intereuropa.es\/de\/wp-json\/wp\/v2\/comments?post=6936"}],"version-history":[{"count":5,"href":"https:\/\/intereuropa.es\/de\/wp-json\/wp\/v2\/pages\/6936\/revisions"}],"predecessor-version":[{"id":8028,"href":"https:\/\/intereuropa.es\/de\/wp-json\/wp\/v2\/pages\/6936\/revisions\/8028"}],"wp:attachment":[{"href":"https:\/\/intereuropa.es\/de\/wp-json\/wp\/v2\/media?parent=6936"}],"curies":[{"name":"wp","href":"https:\/\/api.w.org\/{rel}","templated":true}]}}