{"id":6963,"date":"2018-02-12T12:27:45","date_gmt":"2018-02-12T12:27:45","guid":{"rendered":"http:\/\/intereuropa.es\/informacion-util\/"},"modified":"2025-12-09T10:38:06","modified_gmt":"2025-12-09T10:38:06","slug":"nuetzlichen-informationen","status":"publish","type":"page","link":"https:\/\/intereuropa.es\/de\/nuetzlichen-informationen\/","title":{"rendered":"N\u00fctzlichen Informationen"},"content":{"rendered":"<div class=\"wpb-content-wrapper\"><p>[vc_row inverse=&#8220;&#8220; css=&#8220;.vc_custom_1518438912643{margin-top: 50px !important;border-top-width: 0px !important;padding-top: 0px !important;}&#8220;][vc_column width=&#8220;1\/4&#8243; css=&#8220;.vc_custom_1516378517831{background-color: #f2f2f2 !important;}&#8220;]<div id=\"sc_blogger_671512730\" class=\"sc_list sc_list_style_iconed sc_blogger layout_list template_list listacursosesp margin_bottom_medium  sc_blogger_vertical no_description\"><h3 class=\"sc_blogger_title sc_item_title sc_item_title_without_descr\">Allgemeines Spanisch<\/h3><ul class=\"sc_list sc_list_style_iconed\"><li class=\"sc_blogger_item sc_list_item\"><a href=\"https:\/\/intereuropa.es\/de\/kurse\/intensivkurs-10\/\"><span class=\"sc_list_icon icon-book-open\"><\/span><span class=\"sc_list_title\">Intensivkurs 10<\/span><\/a><\/li><li class=\"sc_blogger_item sc_list_item\"><a href=\"https:\/\/intereuropa.es\/de\/kurse\/intensivkurs-20\/\"><span class=\"sc_list_icon icon-book-open\"><\/span><span class=\"sc_list_title\">Intensivkurs 20<\/span><\/a><\/li><li class=\"sc_blogger_item sc_list_item\"><a href=\"https:\/\/intereuropa.es\/de\/kurse\/intensivkurs-25\/\"><span class=\"sc_list_icon icon-book-open\"><\/span><span class=\"sc_list_title\">Intensivkurs 25<\/span><\/a><\/li><li class=\"sc_blogger_item sc_list_item\"><a href=\"https:\/\/intereuropa.es\/de\/kurse\/einzelunterricht\/\"><span class=\"sc_list_icon icon-book-open\"><\/span><span class=\"sc_list_title\">Einzelunterricht<\/span><\/a><\/li><li class=\"sc_blogger_item sc_list_item\"><a href=\"https:\/\/intereuropa.es\/de\/kurse\/konversationskurs\/\"><span class=\"sc_list_icon icon-book-open\"><\/span><span class=\"sc_list_title\">Konversationskurs<\/span><\/a><\/li><li class=\"sc_blogger_item sc_list_item\"><a href=\"https:\/\/intereuropa.es\/de\/kurse\/intensiver-dele-vorbereitungskurs\/\"><span class=\"sc_list_icon icon-book-open\"><\/span><span class=\"sc_list_title\">Intensiver DELE-Vorbereitungskurs<\/span><\/a><\/li><li class=\"sc_blogger_item sc_list_item\"><a href=\"https:\/\/intereuropa.es\/de\/kurse\/erweiterter-intensivkurs-zur-dele-vorbereitung\/\"><span class=\"sc_list_icon icon-book-open\"><\/span><span class=\"sc_list_title\">Erweiterter Intensivkurs zur DELE-Vorbereitung<\/span><\/a><\/li><li class=\"sc_blogger_item sc_list_item\"><a href=\"https:\/\/intereuropa.es\/de\/kurse\/extensivkurs\/\"><span class=\"sc_list_icon icon-book-open\"><\/span><span class=\"sc_list_title\">Extensivkurs<\/span><\/a><\/li><li class=\"sc_blogger_item sc_list_item\"><a href=\"https:\/\/intereuropa.es\/de\/kurse\/spanisch-kurse-online\/\"><span class=\"sc_list_icon icon-book-open\"><\/span><span class=\"sc_list_title\">Spanisch kurse online<\/span><\/a><\/li><li class=\"sc_blogger_item sc_list_item\"><a href=\"https:\/\/intereuropa.es\/de\/kurse\/kurse-fuer-spanischlehrer\/\"><span class=\"sc_list_icon icon-book-open\"><\/span><span class=\"sc_list_title\">Kurse f\u00fcr Spanischlehrer<\/span><\/a><\/li><li class=\"sc_blogger_item sc_list_item\"><a href=\"https:\/\/intereuropa.es\/de\/kurse\/programme-fuer-jugendliche\/\"><span class=\"sc_list_icon icon-book-open\"><\/span><span class=\"sc_list_title\">Programme f\u00fcr Jugendliche<\/span><\/a><\/li><li class=\"sc_blogger_item sc_list_item\"><a href=\"https:\/\/intereuropa.es\/de\/kurse\/kurse-fuer-gruppen\/\"><span class=\"sc_list_icon icon-book-open\"><\/span><span class=\"sc_list_title\">Kurse f\u00fcr Gruppen<\/span><\/a><\/li><\/ul><\/div>[\/vc_column][vc_column width=&#8220;3\/4&#8243;]<h4 class=\"sc_title sc_title_regular sc_align_left margin_top_null margin_bottom_small\" style=\"text-align:left;\">Intereuropa ist eine vom Cervantes-Institut anerkannte Bildungseinrichtung<\/h4><div class=\"sc_section margin_top_medium\"><div class=\"sc_section_inner\"><div class=\"sc_section_content_wrap\"><\/div><\/div><\/div>[vc_column_text]<\/p>\n<p>Wir bieten das ganze Jahr \u00fcber Kurse in verschiedenen Sprachstufen an \u2013 vom Anf\u00e4ngerkurs bis hin zum Kurs f\u00fcr Fortgeschrittene. Die Dauer der Kurse kann je nach Wunsch zwischen einer und sechsunddrei\u00dfig Wochen variieren.<\/p>\n<h5>Lehrer<\/h5>\n<p>Unsere qualifizierten und erfahrenen Lehrer sind junge Muttersprachler mit einem Abschluss der spanischen Sprachwissenschaften. Sie werden dich in den Kursen professionell begleiten und dich dabei unterst\u00fctzen, dich mit dem Leben und der spanischen Kultur vertraut zu machen.<\/p>\n<h5>Gruppen<\/h5>\n<p>Die Gruppen bestehen aus h\u00f6chstens 10 Sch\u00fclern, sodass unsere Lehrer jedem einzelnen Sch\u00fcler gen\u00fcgend Aufmerksamkeit schenken k\u00f6nnen. Dadurch kann der Lernfortschritt in der verf\u00fcgbaren Zeit maximiert werden. Die kulturelle Vielfalt unserer Sch\u00fcler tr\u00e4gt dazu bei, Diskussionen zwischen unseren internationalen Gruppen hervorzurufen.<\/p>\n<h5>Test<\/h5>\n<p>Alle Sch\u00fcler mit Vorkenntnissen werden vor Kursbeginn einen Einstufungstest absolvieren, um sie von Anfang an in den geeigneten Kurs einteilen zu k\u00f6nnen.<br \/>\nUnsere Kurse sind in folgende Niveaustufen aufgeteilt:<br \/>\nA1 &#8211; A2<br \/>\nB1 &#8211; B2<br \/>\nC1 &#8211; C2<br \/>\n<a href=\"http:\/\/intereuropa.es\/old\/docs\/content%20levels%20courses%20of%20spanish.pdf\"> Inhalt der Niveaustufen<\/a><\/p>\n<h5><img loading=\"lazy\" decoding=\"async\" class=\"alignnone size-full wp-image-4308\" src=\"http:\/\/intereuropa.es\/wp-content\/uploads\/2018\/02\/course_of_spanish.jpg\" alt=\"\" width=\"293\" height=\"167\" \/><\/h5>\n<h5><span class=\"titulopeq\">Lehrmethode<\/span><\/h5>\n<p>Die Lehrmethode beinhaltet die praktische Anwendung der Sprache in ihren vier wichtigsten Bereichen: H\u00f6rverst\u00e4ndnis, Konversation, Lesen und Schreiben. Das Programm beinhaltet Intensivkurse f\u00fcr Grammatik, Syntax und Wortschatz. Besondere Aufmerksamkeit gilt bei uns von Anfang an der Konversation, wodurch der Sprachausdruck und das Verst\u00e4ndigungsverm\u00f6gen der Sch\u00fcler verbessert wird.<\/p>\n<h5><span class=\"texto\"><span class=\"titulopeq\">Zertifikat<\/span><\/span><\/h5>\n<p>Alle unsere Sch\u00fcler erhalten am Ende ihres Kurses ein Teilnehmerzertifikat.<\/p>\n<h5><img loading=\"lazy\" decoding=\"async\" class=\"alignnone size-full wp-image-4309\" src=\"http:\/\/intereuropa.es\/wp-content\/uploads\/2018\/02\/diploma.jpg\" alt=\"\" width=\"147\" height=\"104\" \/><\/h5>\n<h5><span class=\"texto\"><span class=\"titulopeq\">B\u00fccher<\/span><\/span><\/h5>\n<p>Intereuropa benutzt schuleigene B\u00fccher, die von unseren Lehrkr\u00e4ften selbst mitgestaltet werden. Dieses Material wird durch aktuelle Texte sowie Filme und Lekt\u00fcren, die dem entsprechenden Niveau angepasst sind, erg\u00e4nzt.[\/vc_column_text][\/vc_column][\/vc_row]<\/p>\n<\/div>","protected":false},"excerpt":{"rendered":"<p>[vc_row inverse=&#8220;&#8220; css=&#8220;.vc_custom_1518438912643{margin-top: 50px !important;border-top-width: 0px !important;padding-top: 0px !important;}&#8220;][vc_column width=&#8220;1\/4&#8243; css=&#8220;.vc_custom_1516378517831{background-color: #f2f2f2 !important;}&#8220;][\/vc_column][vc_column width=&#8220;3\/4&#8243;][vc_column_text] Wir bieten das ganze Jahr \u00fcber Kurse in verschiedenen Sprachstufen an \u2013 vom Anf\u00e4ngerkurs bis hin zum Kurs f\u00fcr Fortgeschrittene. Die Dauer der Kurse kann je nach Wunsch zwischen einer und sechsunddrei\u00dfig Wochen variieren. Lehrer Unsere qualifizierten und erfahrenen Lehrer sind [&hellip;]<\/p>\n","protected":false},"author":12,"featured_media":0,"parent":0,"menu_order":0,"comment_status":"closed","ping_status":"closed","template":"","meta":{"_joinchat":[],"footnotes":""},"class_list":["post-6963","page","type-page","status-publish","hentry"],"_links":{"self":[{"href":"https:\/\/intereuropa.es\/de\/wp-json\/wp\/v2\/pages\/6963","targetHints":{"allow":["GET"]}}],"collection":[{"href":"https:\/\/intereuropa.es\/de\/wp-json\/wp\/v2\/pages"}],"about":[{"href":"https:\/\/intereuropa.es\/de\/wp-json\/wp\/v2\/types\/page"}],"author":[{"embeddable":true,"href":"https:\/\/intereuropa.es\/de\/wp-json\/wp\/v2\/users\/12"}],"replies":[{"embeddable":true,"href":"https:\/\/intereuropa.es\/de\/wp-json\/wp\/v2\/comments?post=6963"}],"version-history":[{"count":3,"href":"https:\/\/intereuropa.es\/de\/wp-json\/wp\/v2\/pages\/6963\/revisions"}],"predecessor-version":[{"id":20105,"href":"https:\/\/intereuropa.es\/de\/wp-json\/wp\/v2\/pages\/6963\/revisions\/20105"}],"wp:attachment":[{"href":"https:\/\/intereuropa.es\/de\/wp-json\/wp\/v2\/media?parent=6963"}],"curies":[{"name":"wp","href":"https:\/\/api.w.org\/{rel}","templated":true}]}}