{"id":6976,"date":"2016-10-05T15:22:34","date_gmt":"2016-10-05T15:22:34","guid":{"rendered":"http:\/\/intereuropa.es\/sobre-nosotros\/"},"modified":"2019-08-07T11:55:11","modified_gmt":"2019-08-07T11:55:11","slug":"ueber-uns","status":"publish","type":"page","link":"https:\/\/intereuropa.es\/de\/ueber-uns\/","title":{"rendered":"\u00dcber uns"},"content":{"rendered":"<div class=\"wpb-content-wrapper\"><p>[vc_row inverse=&#8220;&#8220; css=&#8220;.vc_custom_1517167135405{margin-top: 25px !important;border-top-width: 0px !important;padding-top: 0px !important;}&#8220;][vc_column css=&#8220;.vc_custom_1517167120998{margin-top: 25px !important;background-color: #f2f2f2 !important;}&#8220;]<h3 class=\"sc_title sc_title_regular sc_align_center margin_top_null margin_bottom_null\" style=\"text-align:center;\">Spanischkurse in Valencia:<br \/>\nSprachschule Intereuropa<\/h3>[vc_column_text]<\/p>\n<h5 style=\"margin-top: 17px; text-align: center;\">Warum Intereuropa?<\/h5>\n<p style=\"text-align: center;\">Die Sprachschule Intereuropa liegt im Herzen von Valencia, am Plaza del Ayuntamiento (Rathausplatz), nur wenige Minuten Fu\u00dfweg zu den exklusivsten und elegantesten Stadtvierteln, den angesehensten Gesch\u00e4ften und den meisten \u00f6ffentlichen Einrichtungen der Stadt.<\/p>\n<p style=\"text-align: center;\">Die Schule befindet sich im 1. Stock eines historischen Geb\u00e4udes und ist mit klimatisierten Klassenr\u00e4umen, einem Empfangsbereich, einem Lernraum, einer B\u00fccherei und einem Videoraum ausgestattet. Au\u00dferdem verf\u00fcgt die Sprachschule \u00fcber einen Aufenthaltsraum mit einem Getr\u00e4nke- und Kaffeeautomaten, in dem man sich mit den anderen Sprachsch\u00fclern w\u00e4hrend der Pausen gem\u00fctlich unterhalten kann.<\/p>\n<p style=\"text-align: center;\">Zus\u00e4tzlich bieten wir in unserer Sprachschule freien Internetzugang an.<\/p>\n<p style=\"text-align: center;\"><img loading=\"lazy\" decoding=\"async\" class=\"alignnone wp-image-824\" src=\"http:\/\/intereuropa.es\/wp-content\/uploads\/2016\/10\/institutocervantesred.png\" alt=\"\" width=\"123\" height=\"126\" \/><\/p>\n<p>[\/vc_column_text][vc_empty_space][vc_row_inner][vc_column_inner width=&#8220;1\/3&#8243;][\/vc_column_inner][vc_column_inner width=&#8220;1\/3&#8243;]<h3 class=\"sc_title sc_title_regular sc_align_center margin_top_null margin_bottom_null\" style=\"text-align:center;\">Unsere Schule<\/h3>[vc_images_carousel images=&#8220;4814,4813,4812,4811,4810,4809,4808,4807&#8243; img_size=&#8220;full&#8220; speed=&#8220;4000&#8243; autoplay=&#8220;yes&#8220; hide_pagination_control=&#8220;yes&#8220; hide_prev_next_buttons=&#8220;yes&#8220; wrap=&#8220;yes&#8220; css=&#8220;.vc_custom_1527672634652{margin-bottom: 15px !important;}&#8220;][\/vc_column_inner][vc_column_inner width=&#8220;1\/3&#8243;][\/vc_column_inner][\/vc_row_inner][\/vc_column][\/vc_row][vc_row full_width=&#8220;stretch_row&#8220; inverse=&#8220;&#8220; css=&#8220;.vc_custom_1517179952867{margin-top: 25px !important;}&#8220;][vc_column]<div id=\"sc_team_2039292768_wrap\" class=\"sc_team_wrap\"><div id=\"sc_team_2039292768\" class=\"sc_team sc_team_style_team-3  margin_bottom_small aligncenter\" style=\"width:100%;\"><h3 class=\"sc_team_title sc_item_title sc_item_title_without_descr\">Unsere Lehrer<\/h3><h5 class=\"sc_team_subtitle sc_item_subtitle\">Triff das Team<\/h5><div class=\"sc_columns columns_wrap\"><div class=\"column-1_6\">\t\t\t<div id=\"sc_team_2039292768_1\"\t\t\t\tclass=\"sc_team_item sc_team_item_1 odd first\"\n\t\t\t\t>\n\t\t\t\t<div class=\"sc_team_item_avatar\"><img loading=\"lazy\" decoding=\"async\" class=\"wp-post-image\" width=\"370\" height=\"370\" alt=\"Irene Sanchez\" src=\"https:\/\/intereuropa.es\/wp-content\/uploads\/2018\/11\/irene-370x370.jpg\">\t\t\t\t\t<div class=\"sc_team_item_hover\">\n\t\t\t\t\t\t<div class=\"sc_team_item_socials\"><\/div>\n\t\t\t\t\t<\/div>\n\t\t\t\t<\/div>\n\t\t\t\t<div class=\"sc_team_item_info\">\n\t\t\t\t\t<h4 class=\"sc_team_item_title\"><a href=\"https:\/\/intereuropa.es\/de\/mannschaft\/irene-sanchez\/\">Irene Sanchez<\/a><\/h4>\n\t\t\t\t\t<div class=\"sc_team_item_position\">Lehrerin<\/div>\n\t\t\t\t<\/div>\n\t\t\t<\/div>\n\t\t<\/div><div class=\"column-1_6\">\t\t\t<div id=\"sc_team_2039292768_2\"\t\t\t\tclass=\"sc_team_item sc_team_item_2 even\"\n\t\t\t\t>\n\t\t\t\t<div class=\"sc_team_item_avatar\"><img loading=\"lazy\" decoding=\"async\" class=\"wp-post-image\" width=\"370\" height=\"370\" alt=\"Vanesa Monreal\" src=\"https:\/\/intereuropa.es\/wp-content\/uploads\/2018\/11\/Vanesa-370x370.jpg\">\t\t\t\t\t<div class=\"sc_team_item_hover\">\n\t\t\t\t\t\t<div class=\"sc_team_item_socials\"><\/div>\n\t\t\t\t\t<\/div>\n\t\t\t\t<\/div>\n\t\t\t\t<div class=\"sc_team_item_info\">\n\t\t\t\t\t<h4 class=\"sc_team_item_title\"><a href=\"https:\/\/intereuropa.es\/de\/mannschaft\/vanesa-monreal\/\">Vanesa Monreal<\/a><\/h4>\n\t\t\t\t\t<div class=\"sc_team_item_position\">Verantwortlich f\u00fcr die Aktivit\u00e4ten<\/div>\n\t\t\t\t<\/div>\n\t\t\t<\/div>\n\t\t<\/div><div class=\"column-1_6\">\t\t\t<div id=\"sc_team_2039292768_3\"\t\t\t\tclass=\"sc_team_item sc_team_item_3 odd\"\n\t\t\t\t>\n\t\t\t\t<div class=\"sc_team_item_avatar\"><img loading=\"lazy\" decoding=\"async\" class=\"wp-post-image\" width=\"370\" height=\"370\" alt=\"Susana Monreal\" src=\"https:\/\/intereuropa.es\/wp-content\/uploads\/2018\/11\/IMG_20150917_132104-370x370.jpg\">\t\t\t\t\t<div class=\"sc_team_item_hover\">\n\t\t\t\t\t\t<div class=\"sc_team_item_socials\"><\/div>\n\t\t\t\t\t<\/div>\n\t\t\t\t<\/div>\n\t\t\t\t<div class=\"sc_team_item_info\">\n\t\t\t\t\t<h4 class=\"sc_team_item_title\"><a href=\"https:\/\/intereuropa.es\/de\/mannschaft\/susana-monreal\/\">Susana Monreal<\/a><\/h4>\n\t\t\t\t\t<div class=\"sc_team_item_position\">Lehrerin<\/div>\n\t\t\t\t<\/div>\n\t\t\t<\/div>\n\t\t<\/div><div class=\"column-1_6\">\t\t\t<div id=\"sc_team_2039292768_4\"\t\t\t\tclass=\"sc_team_item sc_team_item_4 even\"\n\t\t\t\t>\n\t\t\t\t<div class=\"sc_team_item_avatar\"><img loading=\"lazy\" decoding=\"async\" class=\"wp-post-image\" width=\"370\" height=\"370\" alt=\"To\u00f1i Fern\u00e1ndez\" src=\"https:\/\/intereuropa.es\/wp-content\/uploads\/2018\/11\/IMG_20150917_132119-370x370.jpg\">\t\t\t\t\t<div class=\"sc_team_item_hover\">\n\t\t\t\t\t\t<div class=\"sc_team_item_socials\"><\/div>\n\t\t\t\t\t<\/div>\n\t\t\t\t<\/div>\n\t\t\t\t<div class=\"sc_team_item_info\">\n\t\t\t\t\t<h4 class=\"sc_team_item_title\"><a href=\"https:\/\/intereuropa.es\/de\/mannschaft\/toni-fernandez\/\">To\u00f1i Fern\u00e1ndez<\/a><\/h4>\n\t\t\t\t\t<div class=\"sc_team_item_position\">Lehrerin<\/div>\n\t\t\t\t<\/div>\n\t\t\t<\/div>\n\t\t<\/div><div class=\"column-1_6\">\t\t\t<div id=\"sc_team_2039292768_5\"\t\t\t\tclass=\"sc_team_item sc_team_item_5 odd\"\n\t\t\t\t>\n\t\t\t\t<div class=\"sc_team_item_avatar\"><img loading=\"lazy\" decoding=\"async\" class=\"wp-post-image\" width=\"370\" height=\"370\" alt=\"Pio Darcangelo\" src=\"https:\/\/intereuropa.es\/wp-content\/uploads\/2016\/10\/pio-2-individual-classes-370x370.jpg\">\t\t\t\t\t<div class=\"sc_team_item_hover\">\n\t\t\t\t\t\t<div class=\"sc_team_item_socials\"><\/div>\n\t\t\t\t\t<\/div>\n\t\t\t\t<\/div>\n\t\t\t\t<div class=\"sc_team_item_info\">\n\t\t\t\t\t<h4 class=\"sc_team_item_title\"><a href=\"https:\/\/intereuropa.es\/de\/mannschaft\/piodarcangelo\/\">Pio Darcangelo<\/a><\/h4>\n\t\t\t\t\t<div class=\"sc_team_item_position\">Direktor<\/div>\n\t\t\t\t<\/div>\n\t\t\t<\/div>\n\t\t<\/div><div class=\"column-1_6\">\t\t\t<div id=\"sc_team_2039292768_6\"\t\t\t\tclass=\"sc_team_item sc_team_item_6 even\"\n\t\t\t\t>\n\t\t\t\t<div class=\"sc_team_item_avatar\"><img loading=\"lazy\" decoding=\"async\" class=\"wp-post-image\" width=\"370\" height=\"370\" alt=\"Carla Blasco\" src=\"https:\/\/intereuropa.es\/wp-content\/uploads\/2016\/10\/IMG_20150917_131954-370x370.jpg\">\t\t\t\t\t<div class=\"sc_team_item_hover\">\n\t\t\t\t\t\t<div class=\"sc_team_item_socials\"><\/div>\n\t\t\t\t\t<\/div>\n\t\t\t\t<\/div>\n\t\t\t\t<div class=\"sc_team_item_info\">\n\t\t\t\t\t<h4 class=\"sc_team_item_title\"><a href=\"https:\/\/intereuropa.es\/de\/mannschaft\/carla-blasco\/\">Carla Blasco<\/a><\/h4>\n\t\t\t\t\t<div class=\"sc_team_item_position\">Coordinator<\/div>\n\t\t\t\t<\/div>\n\t\t\t<\/div>\n\t\t<\/div><\/div><\/div><!-- \/.sc_team --><\/div><!-- \/.sc_team_wrap -->[\/vc_column][\/vc_row][vc_row inverse=&#8220;&#8220; css=&#8220;.vc_custom_1517167135405{margin-top: 25px !important;border-top-width: 0px !important;padding-top: 0px !important;}&#8220;][vc_column css=&#8220;.vc_custom_1517167120998{margin-top: 25px !important;background-color: #f2f2f2 !important;}&#8220;]<h3 class=\"sc_title sc_title_regular sc_align_center margin_top_null margin_bottom_tiny\" style=\"text-align:center;\"><\/p>\n<p style=\"text-align: center;\"><span lang=\"ru\">Lage<\/span><\/p>\n<p><\/h3><h5 class=\"sc_title sc_title_regular sc_align_center margin_top_null margin_bottom_small\" style=\"text-align:center;\"><span id=\"result_box\" class=\"short_text\" lang=\"de\" tabindex=\"-1\"><span class=\"\">Im Stadtzentrum von Valencia<\/span><\/span><\/h5>[vc_single_image image=&#8220;5035&#8243; img_size=&#8220;full&#8220; alignment=&#8220;center&#8220; css_animation=&#8220;fadeIn&#8220;]<div class=\"columns_wrap sc_columns columns_nofluid sc_columns_count_2\"><div class=\"column-1_2 sc_column_item sc_column_item_1 odd first\">[vc_column_text]<\/p>\n<p class=\"texto\" style=\"text-align: center;\" align=\"justify\"><strong><span class=\"titulopeq\">Vorteile der zentralen Lage:<\/span><\/strong><\/p>\n<p style=\"text-align: center;\">In der N\u00e4he liegt das Stadtviertel Carmen,<br \/>\ndas besonders f\u00fcr sein Nachtleben bekannt ist<br \/>\nTypische Bars und Restaurants in Reichweite<\/p>\n<p>[\/vc_column_text]<\/div><div class=\"column-1_2 sc_column_item sc_column_item_2 even\">[vc_column_text]<\/p>\n<p style=\"text-align: center;\">\u00a0<strong>In der N\u00e4he:<\/strong><\/p>\n<p style=\"text-align: center;\">Kathedrale<br \/>\nBahnhof<br \/>\nEinkaufsstra\u00dfen<br \/>\nHistorische Sehensw\u00fcrdigkeiten<\/p>\n<p>[\/vc_column_text]<\/div><\/div>[vc_empty_space][\/vc_column][\/vc_row][vc_row full_width=&#8220;stretch_row&#8220; css=&#8220;.vc_custom_1517179967648{margin-top: 25px !important;}&#8220;][vc_column]<h3 class=\"sc_title sc_title_regular sc_align_center margin_top_null margin_bottom_null\" style=\"text-align:center;\">Unsere Sch\u00fcler<\/h3><h5 class=\"sc_title sc_title_regular sc_align_center margin_top_null margin_bottom_small\" style=\"text-align:center;\"><span id=\"result_box\" class=\"short_text\" lang=\"de\" tabindex=\"-1\"><span class=\"\">Wer sind Sie?<\/span><\/span><\/h5><div class=\"columns_wrap sc_columns columns_nofluid sc_columns_count_2\"><div class=\"column-1_2 sc_column_item sc_column_item_1 odd first\" style=\"padding-left:50px; padding-right:50px;text-align:left;\">[vc_round_chart style=&#8220;modern&#8220; stroke_width=&#8220;1&#8243; tooltips=&#8220;&#8220; values=&#8220;%5B%7B%22title%22%3A%22Frankreich%22%2C%22value%22%3A%2218%22%2C%22color%22%3A%22pink%22%7D%2C%7B%22title%22%3A%22Italien%22%2C%22value%22%3A%2218%22%2C%22color%22%3A%22turquoise%22%2C%22custom_color%22%3A%22%23f4524d%22%7D%2C%7B%22title%22%3A%22Vereinigtes%20K%C3%B6nigreich%22%2C%22value%22%3A%2215%22%2C%22color%22%3A%22blue%22%7D%2C%7B%22title%22%3A%22%C3%96sterreich%22%2C%22value%22%3A%2217%22%2C%22color%22%3A%22peacoc%22%2C%22custom_color%22%3A%22%23b97ebb%22%7D%2C%7B%22title%22%3A%22Deutschland%22%2C%22value%22%3A%2214%22%2C%22color%22%3A%22sandy-brown%22%2C%22custom_color%22%3A%22%23f79468%22%7D%2C%7B%22title%22%3A%22USA%22%2C%22value%22%3A%228%22%2C%22color%22%3A%22orange%22%2C%22custom_color%22%3A%22%23ebebeb%22%7D%2C%7B%22title%22%3A%22Russland%22%2C%22value%22%3A%228%22%2C%22color%22%3A%22green%22%2C%22custom_color%22%3A%22%23ebebeb%22%7D%2C%7B%22title%22%3A%22Skandinavien%22%2C%22value%22%3A%2210%22%2C%22color%22%3A%22mulled-wine%22%2C%22custom_color%22%3A%22%23ebebeb%22%7D%2C%7B%22title%22%3A%22Asien%22%2C%22value%22%3A%223%22%2C%22color%22%3A%22black%22%2C%22custom_color%22%3A%22%23ebebeb%22%7D%5D&#8220; title=&#8220;Nationalit\u00e4ten&#8220;][vc_progress_bar values=&#8220;%5B%7B%22label%22%3A%22Zur%20Verbesserung%20der%20Sprachf%C3%A4higkeiten%2C%20die%20bereits%20im%20Herkunftsland%20erworben%20wurden%22%2C%22value%22%3A%2290%22%2C%22color%22%3A%22bar_red%22%7D%2C%7B%22label%22%3A%22Zur%20Aufwertung%20des%20Lebenslaufes%22%2C%22value%22%3A%2280%22%2C%22color%22%3A%22turquoise%22%7D%2C%7B%22label%22%3A%22Arbeit%3A%20Zum%20Aufstieg%20im%20Berufsleben%22%2C%22value%22%3A%2270%22%2C%22color%22%3A%22bar_orange%22%7D%2C%7B%22label%22%3A%22Zum%20Reisen%22%2C%22value%22%3A%2240%22%2C%22color%22%3A%22bar_green%22%7D%5D&#8220; options=&#8220;animated&#8220; title=&#8220;Ziel&#8220;]<\/div><div class=\"column-1_2 sc_column_item sc_column_item_2 even\" style=\"padding-left:50px; padding-right:50px;\">[vc_progress_bar values=&#8220;%5B%7B%22label%22%3A%2218-25%22%2C%22value%22%3A%2290%22%2C%22color%22%3A%22bar_red%22%7D%2C%7B%22label%22%3A%2225-30%22%2C%22value%22%3A%2280%22%2C%22color%22%3A%22turquoise%22%7D%2C%7B%22label%22%3A%22%3E30%22%2C%22value%22%3A%2270%22%2C%22color%22%3A%22bar_orange%22%7D%5D&#8220; options=&#8220;animated&#8220; title=&#8220;Alter&#8220;][vc_round_chart type=&#8220;doughnut&#8220; style=&#8220;modern&#8220; stroke_width=&#8220;2&#8243; tooltips=&#8220;&#8220; values=&#8220;%5B%7B%22title%22%3A%22Bis%20zu%201%20Monat%22%2C%22value%22%3A%2260%22%2C%22color%22%3A%22blue%22%7D%2C%7B%22title%22%3A%22Zwischen%201%20und%203%20Monaten%22%2C%22value%22%3A%2240%22%2C%22color%22%3A%22pink%22%7D%2C%7B%22title%22%3A%22Mehr%20als%203%20Monate%22%2C%22value%22%3A%2220%22%2C%22color%22%3A%22turquoise%22%2C%22custom_color%22%3A%22%23f4524d%22%7D%5D&#8220; title=&#8220;Dauer des Spanischkurses&#8220;]<\/div><\/div>[\/vc_column][\/vc_row][vc_row inverse=&#8220;&#8220; css=&#8220;.vc_custom_1517167135405{margin-top: 25px !important;border-top-width: 0px !important;padding-top: 0px !important;}&#8220;][vc_column css=&#8220;.vc_custom_1517167120998{margin-top: 25px !important;background-color: #f2f2f2 !important;}&#8220;]<h3 class=\"sc_title sc_title_regular sc_align_center margin_top_null margin_bottom_tiny\" style=\"text-align:center;\"><span id=\"result_box\" class=\"short_text\" lang=\"de\" tabindex=\"-1\"><span class=\"\">Freizeitaktivit\u00e4ten<\/span><\/span><\/h3><h5 class=\"sc_title sc_title_regular sc_align_center margin_top_null margin_bottom_small\" style=\"text-align:center;\">Machen Sie das beste aus Ihrer Zeit in Valencia<\/h5>[vc_column_text]<\/p>\n<p style=\"text-align: center;\">Uns ist es sehr wichtig, dass die Sch\u00fcler hier nicht nur ihre Sprachkenntnisse verbessern, sondern auch einen Einblick in die spanische Kultur gewinnen.<br \/>\nDeswegen hat unser Personal ein vielf\u00e4ltiges Programm mit Freizeitaktivit\u00e4ten entworfen, bei dem f\u00fcr jeden Geschmack und jedes Alter etwas dabei ist.<\/p>\n<p style=\"text-align: center;\">Stadttouren durch das historische Zentrum<br \/>\nKulturelles Quiz<br \/>\nBesuche lokaler Museen<br \/>\nBesuch der Ciudad de las Artes y de las Ciencias<br \/>\nFlamenco-Nacht<br \/>\nKulturelle Besichtigungen<br \/>\nAusfl\u00fcge<br \/>\nSportliche Aktivit\u00e4ten<br \/>\nKoch-Workshops<br \/>\nGemeinsame Abendessen<\/p>\n<p>[\/vc_column_text][vc_empty_space][vc_media_grid element_width=&#8220;3&#8243; gap=&#8220;10&#8243; item=&#8220;masonryMedia_BorderedScale&#8220; grid_id=&#8220;vc_gid:1565178876229-d949fc7e-21a6-2&#8243; include=&#8220;1071,1073,1072,1075,1076,1077,1078,1100,1082,1081,1080,1079&#8243;][vc_empty_space][\/vc_column][\/vc_row][vc_row full_width=&#8220;stretch_row_content_no_spaces&#8220; inverse=&#8220;&#8220;][vc_column]<div id=\"sc_clients_1782240589_wrap\" class=\"sc_clients_wrap\"><div id=\"sc_clients_1782240589\" class=\"sc_clients sc_clients_style_clients-1  margin_top_medium margin_bottom_medium\" style=\"width:100%;\"><div class=\"sc_columns columns_wrap\"><div class=\"column-1_4 column_padding_bottom\">\t\t\t<div id=\"sc_clients_1782240589_1\" class=\"sc_clients_item sc_clients_item_1 odd first\">\n\t\t\t\t\t\t\t\t<div class=\"sc_client_image\"><img decoding=\"async\" class=\"wp-post-image\" alt=\"Cervantes\" src=\"https:\/\/intereuropa.es\/wp-content\/uploads\/2016\/10\/institutocervantesred.png\"><\/div>\n\t\t\t\t\t\t\t<\/div>\n\t\t<\/div><div class=\"column-1_4 column_padding_bottom\">\t\t\t<div id=\"sc_clients_1782240589_2\" class=\"sc_clients_item sc_clients_item_2 even\">\n\t\t\t\t\t\t\t\t<div class=\"sc_client_image\"><img decoding=\"async\" class=\"wp-post-image\" alt=\"Siele\" src=\"https:\/\/intereuropa.es\/wp-content\/uploads\/2018\/07\/SIELE.jpg\"><\/div>\n\t\t\t\t\t\t\t<\/div>\n\t\t<\/div><div class=\"column-1_4 column_padding_bottom\">\t\t\t<div id=\"sc_clients_1782240589_3\" class=\"sc_clients_item sc_clients_item_3 odd\">\n\t\t\t\t\t\t\t\t<div class=\"sc_client_image\"><img decoding=\"async\" class=\"wp-post-image\" alt=\"fedele\" src=\"https:\/\/intereuropa.es\/wp-content\/uploads\/2016\/10\/fedele.jpg\"><\/div>\n\t\t\t\t\t\t\t<\/div>\n\t\t<\/div><div class=\"column-1_4 column_padding_bottom\">\t\t\t<div id=\"sc_clients_1782240589_4\" class=\"sc_clients_item sc_clients_item_4 even\">\n\t\t\t\t\t\t\t\t<div class=\"sc_client_image\"><img decoding=\"async\" class=\"wp-post-image\" alt=\"Bildungsurlaub\" src=\"https:\/\/intereuropa.es\/wp-content\/uploads\/2016\/10\/bildung.jpg\"><\/div>\n\t\t\t\t\t\t\t<\/div>\n\t\t<\/div><\/div><\/div><!-- \/.sc_clients --><\/div><!-- \/.sc_clients_wrap -->[\/vc_column][\/vc_row][vc_row full_width=&#8220;stretch_row_content_no_spaces&#8220; inverse=&#8220;&#8220; css=&#8220;.vc_custom_1516213803896{background-color: #3e3c36 !important;}&#8220;][vc_column]<div class=\"sc_section margin_top_null margin_right_null margin_bottom_null margin_left_null section_style_call_section\" data-animation=\"animated fadeIn normal\" style=\"background-image:url(https:\/\/intereuropa.es\/wp-content\/uploads\/2018\/01\/portada2.jpg);background-repeat:no-repeat;background-size:cover;\"><div class=\"sc_section_inner\"><div class=\"sc_section_overlay\" style=\"\"><div class=\"sc_section_content padding_on\" style=\"\"><h3 class=\"sc_section_title sc_item_title sc_item_title_without_descr\">N\u00fctzliche Informationen<\/h3><h5 class=\"sc_section_subtitle sc_item_subtitle\">f\u00fcr internationale Studenten<\/h5><div class=\"sc_section_content_wrap\"><\/div><div class=\"sc_section_button sc_item_button\"><a href=\"http:\/\/intereuropa.es\/de\/nuetzlichen-informationen\/\" class=\"sc_button sc_button_square sc_button_style_filled sc_button_size_large\">Mehr erfahren<\/a><\/div><\/div><\/div><\/div><\/div>[\/vc_column][\/vc_row]<\/p>\n<\/div>","protected":false},"excerpt":{"rendered":"<p>[vc_row inverse=&#8220;&#8220; css=&#8220;.vc_custom_1517167135405{margin-top: 25px !important;border-top-width: 0px !important;padding-top: 0px !important;}&#8220;][vc_column css=&#8220;.vc_custom_1517167120998{margin-top: 25px !important;background-color: #f2f2f2 !important;}&#8220;][vc_column_text] Warum Intereuropa? Die Sprachschule Intereuropa liegt im Herzen von Valencia, am Plaza del Ayuntamiento (Rathausplatz), nur wenige Minuten Fu\u00dfweg zu den exklusivsten und elegantesten Stadtvierteln, den angesehensten Gesch\u00e4ften und den meisten \u00f6ffentlichen Einrichtungen der Stadt. Die Schule befindet sich im 1. [&hellip;]<\/p>\n","protected":false},"author":12,"featured_media":0,"parent":0,"menu_order":0,"comment_status":"closed","ping_status":"closed","template":"","meta":{"_joinchat":[],"footnotes":""},"class_list":["post-6976","page","type-page","status-publish","hentry"],"_links":{"self":[{"href":"https:\/\/intereuropa.es\/de\/wp-json\/wp\/v2\/pages\/6976","targetHints":{"allow":["GET"]}}],"collection":[{"href":"https:\/\/intereuropa.es\/de\/wp-json\/wp\/v2\/pages"}],"about":[{"href":"https:\/\/intereuropa.es\/de\/wp-json\/wp\/v2\/types\/page"}],"author":[{"embeddable":true,"href":"https:\/\/intereuropa.es\/de\/wp-json\/wp\/v2\/users\/12"}],"replies":[{"embeddable":true,"href":"https:\/\/intereuropa.es\/de\/wp-json\/wp\/v2\/comments?post=6976"}],"version-history":[{"count":5,"href":"https:\/\/intereuropa.es\/de\/wp-json\/wp\/v2\/pages\/6976\/revisions"}],"predecessor-version":[{"id":8585,"href":"https:\/\/intereuropa.es\/de\/wp-json\/wp\/v2\/pages\/6976\/revisions\/8585"}],"wp:attachment":[{"href":"https:\/\/intereuropa.es\/de\/wp-json\/wp\/v2\/media?parent=6976"}],"curies":[{"name":"wp","href":"https:\/\/api.w.org\/{rel}","templated":true}]}}