{"id":6991,"date":"2018-02-09T12:25:31","date_gmt":"2018-02-09T12:25:31","guid":{"rendered":"http:\/\/intereuropa.es\/terminos-y-condiciones\/"},"modified":"2026-02-20T10:47:01","modified_gmt":"2026-02-20T10:47:01","slug":"nutzungsbedingungen","status":"publish","type":"page","link":"https:\/\/intereuropa.es\/de\/nutzungsbedingungen\/","title":{"rendered":"Nutzungsbedingungen"},"content":{"rendered":"<div class=\"wpb-content-wrapper\"><p>[vc_row][vc_column][vc_column_text]<\/p>\n<h4><span style=\"color: #ff0000;\">Allgemeine Bedingungen<\/span><\/h4>\n<hr style=\"background: #ff0000; border-color: #ff0000;\" \/>\n<h5><span style=\"color: #ff0000;\">Stornierungen und R\u00fcckerstattungen<\/span><\/h5>\n<p><strong>Stornierungen bis zu 30 Tage vor Programmbeginn.<br \/>\n<\/strong>Die Schule erhebt folgende Geb\u00fchren:<\/p>\n<ul>\n<li>25 % des gesamten Kurspreises.<br \/>\nDieser Betrag verf\u00e4llt nicht; er bleibt dem Studenten im laufenden Jahr als Guthaben erhalten, um innerhalb desselben Jahres ein anderes Programm zu buchen. Nach Ablauf dieses Zeitraums verf\u00e4llt der Betrag, wenn kein Kurs besucht wurde.<\/li>\n<li>100 % der Unterkunftskosten bei einer Buchung von 1 oder 2 Wochen.<\/li>\n<li>Bei einer Unterkunftsbuchung von 3 oder mehr Wochen betr\u00e4gt die Stornogeb\u00fchr 2 Wochen.<\/li>\n<\/ul>\n<p><strong>Stornierungen 29 bis 15 Tage vor Programmbeginn.<br \/>\n<\/strong>Die Schule erhebt folgende Geb\u00fchren:<\/p>\n<ul>\n<li>50 % des gesamten Kurspreises.<br \/>\nDieser Betrag verf\u00e4llt nicht; er bleibt dem Studenten im laufenden Jahr als Guthaben erhalten, um innerhalb desselben Jahres ein anderes Programm zu buchen. Nach Ablauf dieses Zeitraums verf\u00e4llt der Betrag, wenn kein Kurs besucht wurde.<\/li>\n<li>100 % der Unterkunftskosten bei einer Buchung von 1 oder 2 Wochen.<\/li>\n<li>Bei einer Unterkunftsbuchung von 3 oder mehr Wochen betr\u00e4gt die Stornogeb\u00fchr 3 Wochen.<\/li>\n<\/ul>\n<p><strong>Stornierungen weniger als 15 Tage vor Programmbeginn.<br \/>\n<\/strong>Die Schule erhebt folgende Geb\u00fchren:<\/p>\n<ul>\n<li>75 % des gesamten Kurspreises.<br \/>\nDieser Betrag verf\u00e4llt nicht; er bleibt dem Studenten im laufenden Jahr als Guthaben erhalten, um innerhalb desselben Jahres ein anderes Programm zu buchen. Nach Ablauf dieses Zeitraums verf\u00e4llt der Betrag, wenn kein Kurs besucht wurde.<\/li>\n<li>100 % der Unterkunftskosten bei einer Buchung von 1 oder 2 Wochen.<\/li>\n<li>Bei einer Unterkunftsbuchung von 3 oder mehr Wochen betr\u00e4gt die Stornogeb\u00fchr 3 Wochen.<\/li>\n<li>Bei einer Unterkunftsbuchung von 4 oder mehr Wochen betr\u00e4gt die Stornogeb\u00fchr 4 Wochen.<\/li>\n<\/ul>\n<p>Nach Beginn des Programms erfolgt in keinem Fall eine R\u00fcckerstattung der Kurs- oder Unterkunftskosten.<br \/>\nKrankheitsf\u00e4lle des Studenten oder eines nahen Familienangeh\u00f6rigen, die durch ein \u00e4rztliches Attest nachgewiesen werden, werden jedoch als Sonderf\u00e4lle ber\u00fccksichtigt.<\/p>\n<p style=\"color: #ff0000; font-variant: small-caps;\">\u00c4nderung der Daten<\/p>\n<p>Bei \u00c4nderung der Buchung (mindestens 15 Tage vorher) wie des Ankunftstages, der Unterkunft, etc., kommen Kosten in H\u00f6he von 50 \u20ac f\u00fcr den Sch\u00fcler zustande. Eine m\u00f6gliche \u00c4nderung h\u00e4ngt von der Verf\u00fcgbarkeit ab. Alle Verschiebungen m\u00fcssen mindestens 15 Tage vor Kursbeginn erfolgen. Das Aufschiebungsdatum z\u00e4hlt, sobald die Schule schriftlich benachrichtigt wird. Die Sch\u00fcler haben 3 Monate Zeit, um den neuen Kurs zu arrangieren. Alle neu vereinbarten Termine unterliegen der Verf\u00fcgbarkeit. Ein Kurs kann nur einmal neu arrangiert werden.<\/p>\n<p style=\"color: #ff0000; font-variant: small-caps;\">Feiertage<\/p>\n<p>Die Schule ist sowohl an nationalen als auch regionalen Feiertagen geschlossen.<\/p>\n<p style=\"color: #ff0000; font-variant: small-caps;\">B\u00fccher<\/p>\n<p>Die Einschreibungsgeb\u00fchr beinhaltet das erste Sch\u00fclerbuch. Bei Wechsel des Sprachniveaus kann der Sch\u00fcler entweder ein Buch ausleihen (Kaution von 5 \u20ac) oder f\u00fcr 6 \u20ac kaufen.<\/p>\n<p style=\"color: #ff0000; font-variant: small-caps;\">Fehltage<\/p>\n<p>Verlorene Unterrichtsstunden aufgrund von Fehltagen k\u00f6nnen nicht nachgeholt werden.<\/p>\n<p style=\"color: #ff0000; font-variant: small-caps;\">Mindestzahl von Sch\u00fclern<\/p>\n<p>Gesetzt dem Fall, dass sich die Zahl der Sch\u00fcler auf 1 reduziert, k\u00f6nnen die Unterrichtsstunden um bis zu 50% verk\u00fcrzt werden. Intereuropa beh\u00e4lt sich das Recht vor, Kurse, die weniger Reservierungen erhalten als notwendig, zu stornieren. In diesem Fall w\u00fcrde man dem Sch\u00fcler die vollst\u00e4ndige Geldsumme zur\u00fcckerstatten.<\/p>\n<p style=\"color: #ff0000; font-variant: small-caps;\">Unterkunft<\/p>\n<p>Sofern keine zus\u00e4tzlichen Tage bezahlt werden, wird die Unterkunft f\u00fcr den Sonntag vor Kursbeginn bis zum Samstag nach Kursende (12:00h) reserviert. Falls die Unterkunft eigenwillig verlassen wird wird es keine R\u00fcckerstattung geben. Bei sp\u00e4ten Ank\u00fcnften (nach 22.00h) wird es n\u00f6tig sein, unseren Taxi-Service in Anspruch zu nehmen.<\/p>\n<p style=\"color: #ff0000; font-variant: small-caps;\">Kaution<\/p>\n<p>Es wird eine Kaution in H\u00f6he von 50\u20ac fur die Unterkunft in einer Wohngemeinschaft gefordert.<\/p>\n<p style=\"color: #ff0000; font-variant: small-caps;\">Zertifikat<\/p>\n<p>Bei Beendigung des Kurses erhalten die Sch\u00fcler (mindestens 80% der Kurse m\u00fcssen besucht worden sein) ein Teilnahmezertifikat.<\/p>\n<p style=\"color: #ff0000; font-variant: small-caps;\">Ausschl\u00fcsse<\/p>\n<p>Intereuropa beh\u00e4lt sich das Recht vor, Sch\u00fcler aufgrund von schlechtem Benehmen aus dem Kurs bzw. der Unterkunft auszuschlie\u00dfen. In diesem Fall wird keine R\u00fcckerstattung vorgenommen.<\/p>\n<h4><\/h4>\n<p>&nbsp;<\/p>\n<h4><span style=\"color: #ff0000;\"><em>POL\u00cdTICA DE PRIVACIDAD<\/em><br \/>\n<\/span><\/h4>\n<hr style=\"background: #ff0000; border-color: #ff0000;\" \/>\n<h5><em><span style=\"color: #ff0000;\">CL\u00c1USULA INFORMATIVA<br \/>\n<\/span><\/em><\/h5>\n<p><em>La privacidad es de gran importancia para INTEREUROPA ESPA\u00d1OL PARA EXTRANJEROS SL y queremos mantener una actitud abierta y transparente al tratar sus datos personales. Por lo tanto, disponemos de una pol\u00edtica que establece c\u00f3mo se tratan y protegen sus datos personales.<\/em><\/p>\n<p style=\"color: #ff0000; font-variant: small-caps;\"><em>\u00bfQui\u00e9n es el responsable del tratamiento de sus datos?<\/em><\/p>\n<p><em>INTEREUROPA ESPA\u00d1OL PARA EXTRANJEROS SL | CIF: B96758552 | Dir.Postal: VALENCIA (VALENCIA), C.P. 46002, PLAZA AYUNTAMIENTO N\u00ba 5, PLANTA 1, PUERTA 1 | E-mail:info@intereuropa.es<\/em><\/p>\n<p style=\"color: #ff0000; font-variant: small-caps;\"><em>\u00bfCon qu\u00e9 finalidad tratamos sus datos personales?<\/em><\/p>\n<p><em>En INTEREUROPA ESPA\u00d1OL PARA EXTRANJEROS SL tratamos la informaci\u00f3n que nos facilitan las personas interesadas con el fin de realizar la gesti\u00f3n administrativa, contable y fiscal de los servicios solicitados, as\u00ed como enviar comunicaciones comerciales sobre nuestros productos y servicios, para cuyo consentimiento usted haya prestado.<\/em><\/p>\n<p style=\"color: #ff0000; font-variant: small-caps;\"><em>\u00bfPor cu\u00e1nto tiempo conservaremos sus datos?<\/em><\/p>\n<p><em>Los datos se conservar\u00e1n mientras se mantenga la relaci\u00f3n comercial, y en su caso, durante los a\u00f1os necesarios para cumplir con las obligaciones legales que resulte de aplicaci\u00f3n.<\/em><\/p>\n<p style=\"color: #ff0000; font-variant: small-caps;\"><em>\u00bfCu\u00e1l es la legitimaci\u00f3n para el tratamiento de sus datos?<\/em><\/p>\n<p><em>Le indicamos la base legal para el tratamiento de sus datos:<\/em><br \/>\n<em> &#8211; Ejecuci\u00f3n de un contrato: Prestaci\u00f3n de los servicios solicitados<\/em><br \/>\n<em> &#8211; Consentimiento del interesado: Env\u00edo de comunicaciones comerciales.<\/em><\/p>\n<p style=\"color: #ff0000; font-variant: small-caps;\"><em>\u00bfA qu\u00e9 destinatarios se comunicar\u00e1n sus datos?<\/em><\/p>\n<p><em>\u00danicamente se ceder\u00e1n sus datos a los terceros para los cuales hemos recabado debidamente su consentimiento, as\u00ed como para dar cumplimiento a las obligaciones legales.<\/em><br \/>\n<em> Transferencias de datos a terceros pa\u00edses<\/em><br \/>\n<em> Se realizar\u00e1n transferencias de datos a terceros pa\u00edses para los cuales se la ha recabado debidamente su consentimiento.<\/em><\/p>\n<p style=\"color: #ff0000; font-variant: small-caps;\"><em>\u00bfCu\u00e1les son sus derechos cuando nos facilita sus datos?<\/em><\/p>\n<p><em>Cualquier persona tiene derecho a obtener confirmaci\u00f3n sobre si en INTEREUROPA ESPA\u00d1OL PARA EXTRANJEROS SL estamos tratando datos personales que les conciernan, o no.<\/em><br \/>\n<em> Las personas interesadas tienen derecho a acceder a sus datos personales, as\u00ed como a solicitar la rectificaci\u00f3n de los datos inexactos o, en su caso, solicitar su supresi\u00f3n cuando, entre otros motivos, los datos ya no sea necesarios para los fines que fueron recogidos.<\/em><br \/>\n<em> En determinadas circunstancias, los interesados podr\u00e1n solicitar la limitaci\u00f3n del tratamiento de sus datos, en cuyo caso \u00fanicamente los conservaremos para el ejercicio o la defensa de reclamaciones.<\/em><br \/>\n<em> En determinadas circunstancias y por motivos relacionados con su situaci\u00f3n particular, los interesados podr\u00e1n oponerse al tratamiento de sus datos.<\/em><br \/>\n<em> En este caso, INTEREUROPA ESPA\u00d1OL PARA EXTRANJEROS SL dejar\u00e1 de tratar los datos, salvo por motivos leg\u00edtimos imperiosos, o el ejercicio o la defensa de posibles reclamaciones.<\/em><br \/>\n<em> Podr\u00e1 ejercitar materialmente sus derechos de la siguiente forma: dirigi\u00e9ndose a la direcci\u00f3n de correo electr\u00f3nico del responsable del tratamiento rese\u00f1ado anteriormente adjuntando copia de su DNI o documento de identidad.<\/em><br \/>\n<em> Si ha otorgado su consentimiento para alguna finalidad concreta, tiene derecho a retirar el consentimiento otorgado en cualquier momento, sin que ello afecte a la licitud del tratamiento basado en el consentimiento previo a su retirada.<\/em><br \/>\n<em> En caso de que sienta vulnerados sus derechos en lo concerniente a la protecci\u00f3n de sus datos personales, especialmente cuando no haya obtenido satisfacci\u00f3n en el ejercicio de sus derechos, puede presentar una reclamaci\u00f3n ante la Autoridad de Control en materia de Protecci\u00f3n de Datos competente a trav\u00e9s de su sitio web: www.agpd.es.<\/em><\/p>\n<p style=\"color: #ff0000; font-variant: small-caps;\"><em>\u00bfC\u00f3mo hemos obtenido sus datos?<\/em><\/p>\n<p><em>Los datos personales que tratamos en INTEREUROPA ESPA\u00d1OL PARA EXTRANJEROS SL han sido directamente proporcionados por el interesado.<\/em><br \/>\n<em> Las categor\u00edas de datos que se tratan son:<\/em><br \/>\n<em> &#8211; Datos identificativos<\/em><br \/>\n<em> &#8211; Direcciones postales y electr\u00f3nicas<\/em><br \/>\n<em> &#8211; Informaci\u00f3n comercial.<\/em><\/p>\n<h4><\/h4>\n<p>[\/vc_column_text][\/vc_column][\/vc_row]<\/p>\n<\/div>","protected":false},"excerpt":{"rendered":"<p>[vc_row][vc_column][vc_column_text] Allgemeine Bedingungen Stornierungen und R\u00fcckerstattungen Stornierungen bis zu 30 Tage vor Programmbeginn. Die Schule erhebt folgende Geb\u00fchren: 25 % des gesamten Kurspreises. Dieser Betrag verf\u00e4llt nicht; er bleibt dem Studenten im laufenden Jahr als Guthaben erhalten, um innerhalb desselben Jahres ein anderes Programm zu buchen. Nach Ablauf dieses Zeitraums verf\u00e4llt der Betrag, wenn kein [&hellip;]<\/p>\n","protected":false},"author":12,"featured_media":6992,"parent":0,"menu_order":0,"comment_status":"closed","ping_status":"closed","template":"","meta":{"_joinchat":[],"footnotes":""},"class_list":["post-6991","page","type-page","status-publish","has-post-thumbnail","hentry"],"_links":{"self":[{"href":"https:\/\/intereuropa.es\/de\/wp-json\/wp\/v2\/pages\/6991","targetHints":{"allow":["GET"]}}],"collection":[{"href":"https:\/\/intereuropa.es\/de\/wp-json\/wp\/v2\/pages"}],"about":[{"href":"https:\/\/intereuropa.es\/de\/wp-json\/wp\/v2\/types\/page"}],"author":[{"embeddable":true,"href":"https:\/\/intereuropa.es\/de\/wp-json\/wp\/v2\/users\/12"}],"replies":[{"embeddable":true,"href":"https:\/\/intereuropa.es\/de\/wp-json\/wp\/v2\/comments?post=6991"}],"version-history":[{"count":4,"href":"https:\/\/intereuropa.es\/de\/wp-json\/wp\/v2\/pages\/6991\/revisions"}],"predecessor-version":[{"id":22181,"href":"https:\/\/intereuropa.es\/de\/wp-json\/wp\/v2\/pages\/6991\/revisions\/22181"}],"wp:featuredmedia":[{"embeddable":true,"href":"https:\/\/intereuropa.es\/de\/wp-json\/wp\/v2\/media\/6992"}],"wp:attachment":[{"href":"https:\/\/intereuropa.es\/de\/wp-json\/wp\/v2\/media?parent=6991"}],"curies":[{"name":"wp","href":"https:\/\/api.w.org\/{rel}","templated":true}]}}