{"id":7000,"date":"2018-01-16T17:58:42","date_gmt":"2018-01-16T17:58:42","guid":{"rendered":"http:\/\/intereuropa.es\/valencia\/"},"modified":"2019-08-01T21:07:33","modified_gmt":"2019-08-01T21:07:33","slug":"valencia-de","status":"publish","type":"page","link":"https:\/\/intereuropa.es\/de\/valencia-de\/","title":{"rendered":"Valencia"},"content":{"rendered":"<div class=\"wpb-content-wrapper\"><p>[vc_row][vc_column]<div class=\"columns_wrap sc_columns columns_nofluid sc_columns_count_2\"><div class=\"column-1_2 sc_column_item sc_column_item_1 odd first\">[vc_gallery interval=&#8220;3&#8243; images=&#8220;1122,1123,1121,1115&#8243; img_size=&#8220;full&#8220; onclick=&#8220;&#8220; el_id=&#8220;valenciagaleriauna&#8220; el_class=&#8220;valenciagaleria&#8220;]<\/div><div class=\"column-1_2 sc_column_item sc_column_item_2 even\">[vc_column_text]<\/p>\n<h4 style=\"margin-top: 0em; font-size: 27px;\">Spanischschule in Valencia<\/h4>\n<p><span class=\"texto Estilo6\"><span class=\"titulopeq\">Valencia<\/span> &#8211; nach Madrid und Barcelona die drittgr\u00f6\u00dfte Stadt Spaniens &#8211; ist eine lebendige und dynamische Stadt an der Mittelmeerk\u00fcste und hat f\u00fcr jeden Geschmack und jede Altersgruppe etwas zu bieten. Die Er\u00f6ffnung der ber\u00fchmten &#8222;Stadt der K\u00fcnste und Wissenschaften&#8220; mit ihrer \u00fcberw\u00e4ltigend modernen Architektur, die aus einem Kunst- und Wissenschaftsmuseum, einem IMAX-Kino und dem gr\u00f6\u00dften Aquarium Europas besteht, hat Valencia zu mehr Bekanntheit und Anerkennung verholfen. Valencia ist zweifellos ein attraktiver Ort, um Spanisch zu lernen &#8211; mit allen Vorz\u00fcgen, die eine Gro\u00dfstadt bietet, aber ohne deren Nachteile. <\/span><\/p>\n<h4 style=\"margin-top: 1.5em; font-size: 27px;\"><span class=\"titulopeq\">Die Region <\/span><\/h4>\n<p>Das angenehme Klima mit vielen Sonnenstunden und die au\u00dfergew\u00f6hnlichen Str\u00e4nde erlauben eine Vielzahl von Aktivit\u00e4ten in der freien Natur wie Golf, Reiten, Tennis und verschiedene Wassersportarten.<br \/>\nDas Nachtleben in Valencia ist eines der interessantesten und lebhaftesten der ganzen Mittelmeerk\u00fcste.[\/vc_column_text]<\/div><\/div>[vc_empty_space]<div class=\"columns_wrap sc_columns columns_nofluid sc_columns_count_2\"><div class=\"column-1_2 sc_column_item sc_column_item_1 odd first\">[vc_column_text]<\/p>\n<h4 style=\"margin-top: 0em; font-size: 27px;\">In Valencia werden Sie sich niemals einsam f\u00fchlen.<\/h4>\n<p>In den umliegenden D\u00f6rfern finden im Juli, August oder September viele verschiedene Feste statt. Diese gedenken gew\u00f6hnlich lokalen Schutzpatronen oder erinnern an wichtige historische Ereignisse mit Paradez\u00fcgen, Feuerwerken und oft auch mit den ber\u00fchmten Stierk\u00e4mpfen. Valencias lokales Fest sind die &#8222;FALLAS&#8220;, die wichtigste und bekannteste Attraktion der Region. Vier Tage lang stehen riesige Pappmach\u00e9figuren, die ber\u00fchmte und ironische Themen darstellen, an fast jeder Stra\u00dfenecke und werden dann nach Mitternacht am 19. M\u00e4rz verbrannt. Das ganze Jahr \u00fcber k\u00f6nnen Sie Feuerwerke\u00a0 zu verschiedenen Anl\u00e4ssen in Valencia sehen.[\/vc_column_text]<\/div><div class=\"column-1_2 sc_column_item sc_column_item_2 even\">[vc_gallery interval=&#8220;3&#8243; images=&#8220;1120,1119,1118,1116&#8243; img_size=&#8220;full&#8220; onclick=&#8220;&#8220; el_class=&#8220;valenciagaleria&#8220; el_id=&#8220;valenciagaleriados&#8220;]<\/div><\/div>[vc_empty_space][\/vc_column][\/vc_row][vc_row parallax=&#8220;content-moving&#8220; parallax_image=&#8220;907&#8243;][vc_column width=&#8220;1\/2&#8243;]<div id=\"sc_call_to_action_1143494544\" class=\"sc_call_to_action sc_call_to_action_style_2 sc_call_to_action_align_center margin_top_small margin_bottom_small margin_left_small\" style=\"width:100%;\"><div class=\"sc_call_to_action_info\"><h4 class=\"sc_call_to_action_subtitle sc_item_subtitle\">Was muss man vor der Ankunft in Valencia wissen?<\/h4><\/div><div class=\"sc_call_to_action_buttons sc_item_buttons\"><div class=\"sc_call_to_action_button sc_item_button\"><a href=\"http:\/\/intereuropa.es\/de\/nach-valencia-reisen\/\" class=\"sc_button sc_button_square sc_button_style_filled sc_button_size_large\">Mehr erfahren<\/a><\/div><\/div><\/div>[\/vc_column][vc_column width=&#8220;1\/2&#8243;][\/vc_column][\/vc_row]<\/p>\n<\/div>","protected":false},"excerpt":{"rendered":"<p>[vc_row][vc_column][vc_empty_space][vc_empty_space][\/vc_column][\/vc_row][vc_row parallax=&#8220;content-moving&#8220; parallax_image=&#8220;907&#8243;][vc_column width=&#8220;1\/2&#8243;][\/vc_column][vc_column width=&#8220;1\/2&#8243;][\/vc_column][\/vc_row]<\/p>\n","protected":false},"author":12,"featured_media":0,"parent":0,"menu_order":0,"comment_status":"closed","ping_status":"closed","template":"","meta":{"_joinchat":[],"footnotes":""},"class_list":["post-7000","page","type-page","status-publish","hentry"],"_links":{"self":[{"href":"https:\/\/intereuropa.es\/de\/wp-json\/wp\/v2\/pages\/7000","targetHints":{"allow":["GET"]}}],"collection":[{"href":"https:\/\/intereuropa.es\/de\/wp-json\/wp\/v2\/pages"}],"about":[{"href":"https:\/\/intereuropa.es\/de\/wp-json\/wp\/v2\/types\/page"}],"author":[{"embeddable":true,"href":"https:\/\/intereuropa.es\/de\/wp-json\/wp\/v2\/users\/12"}],"replies":[{"embeddable":true,"href":"https:\/\/intereuropa.es\/de\/wp-json\/wp\/v2\/comments?post=7000"}],"version-history":[{"count":2,"href":"https:\/\/intereuropa.es\/de\/wp-json\/wp\/v2\/pages\/7000\/revisions"}],"predecessor-version":[{"id":8427,"href":"https:\/\/intereuropa.es\/de\/wp-json\/wp\/v2\/pages\/7000\/revisions\/8427"}],"wp:attachment":[{"href":"https:\/\/intereuropa.es\/de\/wp-json\/wp\/v2\/media?parent=7000"}],"curies":[{"name":"wp","href":"https:\/\/api.w.org\/{rel}","templated":true}]}}