{"id":7003,"date":"2019-07-10T16:30:19","date_gmt":"2019-07-10T16:30:19","guid":{"rendered":"http:\/\/intereuropa.es\/?page_id=7003"},"modified":"2019-08-02T15:17:03","modified_gmt":"2019-08-02T15:17:03","slug":"information-schulklassen-1","status":"publish","type":"page","link":"https:\/\/intereuropa.es\/de\/information-schulklassen-1\/","title":{"rendered":"Information Schulklassen"},"content":{"rendered":"<div class=\"wpb-content-wrapper\"><p>[vc_row][vc_column width=&#8220;1\/3&#8243; css=&#8220;.vc_custom_1561971282991{border-top-width: 1px !important;border-right-width: 1px !important;border-bottom-width: 1px !important;border-left-width: 1px !important;background-color: #e02922 !important;border-left-color: #e02922 !important;border-left-style: solid !important;border-right-color: #e02922 !important;border-right-style: solid !important;border-top-color: #e02922 !important;border-top-style: solid !important;border-bottom-color: #e02922 !important;border-bottom-style: solid !important;border-radius: 5px !important;}&#8220;][vc_single_image image=&#8220;6289&#8243; img_size=&#8220;large&#8220; alignment=&#8220;center&#8220;]<h4 class=\"sc_title sc_title_divider sc_align_center title-step-form margin_top_small\" style=\"text-align:center;color:#ffffff;\"><span class=\"sc_title_divider_before\" style=\"background-color: #ffffff\"><\/span>Informationen \u00fcber die Gruppe<span class=\"sc_title_divider_after\" style=\"background-color: #ffffff\"><\/span><\/h4>[vc_column_text]\n<div class=\"wpcf7 no-js\" id=\"wpcf7-f7985-o1\" lang=\"es-ES\" dir=\"ltr\" data-wpcf7-id=\"7985\">\n<div class=\"screen-reader-response\"><p role=\"status\" aria-live=\"polite\" aria-atomic=\"true\"><\/p> <ul><\/ul><\/div>\n<form action=\"\/de\/wp-json\/wp\/v2\/pages\/7003#wpcf7-f7985-o1\" method=\"post\" class=\"wpcf7-form init\" aria-label=\"Formulario de contacto\" novalidate=\"novalidate\" data-status=\"init\">\n<fieldset class=\"hidden-fields-container\"><input type=\"hidden\" name=\"_wpcf7\" value=\"7985\" \/><input type=\"hidden\" name=\"_wpcf7_version\" value=\"6.1.5\" \/><input type=\"hidden\" name=\"_wpcf7_locale\" value=\"es_ES\" \/><input type=\"hidden\" name=\"_wpcf7_unit_tag\" value=\"wpcf7-f7985-o1\" \/><input type=\"hidden\" name=\"_wpcf7_container_post\" value=\"0\" \/><input type=\"hidden\" name=\"_wpcf7_posted_data_hash\" value=\"\" \/><input type=\"hidden\" name=\"_wpcf7cf_hidden_group_fields\" value=\"[]\" \/><input type=\"hidden\" name=\"_wpcf7cf_hidden_groups\" value=\"[]\" \/><input type=\"hidden\" name=\"_wpcf7cf_visible_groups\" value=\"[]\" \/><input type=\"hidden\" name=\"_wpcf7cf_repeaters\" value=\"[]\" \/><input type=\"hidden\" name=\"_wpcf7cf_steps\" value=\"{}\" \/><input type=\"hidden\" name=\"_wpcf7cf_options\" value=\"{&quot;form_id&quot;:7985,&quot;conditions&quot;:[],&quot;settings&quot;:{&quot;animation&quot;:&quot;yes&quot;,&quot;animation_intime&quot;:200,&quot;animation_outtime&quot;:200,&quot;conditions_ui&quot;:&quot;normal&quot;,&quot;notice_dismissed&quot;:false}}\" \/>\n<\/fieldset>\n<label> Unternehmen (*)\n    <span class=\"wpcf7-form-control-wrap\" data-name=\"organizacion\"><input size=\"40\" maxlength=\"400\" class=\"wpcf7-form-control wpcf7-text wpcf7-validates-as-required\" aria-required=\"true\" aria-invalid=\"false\" value=\"\" type=\"text\" name=\"organizacion\" \/><\/span> <\/label>\n\n<label> Nationalit\u00e4t (*)\n    <span class=\"wpcf7-form-control-wrap\" data-name=\"nacionalidad\"><input size=\"40\" maxlength=\"400\" class=\"wpcf7-form-control wpcf7-text wpcf7-validates-as-required\" aria-required=\"true\" aria-invalid=\"false\" value=\"\" type=\"text\" name=\"nacionalidad\" \/><\/span> <\/label>\n\n<label> Startdatum\n    <span class=\"wpcf7-form-control-wrap\" data-name=\"fecha-inicio-curso\"><input class=\"wpcf7-form-control wpcf7-date wpcf7-validates-as-date\" aria-invalid=\"false\" value=\"\" type=\"date\" name=\"fecha-inicio-curso\" \/><\/span> <\/label>\n\n<label> Ende\n    <span class=\"wpcf7-form-control-wrap\" data-name=\"fecha-fin-curso\"><input class=\"wpcf7-form-control wpcf7-date wpcf7-validates-as-date\" aria-invalid=\"false\" value=\"\" type=\"date\" name=\"fecha-fin-curso\" \/><\/span> <\/label>\n\n<label> Wenn Sie die genauen Daten nicht kennen, geben Sie die Anzahl der Wochen an, in denen Sie bleiben m\u00f6chten\n    <span class=\"wpcf7-form-control-wrap\" data-name=\"semanas\"><input size=\"40\" maxlength=\"400\" class=\"wpcf7-form-control wpcf7-text\" aria-invalid=\"false\" value=\"\" type=\"text\" name=\"semanas\" \/><\/span> <\/label>\n\n<label> Ungef\u00e4hre Gruppengr\u00f6\u00dfe\n    <span class=\"wpcf7-form-control-wrap\" data-name=\"tamano\"><input size=\"40\" maxlength=\"400\" class=\"wpcf7-form-control wpcf7-text\" aria-invalid=\"false\" value=\"\" type=\"text\" name=\"tamano\" \/><\/span> <\/label>\n\n<label> Anzahl der Leiter\n    <span class=\"wpcf7-form-control-wrap\" data-name=\"lideres\"><input size=\"40\" maxlength=\"400\" class=\"wpcf7-form-control wpcf7-text\" aria-invalid=\"false\" value=\"\" type=\"text\" name=\"lideres\" \/><\/span> <\/label>\n\n<label> Ungef\u00e4hres Alter des Sch\u00fclers\n    <span class=\"wpcf7-form-control-wrap\" data-name=\"edad\"><input size=\"40\" maxlength=\"400\" class=\"wpcf7-form-control wpcf7-text\" aria-invalid=\"false\" value=\"\" type=\"text\" name=\"edad\" \/><\/span> <\/label>\n\n<label> Wie hoch ist das ungef\u00e4hre Niveau der Sch\u00fcler?\n    <span class=\"wpcf7-form-control-wrap\" data-name=\"nivel\"><select class=\"wpcf7-form-control wpcf7-select\" aria-invalid=\"false\" name=\"nivel\"><option value=\"Anf\u00e4nger\">Anf\u00e4nger<\/option><option value=\"Grundlegende Kenntnisse\">Grundlegende Kenntnisse<\/option><option value=\"Fortgeschrittene Sprachverwendung\">Fortgeschrittene Sprachverwendung<\/option><option value=\"Selbst\u00e4ndige Sprachverwendung\">Selbst\u00e4ndige Sprachverwendung<\/option><option value=\"Fachkundige Sprachkenntnisse\">Fachkundige Sprachkenntnisse<\/option><\/select><\/span> <\/label>\n\n<label> Anzahl der Lektionen pro Tag\n    <span class=\"wpcf7-form-control-wrap\" data-name=\"lecciones\"><select class=\"wpcf7-form-control wpcf7-select\" aria-invalid=\"false\" name=\"lecciones\"><option value=\"1\">1<\/option><option value=\"2\">2<\/option><option value=\"3\">3<\/option><option value=\"4\">4<\/option><option value=\"5\">5<\/option><\/select><\/span> <\/label>\n\n<label> M\u00f6chtest du, dass sich die Sch\u00fcler in deiner Gruppe mit den Sch\u00fclern in der Schule vermischen? (Nur f\u00fcr Sch\u00fcler \u00fcber 16 Jahre)\n     <span class=\"wpcf7-form-control-wrap\" data-name=\"mezcla-grupo\"><span class=\"wpcf7-form-control wpcf7-checkbox\"><span class=\"wpcf7-list-item first\"><input type=\"checkbox\" name=\"mezcla-grupo[]\" value=\"ja\" \/><span class=\"wpcf7-list-item-label\">ja<\/span><\/span><span class=\"wpcf7-list-item last\"><input type=\"checkbox\" name=\"mezcla-grupo[]\" value=\"nein\" \/><span class=\"wpcf7-list-item-label\">nein<\/span><\/span><\/span><\/span> <\/label>\n\n<label> Telefon (*)\n     <span class=\"wpcf7-form-control-wrap\" data-name=\"telefono\"><input size=\"40\" maxlength=\"400\" class=\"wpcf7-form-control wpcf7-text wpcf7-validates-as-required\" aria-required=\"true\" aria-invalid=\"false\" value=\"\" type=\"text\" name=\"telefono\" \/><\/span> <\/label>\n\n<label> Email (*)\n    <span class=\"wpcf7-form-control-wrap\" data-name=\"email\"><input size=\"40\" maxlength=\"400\" class=\"wpcf7-form-control wpcf7-email wpcf7-validates-as-required wpcf7-text wpcf7-validates-as-email\" aria-required=\"true\" aria-invalid=\"false\" value=\"\" type=\"email\" name=\"email\" \/><\/span> <\/label>\n\n<label> Wie haben Sie von Intereuropa erfahren?\n    <span class=\"wpcf7-form-control-wrap\" data-name=\"info-intereuropa\"><textarea cols=\"40\" rows=\"5\" maxlength=\"2000\" class=\"wpcf7-form-control wpcf7-textarea\" aria-invalid=\"false\" name=\"info-intereuropa\"><\/textarea><\/span> <\/label>\n\n<input class=\"wpcf7-form-control wpcf7-hidden\" value=\"curso para grupos escolares\" type=\"hidden\" name=\"curso\" \/>\n\n<input class=\"wpcf7-form-control wpcf7-submit has-spinner\" type=\"submit\" value=\"Weiter\" \/>\n<input type=\"hidden\" name=\"_cf7msm_multistep_tag\" class=\"wpcf7-form-control wpcf7-multistep cf7msm-multistep\" value=\"{&quot;first_step&quot;:1,&quot;skip_save&quot;:1,&quot;next_url&quot;:&quot;http:\\\/\\\/intereuropa.es\\\/de\\\/information-schulklassen-2\\\/&quot;}\" \/><input type=\"hidden\" name=\"cf7msm-no-ss\" value=\"\" \/><p style=\"display: none !important;\" class=\"akismet-fields-container\" data-prefix=\"_wpcf7_ak_\"><label>&#916;<textarea name=\"_wpcf7_ak_hp_textarea\" cols=\"45\" rows=\"8\" maxlength=\"100\"><\/textarea><\/label><input type=\"hidden\" id=\"ak_js_1\" name=\"_wpcf7_ak_js\" value=\"160\"\/><script>document.getElementById( \"ak_js_1\" ).setAttribute( \"value\", ( new Date() ).getTime() );<\/script><\/p><div class=\"wpcf7-response-output\" aria-hidden=\"true\"><\/div>\n<\/form>\n<\/div>\n[\/vc_column_text][\/vc_column][vc_column width=&#8220;2\/3&#8243;][vc_single_image image=&#8220;6724&#8243; img_size=&#8220;large&#8220; alignment=&#8220;center&#8220;][\/vc_column][\/vc_row]<\/p>\n<\/div>","protected":false},"excerpt":{"rendered":"<p>[vc_row][vc_column width=&#8220;1\/3&#8243; css=&#8220;.vc_custom_1561971282991{border-top-width: 1px !important;border-right-width: 1px !important;border-bottom-width: 1px !important;border-left-width: 1px !important;background-color: #e02922 !important;border-left-color: #e02922 !important;border-left-style: solid !important;border-right-color: #e02922 !important;border-right-style: solid !important;border-top-color: #e02922 !important;border-top-style: solid !important;border-bottom-color: #e02922 !important;border-bottom-style: solid !important;border-radius: 5px !important;}&#8220;][vc_single_image image=&#8220;6289&#8243; img_size=&#8220;large&#8220; alignment=&#8220;center&#8220;][vc_column_text][\/vc_column_text][\/vc_column][vc_column width=&#8220;2\/3&#8243;][vc_single_image image=&#8220;6724&#8243; img_size=&#8220;large&#8220; alignment=&#8220;center&#8220;][\/vc_column][\/vc_row]<\/p>\n","protected":false},"author":12,"featured_media":0,"parent":0,"menu_order":0,"comment_status":"closed","ping_status":"closed","template":"","meta":{"_joinchat":[],"footnotes":""},"class_list":["post-7003","page","type-page","status-publish","hentry"],"_links":{"self":[{"href":"https:\/\/intereuropa.es\/de\/wp-json\/wp\/v2\/pages\/7003","targetHints":{"allow":["GET"]}}],"collection":[{"href":"https:\/\/intereuropa.es\/de\/wp-json\/wp\/v2\/pages"}],"about":[{"href":"https:\/\/intereuropa.es\/de\/wp-json\/wp\/v2\/types\/page"}],"author":[{"embeddable":true,"href":"https:\/\/intereuropa.es\/de\/wp-json\/wp\/v2\/users\/12"}],"replies":[{"embeddable":true,"href":"https:\/\/intereuropa.es\/de\/wp-json\/wp\/v2\/comments?post=7003"}],"version-history":[{"count":7,"href":"https:\/\/intereuropa.es\/de\/wp-json\/wp\/v2\/pages\/7003\/revisions"}],"predecessor-version":[{"id":8197,"href":"https:\/\/intereuropa.es\/de\/wp-json\/wp\/v2\/pages\/7003\/revisions\/8197"}],"wp:attachment":[{"href":"https:\/\/intereuropa.es\/de\/wp-json\/wp\/v2\/media?parent=7003"}],"curies":[{"name":"wp","href":"https:\/\/api.w.org\/{rel}","templated":true}]}}