{"id":7011,"date":"2018-01-19T13:02:18","date_gmt":"2018-01-19T13:02:18","guid":{"rendered":"http:\/\/intereuropa.es\/viajar-a-valencia\/"},"modified":"2019-07-30T09:49:25","modified_gmt":"2019-07-30T09:49:25","slug":"nach-valencia-reisen","status":"publish","type":"page","link":"https:\/\/intereuropa.es\/de\/nach-valencia-reisen\/","title":{"rendered":"Nach Valencia reisen"},"content":{"rendered":"<div class=\"wpb-content-wrapper\"><p>[vc_row][vc_column width=&#8220;1\/4&#8243; css=&#8220;.vc_custom_1516367548972{background-color: #f2f2f2 !important;}&#8220;]<div id=\"sc_services_754148366_wrap\" class=\"sc_services_wrap\"><div id=\"sc_services_754148366\" class=\"sc_services sc_services_style_services-5 sc_services_type_icons  alojamientosesp \" style=\"width:100%;\"><h3 class=\"sc_services_title sc_item_title sc_item_title_without_descr\">Unterkunft<\/h3>\t\t\t<div id=\"sc_services_754148366_1\"\t\t\t\tclass=\"sc_services_item sc_services_item_1 odd first\"\n\t\t\t\t>\n\t\t\t\t<a href=\"https:\/\/intereuropa.es\/de\/unterkunfte\/gastfamilie\/\"><span class=\"sc_icon icon-diamond-light\"><\/span><\/a>\t\t\t\t<div class=\"sc_services_item_content\">\n\t\t\t\t\t<h4 class=\"sc_services_item_title\"><a href=\"https:\/\/intereuropa.es\/de\/unterkunfte\/gastfamilie\/\">Gastfamilie<\/a><\/h4>\n\t\t\t\t\t<div class=\"sc_services_item_description\">\n\t\t\t\t\t\t<p>Der beste Weg, spanische Sprachkenntnisse au\u00dferhalb des Klassenzimmers zu erwerben.<\/p><a href=\"https:\/\/intereuropa.es\/de\/unterkunfte\/gastfamilie\/\" class=\"sc_services_item_readmore\">Learn more<span class=\"icon-right\"><\/span><\/a>\t\t\t\t\t<\/div>\n\t\t\t\t<\/div>\n\t\t\t<\/div>\n\t\t\t\t\t<div id=\"sc_services_754148366_2\"\t\t\t\tclass=\"sc_services_item sc_services_item_2 even\"\n\t\t\t\t>\n\t\t\t\t<a href=\"https:\/\/intereuropa.es\/de\/unterkunfte\/wohngemeinschaft\/\"><span class=\"sc_icon icon-shop-light\"><\/span><\/a>\t\t\t\t<div class=\"sc_services_item_content\">\n\t\t\t\t\t<h4 class=\"sc_services_item_title\"><a href=\"https:\/\/intereuropa.es\/de\/unterkunfte\/wohngemeinschaft\/\">Wohngemeinschaft<\/a><\/h4>\n\t\t\t\t\t<div class=\"sc_services_item_description\">\n\t\t\t\t\t\t<p>F\u00fcr alle Sch\u00fcler von Intereuropa, die unabh\u00e4ngiger sein m\u00f6chten.<\/p><a href=\"https:\/\/intereuropa.es\/de\/unterkunfte\/wohngemeinschaft\/\" class=\"sc_services_item_readmore\">Learn more<span class=\"icon-right\"><\/span><\/a>\t\t\t\t\t<\/div>\n\t\t\t\t<\/div>\n\t\t\t<\/div>\n\t\t\t\t\t<div id=\"sc_services_754148366_3\"\t\t\t\tclass=\"sc_services_item sc_services_item_3 odd\"\n\t\t\t\t>\n\t\t\t\t<a href=\"https:\/\/intereuropa.es\/de\/unterkunfte\/unterkuenfte-an-der-universitaet\/\"><span class=\"sc_icon icon-graduation-light\"><\/span><\/a>\t\t\t\t<div class=\"sc_services_item_content\">\n\t\t\t\t\t<h4 class=\"sc_services_item_title\"><a href=\"https:\/\/intereuropa.es\/de\/unterkunfte\/unterkuenfte-an-der-universitaet\/\">Unterk\u00fcnfte an der Universit\u00e4t<\/a><\/h4>\n\t\t\t\t\t<div class=\"sc_services_item_description\">\n\t\t\t\t\t\t<p>Wir empfehlen diese Alternative allen Sch\u00fclern, die das Leben auf einem spanischen Campus erleben wollen.<\/p><a href=\"https:\/\/intereuropa.es\/de\/unterkunfte\/unterkuenfte-an-der-universitaet\/\" class=\"sc_services_item_readmore\">Learn more<span class=\"icon-right\"><\/span><\/a>\t\t\t\t\t<\/div>\n\t\t\t\t<\/div>\n\t\t\t<\/div>\n\t\t\t\t\t<div id=\"sc_services_754148366_4\"\t\t\t\tclass=\"sc_services_item sc_services_item_4 even\"\n\t\t\t\t>\n\t\t\t\t<a href=\"https:\/\/intereuropa.es\/de\/unterkunfte\/eigenes-apartment\/\"><span class=\"sc_icon icon-key-light\"><\/span><\/a>\t\t\t\t<div class=\"sc_services_item_content\">\n\t\t\t\t\t<h4 class=\"sc_services_item_title\"><a href=\"https:\/\/intereuropa.es\/de\/unterkunfte\/eigenes-apartment\/\">Eigenes Apartment<\/a><\/h4>\n\t\t\t\t\t<div class=\"sc_services_item_description\">\n\t\t\t\t\t\t<p>F\u00fcr alle Sprachsch\u00fcler, die unabh\u00e4ngiger sein wollen und nicht in einer Wohngemeinschaft wohnen m\u00f6chten.<\/p><a href=\"https:\/\/intereuropa.es\/de\/unterkunfte\/eigenes-apartment\/\" class=\"sc_services_item_readmore\">Learn more<span class=\"icon-right\"><\/span><\/a>\t\t\t\t\t<\/div>\n\t\t\t\t<\/div>\n\t\t\t<\/div>\n\t\t<\/div><!-- \/.sc_services --><\/div><!-- \/.sc_services_wrap -->[\/vc_column][vc_column width=&#8220;3\/4&#8243;]<h4 class=\"sc_title sc_title_regular margin_top_large\">What do you need to know before travelling to Valencia?<\/h4>[vc_column_text]<span class=\"texto\">Bevor du in Valencia ankommst, solltest du wissen, dass du von unserem Flughafen Manises aus auf folgende Arten die Innenstadt erreichen kannst:<\/span><\/p>\n<p><strong>Der Flughafenbus:<\/strong> f\u00e4hrt alle 20 Minuten vor dem Flughafenausgang ab und bringt dich direkt zum Stadtzentrum in die Calle Bail\u00e9n, welche 5 Minuten von der Sprachschule entfernt ist. Das Ticket kostet 2.50\u20ac. Falls n\u00f6tig kannst du von dort aus mit dem Bus oder mit der Metrolonie 3 (bei der Metrostation X\u00e1tiva) weiterreisen.<\/p>\n<p><strong>Die Metro:<\/strong> f\u00e4hrt vom Flughafen ab und h\u00e4lt an den Hauptsehensw\u00fcrdigkeiten der Innenstadt.<\/p>\n<p><strong>Taxi<\/strong>: Nat\u00fcrlich kannst du auch mit dem Taxi zur Innenstadt fahren. Du kannst folgende Nummern anrufen, um dir ein Taxi zu bestellen:<br \/>\nRadio taxi +34 963571313<br \/>\nOnda taxi +34 963703333<\/p>\n<p><strong>Der Bahnhof <\/strong>&#8222;Estaci\u00f3n del Norte&#8220; liegt im Stadtzentrum und ist ca. 150 m von unserer Schule entfernt.<\/p>\n<p><strong>Willkommensservice<\/strong>: Unsere Schule bietet dir auch f\u00fcr 50\u20ac einen Flughafentransfer zu deiner gebuchten Unterkunft an.<\/p>\n<p><strong>Falls du eine Unterkunft \u00fcber uns gebucht hast, brauchst du keine Bettw\u00e4sche mitbringen, sondern nur deine eigenen Handt\u00fccher.<\/strong><\/p>\n<p>Wir bieten unseren Sch\u00fclern freien Internetzugang an unseren Schulcomputern an, aber auch kostenloses WLAN f\u00fcr diejenigen, die ihren eigenen Laptop dabeihaben. Valencia besitzt ein Metronetz mit 9 Linien und auch mit den Linienbussen kann man sich sehr schnell durch die ganze Stadt bewegen.<br \/>\nDirekt vor unserer Schule f\u00e4hrt z.B. alle zehn Minuten die Buslinie Nr. 19 ab, die den <em>Plaza del Ayuntamiento<\/em> (Rathausplatz) mit dem Stadtstrand Malvarrosa und dem Hafen Copa Am\u00e9rica verbindet (die Fahrt dauert ca. 20 Minuten). Um sich in der Stadt zu bewegen, empfehlen wir dir, in einem der Kioske den Bonob\u00fas zu kaufen. (Den Bonometro kannst du allerdings auch direkt an jeder Metrostation bekommen.) Jeder dieser beiden Fahrscheine ist f\u00fcr 10 Fahrten g\u00fcltig und du sparst damit 50% des eigentlichen Preises.[\/vc_column_text][\/vc_column][\/vc_row]<\/p>\n<\/div>","protected":false},"excerpt":{"rendered":"<p>[vc_row][vc_column width=&#8220;1\/4&#8243; css=&#8220;.vc_custom_1516367548972{background-color: #f2f2f2 !important;}&#8220;][\/vc_column][vc_column width=&#8220;3\/4&#8243;][vc_column_text]Bevor du in Valencia ankommst, solltest du wissen, dass du von unserem Flughafen Manises aus auf folgende Arten die Innenstadt erreichen kannst: Der Flughafenbus: f\u00e4hrt alle 20 Minuten vor dem Flughafenausgang ab und bringt dich direkt zum Stadtzentrum in die Calle Bail\u00e9n, welche 5 Minuten von der Sprachschule entfernt ist. [&hellip;]<\/p>\n","protected":false},"author":12,"featured_media":0,"parent":0,"menu_order":0,"comment_status":"closed","ping_status":"closed","template":"","meta":{"_joinchat":[],"footnotes":""},"class_list":["post-7011","page","type-page","status-publish","hentry"],"_links":{"self":[{"href":"https:\/\/intereuropa.es\/de\/wp-json\/wp\/v2\/pages\/7011","targetHints":{"allow":["GET"]}}],"collection":[{"href":"https:\/\/intereuropa.es\/de\/wp-json\/wp\/v2\/pages"}],"about":[{"href":"https:\/\/intereuropa.es\/de\/wp-json\/wp\/v2\/types\/page"}],"author":[{"embeddable":true,"href":"https:\/\/intereuropa.es\/de\/wp-json\/wp\/v2\/users\/12"}],"replies":[{"embeddable":true,"href":"https:\/\/intereuropa.es\/de\/wp-json\/wp\/v2\/comments?post=7011"}],"version-history":[{"count":1,"href":"https:\/\/intereuropa.es\/de\/wp-json\/wp\/v2\/pages\/7011\/revisions"}],"predecessor-version":[{"id":7013,"href":"https:\/\/intereuropa.es\/de\/wp-json\/wp\/v2\/pages\/7011\/revisions\/7013"}],"wp:attachment":[{"href":"https:\/\/intereuropa.es\/de\/wp-json\/wp\/v2\/media?parent=7011"}],"curies":[{"name":"wp","href":"https:\/\/api.w.org\/{rel}","templated":true}]}}