{"id":7043,"date":"2018-11-26T10:05:28","date_gmt":"2018-11-26T10:05:28","guid":{"rendered":"http:\/\/intereuropa.es\/prueba-ccse\/"},"modified":"2019-08-01T21:29:33","modified_gmt":"2019-08-01T21:29:33","slug":"tests-ccse","status":"publish","type":"page","link":"https:\/\/intereuropa.es\/de\/tests-ccse\/","title":{"rendered":"CCSE und DELE A2 Tests"},"content":{"rendered":"<div class=\"wpb-content-wrapper\"><p>[vc_row][vc_column][vc_column_text]<\/p>\n<h5 style=\"text-align: center;\"><strong class=\"titulo\">Pruebas para la obtenci\u00f3n de la nacionalidad espa\u00f1ola CCSE y DELE A2<\/strong><\/h5>\n<p>[\/vc_column_text][vc_separator][\/vc_column][\/vc_row][vc_row][vc_column width=&#8220;1\/2&#8243;][vc_empty_space height=&#8220;20px&#8220;][vc_single_image image=&#8220;5177&#8243; img_size=&#8220;large&#8220; alignment=&#8220;center&#8220; style=&#8220;vc_box_border&#8220; css_animation=&#8220;zoomIn&#8220;][\/vc_column][vc_column width=&#8220;1\/2&#8243;][vc_empty_space height=&#8220;60px&#8220;][vc_column_text]<\/p>\n<p class=\"texto\" align=\"style=&quot;margin-bottom:.0001pt;&quot;\">Desde octubre 2015, para obtener la nacionalidad espa\u00f1ola es obligatorio superar las siguientes prueba:<\/p>\n<ul>\n<li class=\"texto\"><strong>Prueba de conocimientos constitucionales y socioculturales (CCSE).<\/strong><\/li>\n<li class=\"texto\"><strong>Diploma de Espa\u00f1ol como Lengua Extranjera (DELE nivel A2)<\/strong>\u00a0<strong>o superior.<\/strong><span class=\"textopeq\">La prueba del Dele es obligatoria solo para candidatos no hispanohablantes.<\/span><\/li>\n<\/ul>\n<p>[\/vc_column_text][\/vc_column][\/vc_row][vc_row][vc_column][vc_empty_space height=&#8220;20px&#8220;][vc_separator][vc_column_text]<\/p>\n<h5 style=\"text-align: center;\"><strong>Intereuropa es centro examinador para ambas pruebas, CCSE y DELE.<\/strong><\/h5>\n<p>[\/vc_column_text][vc_empty_space height=&#8220;20px&#8220;][vc_separator][vc_empty_space height=&#8220;40px&#8220;][vc_column_text]<\/p>\n<h5 style=\"text-align: left;\"><strong>PRUEBA CCSE<\/strong><\/h5>\n<p>[\/vc_column_text][vc_empty_space height=&#8220;20px&#8220;][vc_toggle title=&#8220;\u00bfC\u00f3mo puedo apuntarme a la prueba de examen CCSE?&#8220;]<span class=\"texto\">Las inscripciones se har\u00e1n a trav\u00e9s de la<\/span>\u00a0<a href=\"https:\/\/examenes.cervantes.es\/\" target=\"_blank\" rel=\"noopener noreferrer nofollow\"><strong>p\u00e1gina web del Instituto Cervantes<\/strong><\/a> o en nuestro centro en horario de atenci\u00f3n al cliente de 9.00 a 17.00.[\/vc_toggle][vc_toggle title=&#8220;\u00bfCu\u00e1l es el coste del examen?&#8220;]<\/p>\n<p class=\"texto\">El coste del examen es de 85\u20ac, v\u00e1lido para <u>dos sesiones<\/u> de examen en el caso de que:<\/p>\n<ul>\n<li class=\"texto\">\u00a0\u00a0\u00a0\u00a0No se haya podido asistir a la prueba.<\/li>\n<li class=\"texto\">\u00a0\u00a0\u00a0\u00a0No se haya aprobado la prueba.<\/li>\n<\/ul>\n<p>[\/vc_toggle][vc_toggle title=&#8220;\u00bfCu\u00e1les son las fechas de la prueba de conocimientos constitucionales y socioculturales (CCSE)?&#8220;]Los ex\u00e1menes son cada \u00faltimo jueves del mes. En diciembre y agosto no habr\u00e1 convocatoria.<\/p>\n<table class=\"texto\" border=\"0\" width=\"493\" align=\"left\">\n<tbody>\n<tr>\n<td align=\"center\" valign=\"middle\" width=\"119\"><strong>Convocatorias<br \/>\nCCSE 2019<\/strong><\/td>\n<td align=\"center\" valign=\"middle\" width=\"115\"><strong>Inicio plazo de inscripci\u00f3n<\/strong><\/td>\n<td align=\"center\" valign=\"middle\" width=\"126\"><strong>Cierre plazo de inscripci\u00f3n<\/strong><\/td>\n<td align=\"center\" valign=\"middle\" width=\"115\"><strong>Fecha de examen<\/strong><\/td>\n<\/tr>\n<tr>\n<td bgcolor=\"#D3DFEE\">Enero<\/td>\n<td rowspan=\"10\" align=\"center\" valign=\"middle\" bgcolor=\"#D3DFEE\">10 de septiembre<br \/>\nde 2018<\/td>\n<td bgcolor=\"#D3DFEE\">10 de enero<\/td>\n<td bgcolor=\"#D3DFEE\">31 de enero<\/td>\n<\/tr>\n<tr>\n<td bgcolor=\"#D3DFEE\">Febrero<\/td>\n<td bgcolor=\"#D3DFEE\">7 de febrero<\/td>\n<td bgcolor=\"#D3DFEE\">28 de febrero<\/td>\n<\/tr>\n<tr>\n<td bgcolor=\"#D3DFEE\">Marzo<\/td>\n<td bgcolor=\"#D3DFEE\">7 de marzo<\/td>\n<td bgcolor=\"#D3DFEE\">28 de marzo<\/td>\n<\/tr>\n<tr>\n<td bgcolor=\"#D3DFEE\">Abril<\/td>\n<td bgcolor=\"#D3DFEE\">4 de abril<\/td>\n<td bgcolor=\"#D3DFEE\">25 de abril<\/td>\n<\/tr>\n<tr>\n<td bgcolor=\"#D3DFEE\">Mayo<\/td>\n<td bgcolor=\"#D3DFEE\">9 de mayo<\/td>\n<td bgcolor=\"#D3DFEE\">30 de mayo<\/td>\n<\/tr>\n<tr>\n<td bgcolor=\"#D3DFEE\">Junio<\/td>\n<td bgcolor=\"#D3DFEE\">6 de junio<\/td>\n<td bgcolor=\"#D3DFEE\">27 de junio<\/td>\n<\/tr>\n<tr>\n<td bgcolor=\"#D3DFEE\">Julio<\/td>\n<td bgcolor=\"#D3DFEE\">4 de julio<\/td>\n<td bgcolor=\"#D3DFEE\">25 de julio<\/td>\n<\/tr>\n<tr>\n<td bgcolor=\"#D3DFEE\">Septiembre<\/td>\n<td bgcolor=\"#D3DFEE\">5 de septiembre<\/td>\n<td bgcolor=\"#D3DFEE\">26 de septiembre<\/td>\n<\/tr>\n<tr>\n<td bgcolor=\"#D3DFEE\">Octubre<\/td>\n<td bgcolor=\"#D3DFEE\">10 de octubre<\/td>\n<td bgcolor=\"#D3DFEE\">31 de octubre<\/td>\n<\/tr>\n<tr>\n<td bgcolor=\"#D3DFEE\">Noviembre<\/td>\n<td bgcolor=\"#D3DFEE\">7 de noviembre<\/td>\n<td bgcolor=\"#D3DFEE\">28 de noviembre<\/td>\n<\/tr>\n<\/tbody>\n<\/table>\n<p>[\/vc_toggle][vc_toggle title=&#8220;\u00bfCu\u00e1l es la estructura del examen?&#8220;]El examen consiste en 25 preguntas de respuesta m\u00faltiple, del tipo verdadero o falso, o con tres diferentes opciones de respuesta de las cuales solamente una es la correcta. El 60% de las preguntas ser\u00e1n sobre temas de gobierno, ley y participaci\u00f3n ciudadana en Espa\u00f1a y el restante 40% sobre cultura, historia y sociedad espa\u00f1olas. La prueba dura 45 minutos.[\/vc_toggle][vc_toggle title=&#8220;\u00bfCu\u00e1l es la validez del certificado CCSE?&#8220;]El certificado de aprovechamiento (CCSE) tiene una validez de 4 a\u00f1os.[\/vc_toggle][vc_column_text]<\/p>\n<h5 style=\"text-align: left;\"><strong>PRUEBA DELE A2<\/strong><\/h5>\n<p>[\/vc_column_text][vc_empty_space height=&#8220;20px&#8220;][vc_toggle title=&#8220;\u00bfC\u00f3mo puedo apuntarme a la prueba de examen DELE?&#8220;]<span class=\"texto\">Las inscripciones se har\u00e1n a trav\u00e9s de la\u00a0<a href=\"https:\/\/examenes.cervantes.es\/\" target=\"_blank\" rel=\"noopener noreferrer nofollow\"><strong>p\u00e1gina web del Instituto Cervantes<\/strong><\/a> o en nuestro centro en horario de atenci\u00f3n al cliente de 9.00 a 17.00.<\/span>[\/vc_toggle][vc_toggle title=&#8220;\u00bfCu\u00e1l es el coste del examen?&#8220;]El coste del examen de nivel A2 es de 130\u20ac.[\/vc_toggle][vc_toggle title=&#8220;\u00bfCu\u00e1les son las fechas de la prueba?&#8220;]<\/p>\n<table class=\"texto\" border=\"0\" width=\"493\" align=\"left\">\n<tbody>\n<tr>\n<td align=\"center\" valign=\"middle\" width=\"118\"><strong>Convocatorias DELE 2019<\/strong><\/td>\n<td align=\"center\" valign=\"middle\" width=\"118\"><strong>Inicio plazo de inscripci\u00f3n<\/strong><\/td>\n<td align=\"center\" valign=\"middle\" width=\"118\"><strong>Cierre plazo de inscripci\u00f3n<\/strong><\/td>\n<td align=\"center\" valign=\"middle\" width=\"121\"><strong>Fecha de las pruebas escritas<\/strong><\/td>\n<\/tr>\n<tr>\n<td align=\"left\" valign=\"middle\" bgcolor=\"#D3DFEE\">Febrero<\/td>\n<td rowspan=\"7\" align=\"center\" valign=\"middle\" bgcolor=\"#D3DFEE\">14 de noviembre de 2018<\/td>\n<td align=\"center\" valign=\"middle\" bgcolor=\"#D3DFEE\">9 de enero<\/td>\n<td align=\"center\" valign=\"middle\" bgcolor=\"#D3DFEE\">8 de febrero<\/td>\n<\/tr>\n<tr>\n<td align=\"left\" valign=\"middle\" bgcolor=\"#D3DFEE\">Abril<\/td>\n<td align=\"center\" valign=\"middle\" bgcolor=\"#D3DFEE\">6 de febrero<\/td>\n<td align=\"center\" valign=\"middle\" bgcolor=\"#D3DFEE\">5 de abril<\/td>\n<\/tr>\n<tr>\n<td align=\"left\" valign=\"middle\" bgcolor=\"#D3DFEE\">Mayo<\/td>\n<td align=\"center\" valign=\"middle\" bgcolor=\"#D3DFEE\">27 de marzo<\/td>\n<td align=\"center\" valign=\"middle\" bgcolor=\"#D3DFEE\">5 de mayo<\/td>\n<\/tr>\n<tr>\n<td align=\"left\" valign=\"middle\" bgcolor=\"#D3DFEE\">Julio<\/td>\n<td align=\"center\" valign=\"middle\" bgcolor=\"#D3DFEE\">16 de mayo<\/td>\n<td align=\"center\" valign=\"middle\" bgcolor=\"#D3DFEE\">12 de julio<\/td>\n<\/tr>\n<tr>\n<td align=\"left\" valign=\"middle\" bgcolor=\"#D3DFEE\">Septiembre<\/td>\n<td align=\"center\" valign=\"middle\" bgcolor=\"#D3DFEE\">24 de julio<\/td>\n<td align=\"center\" valign=\"middle\" bgcolor=\"#D3DFEE\">13 de septiembre<\/td>\n<\/tr>\n<tr>\n<td align=\"left\" valign=\"middle\" bgcolor=\"#D3DFEE\">Octubre<\/td>\n<td align=\"center\" valign=\"middle\" bgcolor=\"#D3DFEE\">21 de agosto<\/td>\n<td align=\"center\" valign=\"middle\" bgcolor=\"#D3DFEE\">4 de octubre<\/td>\n<\/tr>\n<tr>\n<td align=\"left\" valign=\"middle\" bgcolor=\"#D3DFEE\">Noviembre<\/td>\n<td align=\"center\" valign=\"middle\" bgcolor=\"#D3DFEE\">9 de octubre<\/td>\n<td align=\"center\" valign=\"middle\" bgcolor=\"#D3DFEE\">23 de noviembre<\/td>\n<\/tr>\n<\/tbody>\n<\/table>\n<p>[\/vc_toggle][vc_toggle title=&#8220;\u00bfNecesitas un curso de preparaci\u00f3n?&#8220;]<\/p>\n<p class=\"texto\">El curso no es obligatorio, sin embargo,si neceistas prepararte te ofrecemos los siguientes cursos:<\/p>\n<p class=\"texto\"><span class=\"tituloinf\"><strong>EXTENSIVOS<\/strong><\/span><strong><br \/>\n4 semanas prorrogables\u00a0 <\/strong><strong>\u00a0\u00a0<\/strong><\/p>\n<p><strong>N\u00famero de clases diarias:<\/strong>\u00a0 1.5 h. al d\u00eda\/3 a la semana).<br \/>\n<strong>Duraci\u00f3n de cada clase:\u00a0<\/strong>60 minutos<strong>.<\/strong><br \/>\n<strong>Niveles disponibles:\u00a0 <\/strong>A2.<br \/>\n<strong>Alumnos por clase:<\/strong>\u00a0m\u00ednimo 2 m\u00e1ximo 12. En caso de reducirse el n\u00famero de estudiantes hasta 1, las clases podr\u00e1n ser reducidas de\u00a0 hasta un 50%.<\/p>\n<table border=\"1\" cellspacing=\"0\" cellpadding=\"0\">\n<tbody>\n<tr>\n<td width=\"130\">\n<p class=\"textopeq\" align=\"center\"><strong>Horario<\/strong><\/p>\n<\/td>\n<td width=\"136\">\n<p class=\"textopeq\" align=\"center\"><strong>Lunes y mi\u00e9rcoles<\/strong><\/p>\n<\/td>\n<td width=\"135\">\n<p class=\"textopeq\" align=\"center\"><strong>Martes y jueves<\/strong><\/p>\n<\/td>\n<\/tr>\n<tr>\n<td bgcolor=\"#D3DFEE\" width=\"130\">\n<p class=\"textopeq\" align=\"center\">9.45\/11.15<\/p>\n<\/td>\n<td bgcolor=\"#D3DFEE\" width=\"136\">\n<p class=\"textopeq\" align=\"center\">DELE A2<\/p>\n<\/td>\n<td bgcolor=\"#D3DFEE\" width=\"135\">\n<p class=\"textopeq\" align=\"center\">\n<\/td>\n<\/tr>\n<tr>\n<td bgcolor=\"#D3DFEE\" width=\"130\">\n<p class=\"textopeq\" align=\"center\">11.30 \/13.00<\/p>\n<\/td>\n<td bgcolor=\"#D3DFEE\" width=\"136\">\n<p class=\"textopeq\" align=\"center\">\n<\/td>\n<td bgcolor=\"#D3DFEE\" width=\"135\">\n<p class=\"textopeq\" align=\"center\">DELE A2<\/p>\n<\/td>\n<\/tr>\n<tr>\n<td bgcolor=\"#D3DFEE\" width=\"130\">\n<p class=\"textopeq\" align=\"center\">16.45\/18.15<\/p>\n<\/td>\n<td bgcolor=\"#D3DFEE\" width=\"136\">\n<p class=\"textopeq\" align=\"center\">\n<\/td>\n<td bgcolor=\"#D3DFEE\" width=\"135\">\n<p class=\"textopeq\" align=\"center\">DELE A2<\/p>\n<\/td>\n<\/tr>\n<tr>\n<td bgcolor=\"#D3DFEE\" width=\"130\">\n<p class=\"textopeq\" align=\"center\">18.30\/20.00<\/p>\n<\/td>\n<td bgcolor=\"#D3DFEE\" width=\"136\">\n<p class=\"textopeq\" align=\"center\">DELE A2<\/p>\n<\/td>\n<td bgcolor=\"#D3DFEE\" width=\"135\">\n<p class=\"textopeq\" align=\"center\">\n<\/td>\n<\/tr>\n<\/tbody>\n<\/table>\n<p><span class=\"texto\"><strong><u><br \/>\n<\/u><\/strong><\/span><span class=\"titulopeq\"><strong><u>Precios<\/u><\/strong><\/span><span class=\"texto\"><br \/>\n2 d\u00edas a la semana\u00a0\u00a0\u00a0 50 \u20ac\/4 semanas (12 horas)<br \/>\n4 d\u00edas a la semana\u00a0\u00a0 100 \u20ac\/4 semanas, (24 horas)<\/span><\/p>\n<p>&nbsp;<\/p>\n<p>Inscr\u00edbete online[\/vc_toggle][vc_empty_space height=&#8220;20px&#8220;][vc_column_text]<a href=\"http:\/\/intereuropa.es\/contact\/\">Escr\u00edbenos para recibir m\u00e1s informaci\u00f3n<\/a>[\/vc_column_text][\/vc_column][\/vc_row]<\/p>\n<\/div>","protected":false},"excerpt":{"rendered":"<p>[vc_row][vc_column][vc_column_text] Pruebas para la obtenci\u00f3n de la nacionalidad espa\u00f1ola CCSE y DELE A2 [\/vc_column_text][vc_separator][\/vc_column][\/vc_row][vc_row][vc_column width=&#8220;1\/2&#8243;][vc_empty_space height=&#8220;20px&#8220;][vc_single_image image=&#8220;5177&#8243; img_size=&#8220;large&#8220; alignment=&#8220;center&#8220; style=&#8220;vc_box_border&#8220; css_animation=&#8220;zoomIn&#8220;][\/vc_column][vc_column width=&#8220;1\/2&#8243;][vc_empty_space height=&#8220;60px&#8220;][vc_column_text] Desde octubre 2015, para obtener la nacionalidad espa\u00f1ola es obligatorio superar las siguientes prueba: Prueba de conocimientos constitucionales y socioculturales (CCSE). Diploma de Espa\u00f1ol como Lengua Extranjera (DELE nivel A2)\u00a0o superior.La prueba [&hellip;]<\/p>\n","protected":false},"author":12,"featured_media":0,"parent":0,"menu_order":0,"comment_status":"closed","ping_status":"closed","template":"","meta":{"_joinchat":[],"footnotes":""},"class_list":["post-7043","page","type-page","status-publish","hentry"],"_links":{"self":[{"href":"https:\/\/intereuropa.es\/de\/wp-json\/wp\/v2\/pages\/7043","targetHints":{"allow":["GET"]}}],"collection":[{"href":"https:\/\/intereuropa.es\/de\/wp-json\/wp\/v2\/pages"}],"about":[{"href":"https:\/\/intereuropa.es\/de\/wp-json\/wp\/v2\/types\/page"}],"author":[{"embeddable":true,"href":"https:\/\/intereuropa.es\/de\/wp-json\/wp\/v2\/users\/12"}],"replies":[{"embeddable":true,"href":"https:\/\/intereuropa.es\/de\/wp-json\/wp\/v2\/comments?post=7043"}],"version-history":[{"count":2,"href":"https:\/\/intereuropa.es\/de\/wp-json\/wp\/v2\/pages\/7043\/revisions"}],"predecessor-version":[{"id":7563,"href":"https:\/\/intereuropa.es\/de\/wp-json\/wp\/v2\/pages\/7043\/revisions\/7563"}],"wp:attachment":[{"href":"https:\/\/intereuropa.es\/de\/wp-json\/wp\/v2\/media?parent=7043"}],"curies":[{"name":"wp","href":"https:\/\/api.w.org\/{rel}","templated":true}]}}