{"id":8095,"date":"2019-07-01T14:50:56","date_gmt":"2019-07-01T14:50:56","guid":{"rendered":"http:\/\/intereuropa.es\/pago-online\/"},"modified":"2019-08-02T12:17:39","modified_gmt":"2019-08-02T12:17:39","slug":"online-zahlung","status":"publish","type":"page","link":"https:\/\/intereuropa.es\/de\/online-zahlung\/","title":{"rendered":"Online Zahlung"},"content":{"rendered":"<div class=\"wpb-content-wrapper\"><p>[vc_row][vc_column width=&#8220;1\/4&#8243;][\/vc_column][vc_column width=&#8220;1\/2&#8243; css=&#8220;.vc_custom_1561994899943{border-top-width: 1px !important;border-right-width: 1px !important;border-bottom-width: 1px !important;border-left-width: 1px !important;background-color: #f01411 !important;border-left-color: #f01411 !important;border-left-style: solid !important;border-right-color: #f01411 !important;border-right-style: solid !important;border-top-color: #f01411 !important;border-top-style: solid !important;border-bottom-color: #f01411 !important;border-bottom-style: solid !important;border-radius: 5px !important;}&#8220;][vc_single_image image=&#8220;6289&#8243; img_size=&#8220;full&#8220; alignment=&#8220;center&#8220;]<h4 class=\"sc_title sc_title_divider sc_align_center margin_top_small\" style=\"text-align:center;color:#ffffff;\"><span class=\"sc_title_divider_before\" style=\"background-color: #ffffff\"><\/span>Kundendaten<span class=\"sc_title_divider_after\" style=\"background-color: #ffffff\"><\/span><\/h4>[vc_column_text css=&#8220;.vc_custom_1563893291115{padding-bottom: 20px !important;}&#8220;]<span style=\"color: #ffffff;\">Willkommen auf der sicheren Online-Zahlungsseite von Intereuropa Idiomas. F\u00fcllen Sie das untenstehende Formular aus. Das System f\u00fchrt Sie dann zum endg\u00fcltigen Zahlungsportal. Wir garantieren die Vertraulichkeit Ihrer personenbezogenen Daten.<\/span>[\/vc_column_text][vc_column_text]\n<div class=\"wpcf7 no-js\" id=\"wpcf7-f8091-o1\" lang=\"es-ES\" dir=\"ltr\" data-wpcf7-id=\"8091\">\n<div class=\"screen-reader-response\"><p role=\"status\" aria-live=\"polite\" aria-atomic=\"true\"><\/p> <ul><\/ul><\/div>\n<form action=\"\/de\/wp-json\/wp\/v2\/pages\/8095#wpcf7-f8091-o1\" method=\"post\" class=\"wpcf7-form init\" aria-label=\"Formulario de contacto\" novalidate=\"novalidate\" data-status=\"init\">\n<fieldset class=\"hidden-fields-container\"><input type=\"hidden\" name=\"_wpcf7\" value=\"8091\" \/><input type=\"hidden\" name=\"_wpcf7_version\" value=\"6.1.5\" \/><input type=\"hidden\" name=\"_wpcf7_locale\" value=\"es_ES\" \/><input type=\"hidden\" name=\"_wpcf7_unit_tag\" value=\"wpcf7-f8091-o1\" \/><input type=\"hidden\" name=\"_wpcf7_container_post\" value=\"0\" \/><input type=\"hidden\" name=\"_wpcf7_posted_data_hash\" value=\"\" \/><input type=\"hidden\" name=\"_wpcf7cf_hidden_group_fields\" value=\"[]\" \/><input type=\"hidden\" name=\"_wpcf7cf_hidden_groups\" value=\"[]\" \/><input type=\"hidden\" name=\"_wpcf7cf_visible_groups\" value=\"[]\" \/><input type=\"hidden\" name=\"_wpcf7cf_repeaters\" value=\"[]\" \/><input type=\"hidden\" name=\"_wpcf7cf_steps\" value=\"{}\" \/><input type=\"hidden\" name=\"_wpcf7cf_options\" value=\"{&quot;form_id&quot;:8091,&quot;conditions&quot;:[],&quot;settings&quot;:{&quot;animation&quot;:&quot;yes&quot;,&quot;animation_intime&quot;:200,&quot;animation_outtime&quot;:200,&quot;conditions_ui&quot;:&quot;normal&quot;,&quot;notice_dismissed&quot;:false}}\" \/>\n<\/fieldset>\n<label> Karteninhaber (*)\n    <span class=\"wpcf7-form-control-wrap\" data-name=\"titular\"><input size=\"40\" maxlength=\"400\" class=\"wpcf7-form-control wpcf7-text wpcf7-validates-as-required\" aria-required=\"true\" aria-invalid=\"false\" value=\"\" type=\"text\" name=\"titular\" \/><\/span> <\/label>\n\n<label> Name des Studenten, der den Kurs besucht hat (*)\n    <span class=\"wpcf7-form-control-wrap\" data-name=\"alumno\"><input size=\"40\" maxlength=\"400\" class=\"wpcf7-form-control wpcf7-text wpcf7-validates-as-required\" aria-required=\"true\" aria-invalid=\"false\" value=\"\" type=\"text\" name=\"alumno\" \/><\/span> <\/label>\n\n<label> Email (*)\n    <span class=\"wpcf7-form-control-wrap\" data-name=\"email\"><input size=\"40\" maxlength=\"400\" class=\"wpcf7-form-control wpcf7-email wpcf7-validates-as-required wpcf7-text wpcf7-validates-as-email\" aria-required=\"true\" aria-invalid=\"false\" value=\"\" type=\"email\" name=\"email\" \/><\/span> <\/label>\n\n<label> Gew\u00e4hlter Kurs (*)\n    <span class=\"wpcf7-form-control-wrap\" data-name=\"curso\"><select class=\"wpcf7-form-control wpcf7-select wpcf7-validates-as-required\" aria-required=\"true\" aria-invalid=\"false\" name=\"curso\"><option value=\"\">W\u00e4hlen Sie einen Kurs<\/option><option value=\"Intensivkurs 10\">Intensivkurs 10<\/option><option value=\"Intensivkurs 20\">Intensivkurs 20<\/option><option value=\"Intensivkurs 25\">Intensivkurs 25<\/option><option value=\"Konversationskurs\">Konversationskurs<\/option><option value=\"Individueller Kurs\">Individueller Kurs<\/option><option value=\"Ausf\u00fchrlicher Kurs\">Ausf\u00fchrlicher Kurs<\/option><option value=\"Intensiver DELE-Vorbereitungskurs\">Intensiver DELE-Vorbereitungskurs<\/option><option value=\"SIELE\">SIELE<\/option><option value=\"Programme f\u00fcr Jugendliche\">Programme f\u00fcr Jugendliche<\/option><option value=\"Online Kurse\">Online Kurse<\/option><option value=\"Kurse f\u00fcr Spanischlehrer\">Kurse f\u00fcr Spanischlehrer<\/option><\/select><\/span><\/label>\n\n\n<label> Betrag (*)\n    <span class=\"wpcf7-form-control-wrap\" data-name=\"importe\"><input size=\"40\" maxlength=\"400\" class=\"wpcf7-form-control wpcf7-text wpcf7-validates-as-required\" aria-required=\"true\" aria-invalid=\"false\" value=\"\" type=\"text\" name=\"importe\" \/><\/span> <\/label>\n\n<input class=\"wpcf7-form-control wpcf7-submit has-spinner\" type=\"submit\" value=\"Klicken Sie hier, um die Zahlung fortzusetzen\" \/><p style=\"display: none !important;\" class=\"akismet-fields-container\" data-prefix=\"_wpcf7_ak_\"><label>&#916;<textarea name=\"_wpcf7_ak_hp_textarea\" cols=\"45\" rows=\"8\" maxlength=\"100\"><\/textarea><\/label><input type=\"hidden\" id=\"ak_js_1\" name=\"_wpcf7_ak_js\" value=\"133\"\/><script>document.getElementById( \"ak_js_1\" ).setAttribute( \"value\", ( new Date() ).getTime() );<\/script><\/p><div class=\"wpcf7-response-output\" aria-hidden=\"true\"><\/div>\n<\/form>\n<\/div>\n[\/vc_column_text][\/vc_column][vc_column width=&#8220;1\/4&#8243;][\/vc_column][\/vc_row]<\/p>\n<\/div>","protected":false},"excerpt":{"rendered":"<p>[vc_row][vc_column width=&#8220;1\/4&#8243;][\/vc_column][vc_column width=&#8220;1\/2&#8243; css=&#8220;.vc_custom_1561994899943{border-top-width: 1px !important;border-right-width: 1px !important;border-bottom-width: 1px !important;border-left-width: 1px !important;background-color: #f01411 !important;border-left-color: #f01411 !important;border-left-style: solid !important;border-right-color: #f01411 !important;border-right-style: solid !important;border-top-color: #f01411 !important;border-top-style: solid !important;border-bottom-color: #f01411 !important;border-bottom-style: solid !important;border-radius: 5px !important;}&#8220;][vc_single_image image=&#8220;6289&#8243; img_size=&#8220;full&#8220; alignment=&#8220;center&#8220;][vc_column_text css=&#8220;.vc_custom_1563893291115{padding-bottom: 20px !important;}&#8220;]Willkommen auf der sicheren Online-Zahlungsseite von Intereuropa Idiomas. F\u00fcllen Sie das untenstehende Formular aus. Das System f\u00fchrt Sie [&hellip;]<\/p>\n","protected":false},"author":12,"featured_media":0,"parent":0,"menu_order":0,"comment_status":"closed","ping_status":"closed","template":"","meta":{"_joinchat":[],"footnotes":""},"class_list":["post-8095","page","type-page","status-publish","hentry"],"_links":{"self":[{"href":"https:\/\/intereuropa.es\/de\/wp-json\/wp\/v2\/pages\/8095","targetHints":{"allow":["GET"]}}],"collection":[{"href":"https:\/\/intereuropa.es\/de\/wp-json\/wp\/v2\/pages"}],"about":[{"href":"https:\/\/intereuropa.es\/de\/wp-json\/wp\/v2\/types\/page"}],"author":[{"embeddable":true,"href":"https:\/\/intereuropa.es\/de\/wp-json\/wp\/v2\/users\/12"}],"replies":[{"embeddable":true,"href":"https:\/\/intereuropa.es\/de\/wp-json\/wp\/v2\/comments?post=8095"}],"version-history":[{"count":2,"href":"https:\/\/intereuropa.es\/de\/wp-json\/wp\/v2\/pages\/8095\/revisions"}],"predecessor-version":[{"id":8097,"href":"https:\/\/intereuropa.es\/de\/wp-json\/wp\/v2\/pages\/8095\/revisions\/8097"}],"wp:attachment":[{"href":"https:\/\/intereuropa.es\/de\/wp-json\/wp\/v2\/media?parent=8095"}],"curies":[{"name":"wp","href":"https:\/\/api.w.org\/{rel}","templated":true}]}}