{"id":6748,"date":"2018-11-26T09:35:46","date_gmt":"2018-11-26T09:35:46","guid":{"rendered":"http:\/\/intereuropa.es\/politica-de-cookies\/"},"modified":"2019-07-11T07:41:27","modified_gmt":"2019-07-11T07:41:27","slug":"cookies-policy","status":"publish","type":"page","link":"https:\/\/intereuropa.es\/en\/cookies-policy\/","title":{"rendered":"Cookies policy"},"content":{"rendered":"<div class=\"wpb-content-wrapper\"><p>[vc_row][vc_column][vc_column_text]Una Cookie es un fichero que se descarga en su ordenador al acceder a determinadas p\u00e1ginas web. Las cookies permiten a una p\u00e1gina web, entre otras cosas, almacenar y recuperar informaci\u00f3n sobre los h\u00e1bitos de navegaci\u00f3n de un usuario o de su equipo y, dependiendo de la informaci\u00f3n que contenga y de la forma en que utilice su equipo, pueden utilizarse para reconocer al usuario.<\/p>\n<p>Las cookies son esenciales para el funcionamiento de internet, aportando innumerables ventajas en la prestaci\u00f3n de servicios interactivos, facilit\u00e1ndole la navegaci\u00f3n y usabilidad de nuestra web.<\/p>\n<p>La informaci\u00f3n que le proporcionamos a continuaci\u00f3n, le ayudar\u00e1 a comprender los diferentes tipos de cookies:[\/vc_column_text][\/vc_column][\/vc_row][vc_row][vc_column el_class=&#8221;csstabla&#8221;][vc_column_text]<\/p>\n<div class=\"csstabla1\" style=\"font-size: 12px; margin-bottom: 24px;\">\n<div>\n<div style=\"text-align: center; border-top: 1px solid #000000; border-left: 1px solid #000000; border-right: 1px solid #000000; font-weight: bold;\">TIPOS DE COOKIES<\/div>\n<\/div>\n<div class=\"tablefull\" style=\"border-top: 1px solid #000000; border-left: 1px solid #000000; border-right: 1px solid #000000;\">\n<div class=\"tablecell\" style=\"width: 25%; vertical-align: middle; padding: 5px;\">SEG\u00daN LA ENTIDAD QUE LAS GESTIONE<\/div>\n<div class=\"tablecell\" style=\"width: 75%; vertical-align: middle; border-left: 1px solid #000000;\">\n<div class=\"tablefull\" style=\"width: 100%;\">\n<div class=\"tablecell\" style=\"vertical-align: middle; padding: 5px; width: 30%; border-right: 1px solid #000000; border-bottom: 1px solid #000000;\">Cookies propias<\/div>\n<div class=\"tablecell\" style=\"padding: 5px; border-bottom: 1px solid #000000;\">Son aquellas que se recaban por el propio editor para prestar el servicio solicitado por el usuario.<\/div>\n<\/div>\n<div class=\"tablefull\" style=\"width: 100%;\">\n<div class=\"tablecell\" style=\"vertical-align: middle; padding: 5px; width: 30%; border-right: 1px solid #000000;\">Cookies propias<\/div>\n<div class=\"tablecell\" style=\"padding: 5px;\">Son aquellas que son recabadas y gestionadas por un tercero, estas no se pueden considerar propias.<\/div>\n<\/div>\n<\/div>\n<\/div>\n<div class=\"tablefull\" style=\"border-top: 1px solid #000000; border-left: 1px solid #000000; border-right: 1px solid #000000;\">\n<div class=\"tablecell\" style=\"width: 25%; vertical-align: middle; padding: 5px;\">SEG\u00daN EL PLAZO DE TIEMPO QUE PERMANEZCAN ACTIVADAS<\/div>\n<div class=\"tablecell\" style=\"width: 75%; vertical-align: middle; border-left: 1px solid #000000;\">\n<div class=\"tablefull\" style=\"width: 100%;\">\n<div class=\"tablecell\" style=\"vertical-align: middle; padding: 5px; width: 30%; border-right: 1px solid #000000; border-bottom: 1px solid #000000;\">Cookies de sesi\u00f3n<\/div>\n<div class=\"tablecell\" style=\"padding: 5px; border-bottom: 1px solid #000000;\">Recaban datos mientras el usuario navega por la red con la finalidad de prestar el servicio solicitado.<\/div>\n<\/div>\n<div class=\"tablefull\" style=\"width: 100%;\">\n<div class=\"tablecell\" style=\"vertical-align: middle; padding: 5px; width: 30%; border-right: 1px solid #000000;\">Cookies persistentes<\/div>\n<div class=\"tablecell\" style=\"padding: 5px;\">Se almacenan en el terminal y la informaci\u00f3n obtenida, ser\u00e1 utilizada por el responsable de la cookie con la finalidad de prestar el servicio solicitado.<\/div>\n<\/div>\n<\/div>\n<\/div>\n<div class=\"tablefull\" style=\"border: 1px solid #000000;\">\n<div class=\"tablecell\" style=\"width: 25%; vertical-align: middle; padding: 5px;\">SEG\u00daN SU FINALIDAD<\/div>\n<div class=\"tablecell\" style=\"width: 75%; vertical-align: middle; border-left: 1px solid #000000;\">\n<div class=\"tablefull\" style=\"width: 100%;\">\n<div class=\"tablecell\" style=\"vertical-align: middle; padding: 5px; width: 30%; border-right: 1px solid #000000; border-bottom: 1px solid #000000;\">Cookies t\u00e9cnicas<\/div>\n<div class=\"tablecell\" style=\"padding: 5px; border-bottom: 1px solid #000000;\">Son las necesarias para la correcta navegaci\u00f3n por la web.<\/div>\n<\/div>\n<div class=\"tablefull\" style=\"width: 100%;\">\n<div class=\"tablecell\" style=\"vertical-align: middle; padding: 5px; width: 30%; border-right: 1px solid #000000; border-bottom: 1px solid #000000;\">Cookies de personalizaci\u00f3n<\/div>\n<div class=\"tablecell\" style=\"padding: 5px; border-bottom: 1px solid #000000;\">Permiten al usuario las caracter\u00edsticas (idioma) para la navegaci\u00f3n por la website<\/div>\n<\/div>\n<div class=\"tablefull\" style=\"width: 100%;\">\n<div class=\"tablecell\" style=\"vertical-align: middle; padding: 5px; width: 30%; border-right: 1px solid #000000; border-bottom: 1px solid #000000;\">Cookies de an\u00e1lisis<\/div>\n<div class=\"tablecell\" style=\"padding: 5px; border-bottom: 1px solid #000000;\">Permiten al prestador el an\u00e1lisis vinculado a la navegaci\u00f3n realizada por el usuario, con la finalidad de llevar un seguimiento de uso de la p\u00e1gina web, as\u00ed como realizar estad\u00edsticas de los contenidos m\u00e1s visitados, n\u00famero de visitantes, etc.<\/div>\n<\/div>\n<div class=\"tablefull\" style=\"width: 100%;\">\n<div class=\"tablecell\" style=\"vertical-align: middle; padding: 5px; width: 30%; border-right: 1px solid #000000; border-bottom: 1px solid #000000;\">Cookies publicitarias<\/div>\n<div class=\"tablecell\" style=\"padding: 5px; border-bottom: 1px solid #000000;\">Permiten al editor incluir en la web, espacios publicitarios, seg\u00fan el contenido de la propia web.<\/div>\n<\/div>\n<div class=\"tablefull\" style=\"width: 100%;\">\n<div class=\"tablecell\" style=\"vertical-align: middle; padding: 5px; width: 30%; border-right: 1px solid #000000;\">Cookies de publicidad comportamental<\/div>\n<div class=\"tablecell\" style=\"padding: 5px;\">Permiten al editor incluir en la p\u00e1gina web espacios publicitarios seg\u00fan la informaci\u00f3n obtenida a trav\u00e9s de los h\u00e1bitos de navegaci\u00f3n del usuario.<\/div>\n<\/div>\n<\/div>\n<\/div>\n<\/div>\n<p>[\/vc_column_text][\/vc_column][\/vc_row][vc_row][vc_column][vc_column_text]Seg\u00fan lo dispuesto en el art\u00edculo 22.2 de la Ley 34\/2002, de 11 de julio, de Servicios de la Sociedad de la Informaci\u00f3n y de Comercio Electr\u00f3nico (LSSI-CE), INTEREUROPA informa de las cookies utilizadas en nuestra website:[\/vc_column_text][\/vc_column][\/vc_row][vc_row][vc_column el_class=&#8221;csstabla&#8221;][vc_column_text]<\/p>\n<div class=\"csstabla1\" style=\"font-size: 14px; text-align: center; margin-bottom: 24px;\">\n<div class=\"tablefull\" style=\"width: 100%;\">\n<div class=\"tablecell\" style=\"width: 20%;\"><\/div>\n<div class=\"tablecell\" style=\"border-left: 1px solid; border-top: 1px solid #000000; border-right: 1px solid; border-bottom: 1px solid; text-align: center; font-weight: bold; padding: 10px 0px;\">TIPOS DE COOKIES<\/div>\n<\/div>\n<div class=\"tablefull\" style=\"width: 100%;\">\n<div class=\"tablecell\" style=\"width: 20%;\"><\/div>\n<div class=\"tablecell\" style=\"border-left: 1px solid; width: 20%; padding: 10px 0px;\">Cookies propias<\/div>\n<div class=\"tablecell\" style=\"border-left: 1px solid; width: 20%; padding: 10px 0px;\">Cookies de tercero<\/div>\n<div class=\"tablecell\" style=\"border-left: 1px solid; width: 20%; padding: 10px 0px;\">Cookies de sesi\u00f3n<\/div>\n<div class=\"tablecell\" style=\"border-left: 1px solid; width: 20%; border-right: 1px solid; padding: 10px 0px;\">Cookies persistentes<\/div>\n<\/div>\n<div class=\"tablefull\" style=\"width: 100%; border-top: 1px solid #000000;\">\n<div class=\"tablecell\" style=\"border-left: 1px solid; width: 20%; padding: 10px 0px;\">Cookies t\u00e9cnicas<\/div>\n<div class=\"tablecell\" style=\"vertical-align: middle; width: 20%; border-left: 1px solid;\">\u2612<\/div>\n<div class=\"tablecell\" style=\"vertical-align: middle; width: 20%; border-left: 1px solid;\">\n<div style=\"width: 13px; height: 13px; border: 1px solid; margin-left: auto; margin-right: auto;\"><\/div>\n<\/div>\n<div class=\"tablecell\" style=\"vertical-align: middle; width: 20%; border-left: 1px solid;\">\u2612<\/div>\n<div class=\"tablecell\" style=\"vertical-align: middle; width: 20%; border-left: 1px solid; border-right: 1px solid;\">\n<div style=\"width: 13px; height: 13px; border: 1px solid; margin-left: auto; margin-right: auto;\"><\/div>\n<\/div>\n<\/div>\n<div class=\"tablefull\" style=\"width: 100%; border-top: 1px solid #000000;\">\n<div class=\"tablecell\" style=\"border-left: 1px solid; width: 20%; padding: 10px 0px;\">Cookies de personalizaci\u00f3n<\/div>\n<div class=\"tablecell\" style=\"vertical-align: middle; width: 20%; border-left: 1px solid;\">\u2612<\/div>\n<div class=\"tablecell\" style=\"vertical-align: middle; width: 20%; border-left: 1px solid;\">\n<div style=\"width: 13px; height: 13px; border: 1px solid; margin-left: auto; margin-right: auto;\"><\/div>\n<\/div>\n<div class=\"tablecell\" style=\"vertical-align: middle; width: 20%; border-left: 1px solid;\">\u2612<\/div>\n<div class=\"tablecell\" style=\"vertical-align: middle; width: 20%; border-left: 1px solid; border-right: 1px solid;\">\n<div style=\"width: 13px; height: 13px; border: 1px solid; margin-left: auto; margin-right: auto;\"><\/div>\n<\/div>\n<\/div>\n<div class=\"tablefull\" style=\"width: 100%; border-top: 1px solid #000000;\">\n<div class=\"tablecell\" style=\"border-left: 1px solid; width: 20%; padding: 10px 0px;\">Cookies de an\u00e1lisis<\/div>\n<div class=\"tablecell\" style=\"vertical-align: middle; width: 20%; border-left: 1px solid;\">\u2612<\/div>\n<div class=\"tablecell\" style=\"vertical-align: middle; width: 20%; border-left: 1px solid;\">\n<div style=\"width: 13px; height: 13px; border: 1px solid; margin-left: auto; margin-right: auto;\"><\/div>\n<\/div>\n<div class=\"tablecell\" style=\"vertical-align: middle; width: 20%; border-left: 1px solid;\">\u2612<\/div>\n<div class=\"tablecell\" style=\"vertical-align: middle; width: 20%; border-left: 1px solid; border-right: 1px solid;\">\n<div style=\"width: 13px; height: 13px; border: 1px solid; margin-left: auto; margin-right: auto;\"><\/div>\n<\/div>\n<\/div>\n<div class=\"tablefull\" style=\"width: 100%; border-top: 1px solid #000000;\">\n<div class=\"tablecell\" style=\"border-left: 1px solid; width: 20%; padding: 10px 0px;\">Cookies publicitarias<\/div>\n<div class=\"tablecell\" style=\"vertical-align: middle; width: 20%; border-left: 1px solid;\">\u2612<\/div>\n<div class=\"tablecell\" style=\"vertical-align: middle; width: 20%; border-left: 1px solid;\">\n<div style=\"width: 13px; height: 13px; border: 1px solid; margin-left: auto; margin-right: auto;\"><\/div>\n<\/div>\n<div class=\"tablecell\" style=\"vertical-align: middle; width: 20%; border-left: 1px solid;\">\u2612<\/div>\n<div class=\"tablecell\" style=\"vertical-align: middle; width: 20%; border-left: 1px solid; border-right: 1px solid;\">\n<div style=\"width: 13px; height: 13px; border: 1px solid; margin-left: auto; margin-right: auto;\"><\/div>\n<\/div>\n<\/div>\n<div class=\"tablefull\" style=\"width: 100%; border-top: 1px solid #000000; border-bottom: 1px solid #000000;\">\n<div class=\"tablecell\" style=\"border-left: 1px solid; width: 20%; padding: 10px 0px;\">Cookies de publicidad comportamental<\/div>\n<div class=\"tablecell\" style=\"vertical-align: middle; width: 20%; border-left: 1px solid;\">\u2612<\/div>\n<div class=\"tablecell\" style=\"vertical-align: middle; width: 20%; border-left: 1px solid;\">\n<div style=\"width: 13px; height: 13px; border: 1px solid; margin-left: auto; margin-right: auto;\"><\/div>\n<\/div>\n<div class=\"tablecell\" style=\"vertical-align: middle; width: 20%; border-left: 1px solid;\">\u2612<\/div>\n<div class=\"tablecell\" style=\"vertical-align: middle; width: 20%; border-left: 1px solid; border-right: 1px solid;\">\n<div style=\"width: 13px; height: 13px; border: 1px solid; margin-left: auto; margin-right: auto;\"><\/div>\n<\/div>\n<\/div>\n<\/div>\n<p>[\/vc_column_text][\/vc_column][\/vc_row][vc_row][vc_column][vc_column_text]Google Analytics: Almacena cookies para poder elaborar estad\u00edsticas sobre el tr\u00e1fico y volumen de visitas de esta web. Al utilizar este sitio web est\u00e1 consintiendo el tratamiento de informaci\u00f3n acerca de usted por Google. Por tanto, el ejercicio de cualquier derecho en este sentido deber\u00e1 hacerlo comunicando directamente con Google.<br \/>\nLas cookies de Google Analytics, se almacenan en servidores ubicados en Estados Unidos y se compromete a no compartirla con terceros, excepto en los casos en los que sea necesario para el funcionamiento del sistema o cuando la ley obligue a tal efecto. Seg\u00fan Google no guarda su direcci\u00f3n IP.<\/p>\n<p>Google Inc. es una compa\u00f1\u00eda adherida a \u201cPrivacy Shiels\u201d (escudo de privacidad) que garantiza que todos los datos transferidos ser\u00e1n tratados con un nivel de protecci\u00f3n acorde a la normativa europea. Puede consultar informaci\u00f3n detallada a este respecto a trav\u00e9s del siguiente enlace: https:\/\/support.google.com\/analytics\/answer\/6004245<br \/>\nSi lo desea puede utilizar el Complemento de inhabilitaci\u00f3n para navegadores de Google Analytics a trav\u00e9s de cuyas instrucciones pueden rechazarse las cookies anal\u00edticas de dicho servicio en todos los navegadores. Puede consultar m\u00e1s informaci\u00f3n al respecto en el siguiente enlace: https:\/\/tools.google.com\/dlpage\/gaoptout<\/p>\n<p>Asimismo, INTEREUROPA informa al usuario de que tiene la posibilidad de configurar su navegador de modo que se le informe de la recepci\u00f3n de cookies, pudiendo, si as\u00ed lo desea, impedir que sean instaladas en su disco duro.<br \/>\nA continuaci\u00f3n le proporcionamos los enlaces de diversos navegadores, a trav\u00e9s de los cuales podr\u00e1 realizar dicha configuraci\u00f3n:<\/p>\n<p>Firefox desde aqu\u00ed: <a href=\"https:\/\/support.mozilla.org\/es\/kb\/habilitar-y-deshabilitar-cookies-sitios-web-rastrear-preferencias?redirectlocale=es&amp;redirectslug=habilitar-y-deshabilitar-cookies-que-los-sitios-we\" target=\"_blank\" rel=\"noopener noreferrer nofollow\">http:\/\/support.mozilla.org\/es\/kb\/habilitar-y-deshabilitar-cookies-que-los- sitios-we<\/a><br \/>\nChrome desde aqu\u00ed: <a href=\"http:\/\/support.google.com\/chrome\/bin\/answer.py?hl=es&amp;answer=95647\" target=\"_blank\" rel=\"noopener noreferrer nofollow\">http:\/\/support.google.com\/chrome\/bin\/answer.py?hl=es&amp;answer=95647<\/a><br \/>\nExplorer desde aqu\u00ed: <a href=\"https:\/\/support.microsoft.com\/es-es\/help\/17442\/windows-internet-explorer-delete-manage-cookies#ie=ie-10\" target=\"_blank\" rel=\"noopener noreferrer nofollow\">http:\/\/windows.microsoft.com\/es-es\/internet-explorer\/delete-manage- cookies#ie=ie-10<\/a><br \/>\nSafari desde aqu\u00ed: <a href=\"http:\/\/support.apple.com\/kb\/ph5042\" target=\"_blank\" rel=\"noopener noreferrer nofollow\">http:\/\/support.apple.com\/kb\/ph5042<\/a><br \/>\nOpera desde aqu\u00ed: <a href=\"http:\/\/help.opera.com\/Windows\/11.50\/es-ES\/cookies.html\" target=\"_blank\" rel=\"noopener noreferrer nofollow\">http:\/\/help.opera.com\/Windows\/11.50\/es-ES\/cookies.html<\/a>[\/vc_column_text][\/vc_column][\/vc_row]<\/p>\n<\/div>","protected":false},"excerpt":{"rendered":"<p>[vc_row][vc_column][vc_column_text]Una Cookie es un fichero que se descarga en su ordenador al acceder a determinadas p\u00e1ginas web. Las cookies permiten a una p\u00e1gina web, entre otras cosas, almacenar y recuperar informaci\u00f3n sobre los h\u00e1bitos de navegaci\u00f3n de un usuario o de su equipo y, dependiendo de la informaci\u00f3n que contenga y de la forma en [&hellip;]<\/p>\n","protected":false},"author":12,"featured_media":0,"parent":0,"menu_order":0,"comment_status":"closed","ping_status":"closed","template":"","meta":{"_joinchat":[],"footnotes":""},"class_list":["post-6748","page","type-page","status-publish","hentry"],"_links":{"self":[{"href":"https:\/\/intereuropa.es\/en\/wp-json\/wp\/v2\/pages\/6748","targetHints":{"allow":["GET"]}}],"collection":[{"href":"https:\/\/intereuropa.es\/en\/wp-json\/wp\/v2\/pages"}],"about":[{"href":"https:\/\/intereuropa.es\/en\/wp-json\/wp\/v2\/types\/page"}],"author":[{"embeddable":true,"href":"https:\/\/intereuropa.es\/en\/wp-json\/wp\/v2\/users\/12"}],"replies":[{"embeddable":true,"href":"https:\/\/intereuropa.es\/en\/wp-json\/wp\/v2\/comments?post=6748"}],"version-history":[{"count":2,"href":"https:\/\/intereuropa.es\/en\/wp-json\/wp\/v2\/pages\/6748\/revisions"}],"predecessor-version":[{"id":6754,"href":"https:\/\/intereuropa.es\/en\/wp-json\/wp\/v2\/pages\/6748\/revisions\/6754"}],"wp:attachment":[{"href":"https:\/\/intereuropa.es\/en\/wp-json\/wp\/v2\/media?parent=6748"}],"curies":[{"name":"wp","href":"https:\/\/api.w.org\/{rel}","templated":true}]}}