{"id":6749,"date":"2018-02-09T12:25:31","date_gmt":"2018-02-09T12:25:31","guid":{"rendered":"http:\/\/intereuropa.es\/terminos-y-condiciones\/"},"modified":"2026-02-20T10:34:53","modified_gmt":"2026-02-20T10:34:53","slug":"terms-and-conditions","status":"publish","type":"page","link":"https:\/\/intereuropa.es\/en\/terms-and-conditions\/","title":{"rendered":"Terms and conditions"},"content":{"rendered":"<div class=\"wpb-content-wrapper\"><p>[vc_row][vc_column][vc_column_text css=&#8221;&#8221;]<\/p>\n<h4><span style=\"color: #ff0000;\">General conditions<\/span><\/h4>\n<hr style=\"background: #ff0000; border-color: #ff0000;\" \/>\n<h5><span style=\"color: #ff0000;\">Cancellations and Refunds<\/span><\/h5>\n<p>Cancellations must be notified to INTEREUROPA in writing.<\/p>\n<p><strong>Cancellations made up to 30 days before the start of the program.<br \/>\n<\/strong>The school will apply the following charges:<\/p>\n<ul>\n<li>25% of the total course price.<br \/>\nThis amount will not be lost; it will remain available in the student\u2019s balance during the current year to enroll in another program within the same year. After this period, if the student has not taken any course, this amount will be forfeited.<\/li>\n<li>100% of the accommodation fee if the booking is for 1 or 2 weeks.<\/li>\n<li>If the accommodation booking is for 3 or more weeks, the penalty will be 2 weeks.<\/li>\n<\/ul>\n<p><strong>Cancellations made 29 to 15 days before the start of the program.<br \/>\n<\/strong>The school will apply the following charges:<\/p>\n<ul>\n<li>50% of the total course price.<br \/>\nThis amount will not be lost; it will remain available in the student\u2019s balance during the current year to enroll in another program within the same year. After this period, if the student has not taken any course, this amount will be forfeited.<\/li>\n<li>100% of the accommodation fee if the booking is for 1 or 2 weeks.<\/li>\n<li>If the accommodation booking is for 3 or more weeks, the penalty will be 3 weeks.<\/li>\n<\/ul>\n<p><strong>Cancellations made less than 15 days before the start of the program.<br \/>\n<\/strong>The school will apply the following charges:<\/p>\n<ul>\n<li>75% of the total course price.<br \/>\nThis amount will not be lost; it will remain available in the student\u2019s balance during the current year to enroll in another program within the same year. After this period, if the student has not taken any course, this amount will be forfeited.<\/li>\n<li>100% of the accommodation fee if the booking is for 1 or 2 weeks.<\/li>\n<li>If the accommodation booking is for 3 or more weeks, the penalty will be 3 weeks.<\/li>\n<li>If the accommodation booking is for 4 or more weeks, the penalty will be 4 weeks.<\/li>\n<\/ul>\n<p>Under no circumstances will course or accommodation fees be refunded once the program has started.<br \/>\nHowever, cases of illness of the student or a close family member, duly supported by a medical certificate, will be considered as special cases.<\/p>\n<p style=\"color: #ff0000; font-variant: small-caps;\">Postponements<\/p>\n<p>To change a booking already confirmed (arrival date, accommodation, etc.), we will charge an extra fee of 50\u20ac per student. The change is due to availability.<br \/>\nAll postponements must be made at least 15 days before the course is due to start.<br \/>\nThe postponement date will count as soon as the school receives notification in writing.<br \/>\nStudents dispose of 3 months\u2019 time to arrange the new course.<br \/>\nAll re-arranged dates are subject to availability.<br \/>\nCourse may only be re-arranged once.<\/p>\n<p style=\"color: #ff0000; font-variant: small-caps;\">Bank holidays<\/p>\n<p>The school will be closed for public holidays and missed classes won&#8217;t be re-arranged.<\/p>\n<p style=\"color: #ff0000; font-variant: small-caps;\">Books<\/p>\n<p>We use our own book. The first book is included in the registration fee price.<br \/>\nAdditional books will be sold at 6\u20ac each. Students who don\u2019t wish to buy additional books can borrow them at the reception by paying 5\u20ac deposit which will be refunded when they return the book.<\/p>\n<p style=\"color: #ff0000; font-variant: small-caps;\">Absences<\/p>\n<p>Missed classes for absence cannot be re-arranged.<\/p>\n<p style=\"color: #ff0000; font-variant: small-caps;\">Minimum number of students in class<\/p>\n<p>Group classes with only one student will be reduced by a 50%.<br \/>\nIntereuropa reserves the right to cancel courses that have not reached the minimum number of students, in these cases the student will be refunded in full.<\/p>\n<p style=\"color: #ff0000; font-variant: small-caps;\">Accommodation<\/p>\n<p>Unless you pay for extra days, your accommodation will be available from the Sunday before the course starts until the Saturday after the course ends (at 12pm). No fees will be refunded if you stop the course or leave your accommodation.<br \/>\nFor nightly arrivals (after 22.00 pm) to shared apartments, it will be necessary to book our taxi service.<\/p>\n<p style=\"color: #ff0000; font-variant: small-caps;\">Deposit<\/p>\n<p>A deposit fee of 50\u20ac for the accommodation will be required for the shared apartments.<\/p>\n<p style=\"color: #ff0000; font-variant: small-caps;\">Certificates<\/p>\n<p>At the end of the course, all students that have attended at least 80% of the course, will receive a certificate of attendance.<\/p>\n<p style=\"color: #ff0000; font-variant: small-caps;\">Expulsions<\/p>\n<p>Intereuropa reserves the right to expel a student from the course \/ accommodation for misconduct. If so, no refund will be made.<\/p>\n<h4><\/h4>\n<p>&nbsp;<\/p>\n<h4><span style=\"color: #ff0000;\"><em>POL\u00cdTICA DE PRIVACIDAD<\/em><br \/>\n<\/span><\/h4>\n<hr style=\"background: #ff0000; border-color: #ff0000;\" \/>\n<h5><em><span style=\"color: #ff0000;\">CL\u00c1USULA INFORMATIVA<br \/>\n<\/span><\/em><\/h5>\n<p><em>La privacidad es de gran importancia para INTEREUROPA ESPA\u00d1OL PARA EXTRANJEROS SL y queremos mantener una actitud abierta y transparente al tratar sus datos personales. Por lo tanto, disponemos de una pol\u00edtica que establece c\u00f3mo se tratan y protegen sus datos personales.<\/em><\/p>\n<p style=\"color: #ff0000; font-variant: small-caps;\"><em>\u00bfQui\u00e9n es el responsable del tratamiento de sus datos?<\/em><\/p>\n<p><em>INTEREUROPA ESPA\u00d1OL PARA EXTRANJEROS SL | CIF: B96758552 | Dir.Postal: VALENCIA (VALENCIA), C.P. 46002, PLAZA AYUNTAMIENTO N\u00ba 5, PLANTA 1, PUERTA 1 | E-mail:info@intereuropa.es<\/em><\/p>\n<p style=\"color: #ff0000; font-variant: small-caps;\"><em>\u00bfCon qu\u00e9 finalidad tratamos sus datos personales?<\/em><\/p>\n<p><em>En INTEREUROPA ESPA\u00d1OL PARA EXTRANJEROS SL tratamos la informaci\u00f3n que nos facilitan las personas interesadas con el fin de realizar la gesti\u00f3n administrativa, contable y fiscal de los servicios solicitados, as\u00ed como enviar comunicaciones comerciales sobre nuestros productos y servicios, para cuyo consentimiento usted haya prestado.<\/em><\/p>\n<p style=\"color: #ff0000; font-variant: small-caps;\"><em>\u00bfPor cu\u00e1nto tiempo conservaremos sus datos?<\/em><\/p>\n<p><em>Los datos se conservar\u00e1n mientras se mantenga la relaci\u00f3n comercial, y en su caso, durante los a\u00f1os necesarios para cumplir con las obligaciones legales que resulte de aplicaci\u00f3n.<\/em><\/p>\n<p style=\"color: #ff0000; font-variant: small-caps;\"><em>\u00bfCu\u00e1l es la legitimaci\u00f3n para el tratamiento de sus datos?<\/em><\/p>\n<p><em>Le indicamos la base legal para el tratamiento de sus datos:<\/em><br \/>\n<em> &#8211; Ejecuci\u00f3n de un contrato: Prestaci\u00f3n de los servicios solicitados<\/em><br \/>\n<em> &#8211; Consentimiento del interesado: Env\u00edo de comunicaciones comerciales.<\/em><\/p>\n<p style=\"color: #ff0000; font-variant: small-caps;\"><em>\u00bfA qu\u00e9 destinatarios se comunicar\u00e1n sus datos?<\/em><\/p>\n<p><em>\u00danicamente se ceder\u00e1n sus datos a los terceros para los cuales hemos recabado debidamente su consentimiento, as\u00ed como para dar cumplimiento a las obligaciones legales.<\/em><br \/>\n<em> Transferencias de datos a terceros pa\u00edses<\/em><br \/>\n<em> Se realizar\u00e1n transferencias de datos a terceros pa\u00edses para los cuales se la ha recabado debidamente su consentimiento.<\/em><\/p>\n<p style=\"color: #ff0000; font-variant: small-caps;\"><em>\u00bfCu\u00e1les son sus derechos cuando nos facilita sus datos?<\/em><\/p>\n<p><em>Cualquier persona tiene derecho a obtener confirmaci\u00f3n sobre si en INTEREUROPA ESPA\u00d1OL PARA EXTRANJEROS SL estamos tratando datos personales que les conciernan, o no.<\/em><br \/>\n<em> Las personas interesadas tienen derecho a acceder a sus datos personales, as\u00ed como a solicitar la rectificaci\u00f3n de los datos inexactos o, en su caso, solicitar su supresi\u00f3n cuando, entre otros motivos, los datos ya no sea necesarios para los fines que fueron recogidos.<\/em><br \/>\n<em> En determinadas circunstancias, los interesados podr\u00e1n solicitar la limitaci\u00f3n del tratamiento de sus datos, en cuyo caso \u00fanicamente los conservaremos para el ejercicio o la defensa de reclamaciones.<\/em><br \/>\n<em> En determinadas circunstancias y por motivos relacionados con su situaci\u00f3n particular, los interesados podr\u00e1n oponerse al tratamiento de sus datos.<\/em><br \/>\n<em> En este caso, INTEREUROPA ESPA\u00d1OL PARA EXTRANJEROS SL dejar\u00e1 de tratar los datos, salvo por motivos leg\u00edtimos imperiosos, o el ejercicio o la defensa de posibles reclamaciones.<\/em><br \/>\n<em> Podr\u00e1 ejercitar materialmente sus derechos de la siguiente forma: dirigi\u00e9ndose a la direcci\u00f3n de correo electr\u00f3nico del responsable del tratamiento rese\u00f1ado anteriormente adjuntando copia de su DNI o documento de identidad.<\/em><br \/>\n<em> Si ha otorgado su consentimiento para alguna finalidad concreta, tiene derecho a retirar el consentimiento otorgado en cualquier momento, sin que ello afecte a la licitud del tratamiento basado en el consentimiento previo a su retirada.<\/em><br \/>\n<em> En caso de que sienta vulnerados sus derechos en lo concerniente a la protecci\u00f3n de sus datos personales, especialmente cuando no haya obtenido satisfacci\u00f3n en el ejercicio de sus derechos, puede presentar una reclamaci\u00f3n ante la Autoridad de Control en materia de Protecci\u00f3n de Datos competente a trav\u00e9s de su sitio web: www.agpd.es.<\/em><\/p>\n<p style=\"color: #ff0000; font-variant: small-caps;\"><em>\u00bfC\u00f3mo hemos obtenido sus datos?<\/em><\/p>\n<p><em>Los datos personales que tratamos en INTEREUROPA ESPA\u00d1OL PARA EXTRANJEROS SL han sido directamente proporcionados por el interesado.<\/em><br \/>\n<em> Las categor\u00edas de datos que se tratan son:<\/em><br \/>\n<em> &#8211; Datos identificativos<\/em><br \/>\n<em> &#8211; Direcciones postales y electr\u00f3nicas<\/em><br \/>\n<em> &#8211; Informaci\u00f3n comercial.<\/em>[\/vc_column_text][\/vc_column][\/vc_row]<\/p>\n<\/div>","protected":false},"excerpt":{"rendered":"<p>[vc_row][vc_column][vc_column_text css=&#8221;&#8221;] General conditions Cancellations and Refunds Cancellations must be notified to INTEREUROPA in writing. Cancellations made up to 30 days before the start of the program. The school will apply the following charges: 25% of the total course price. This amount will not be lost; it will remain available in the student\u2019s balance during [&hellip;]<\/p>\n","protected":false},"author":12,"featured_media":6750,"parent":0,"menu_order":0,"comment_status":"closed","ping_status":"closed","template":"","meta":{"_joinchat":[],"footnotes":""},"class_list":["post-6749","page","type-page","status-publish","has-post-thumbnail","hentry"],"_links":{"self":[{"href":"https:\/\/intereuropa.es\/en\/wp-json\/wp\/v2\/pages\/6749","targetHints":{"allow":["GET"]}}],"collection":[{"href":"https:\/\/intereuropa.es\/en\/wp-json\/wp\/v2\/pages"}],"about":[{"href":"https:\/\/intereuropa.es\/en\/wp-json\/wp\/v2\/types\/page"}],"author":[{"embeddable":true,"href":"https:\/\/intereuropa.es\/en\/wp-json\/wp\/v2\/users\/12"}],"replies":[{"embeddable":true,"href":"https:\/\/intereuropa.es\/en\/wp-json\/wp\/v2\/comments?post=6749"}],"version-history":[{"count":5,"href":"https:\/\/intereuropa.es\/en\/wp-json\/wp\/v2\/pages\/6749\/revisions"}],"predecessor-version":[{"id":22177,"href":"https:\/\/intereuropa.es\/en\/wp-json\/wp\/v2\/pages\/6749\/revisions\/22177"}],"wp:featuredmedia":[{"embeddable":true,"href":"https:\/\/intereuropa.es\/en\/wp-json\/wp\/v2\/media\/6750"}],"wp:attachment":[{"href":"https:\/\/intereuropa.es\/en\/wp-json\/wp\/v2\/media?parent=6749"}],"curies":[{"name":"wp","href":"https:\/\/api.w.org\/{rel}","templated":true}]}}