{"id":6620,"date":"2016-10-05T15:22:34","date_gmt":"2016-10-05T15:22:34","guid":{"rendered":"http:\/\/intereuropa.es\/sobre-nosotros\/"},"modified":"2019-11-21T10:34:30","modified_gmt":"2019-11-21T10:34:30","slug":"qui-nous-sommes","status":"publish","type":"page","link":"https:\/\/intereuropa.es\/fr\/qui-nous-sommes\/","title":{"rendered":"Qui sommes-nous ?"},"content":{"rendered":"<div class=\"wpb-content-wrapper\"><p>[vc_row inverse=\u00a0\u00bb\u00a0\u00bb css=\u00a0\u00bb.vc_custom_1517167135405{margin-top: 25px !important;border-top-width: 0px !important;padding-top: 0px !important;}\u00a0\u00bb][vc_column css=\u00a0\u00bb.vc_custom_1517167120998{margin-top: 25px !important;background-color: #f2f2f2 !important;}\u00a0\u00bb]<h3 class=\"sc_title sc_title_regular sc_align_center margin_top_null margin_bottom_null\" style=\"text-align:center;\">\u00c9cole d&rsquo;espagnol \u00e0 Valence<\/h3>[vc_column_text]<\/p>\n<h5 style=\"margin-top: 17px; text-align: center;\"><span class=\"texto Estilo6\"><span class=\"titulopeq\">Pourquoi Intereuropa ?<\/span><\/span><\/h5>\n<p>&nbsp;<\/p>\n<p style=\"text-align: center;\"><strong>L\u2019\u00e9cole d\u2019espagnol Intereuropa est situ\u00e9e en plein centre de Valence<\/strong>,\u00a0sur la Plaza del Ayuntamiento (Place de la mairie), dans la zone la plus \u00e9l\u00e9gante, \u00e0 quelques minutes des monuments principaux et des commerces les plus prestigieux. La plupart des si\u00e8ges, des organismes publics et des institutions se trouvent \u00e9galement sur cette place.<\/p>\n<p style=\"text-align: center;\">Intereuropa se trouve au premier \u00e9tage d\u2019un b\u00e2timent historique. L\u2019 \u00e9cole comprend 10 salles de classes climatis\u00e9es, une r\u00e9ception, une salle d\u2019\u00e9tude, une biblioth\u00e8que, une salle de t\u00e9l\u00e9 et vid\u00e9o. Elle comprend \u00e9galement une zone commune o\u00f9 les \u00e9tudiants peuvent se r\u00e9unir et bavarder pendant la pause entre les cours, un distributeur de boissons et de caf\u00e9, ainsi qu\u2019un acc\u00e8s gratuit \u00e0 Internet.<\/p>\n<p style=\"text-align: center;\"><strong>Centre accr\u00e9dit\u00e9 par l\u2019 \u00b4\u00b4INSTITUTO CERVANTES\u00b4\u00b4.<\/strong><br \/>\n<img loading=\"lazy\" decoding=\"async\" class=\"alignnone wp-image-824\" src=\"http:\/\/intereuropa.es\/wp-content\/uploads\/2016\/10\/institutocervantesred.png\" alt=\"\" width=\"123\" height=\"126\" \/><\/p>\n<p>[\/vc_column_text][vc_empty_space][vc_row_inner][vc_column_inner width=\u00a0\u00bb1\/3&Prime;][\/vc_column_inner][vc_column_inner width=\u00a0\u00bb1\/3&Prime;]<h3 class=\"sc_title sc_title_regular sc_align_center margin_top_null margin_bottom_tiny\" style=\"text-align:center;\">Notre \u00e9cole<\/h3>[vc_images_carousel images=\u00a0\u00bb4814,4813,4812,4811,4810,4809,4808,4807&Prime; img_size=\u00a0\u00bbfull\u00a0\u00bb speed=\u00a0\u00bb4000&Prime; autoplay=\u00a0\u00bbyes\u00a0\u00bb hide_pagination_control=\u00a0\u00bbyes\u00a0\u00bb hide_prev_next_buttons=\u00a0\u00bbyes\u00a0\u00bb wrap=\u00a0\u00bbyes\u00a0\u00bb css=\u00a0\u00bb.vc_custom_1527673051624{margin-bottom: 15px !important;}\u00a0\u00bb][\/vc_column_inner][vc_column_inner width=\u00a0\u00bb1\/3&Prime;][\/vc_column_inner][\/vc_row_inner][\/vc_column][\/vc_row][vc_row full_width=\u00a0\u00bbstretch_row\u00a0\u00bb inverse=\u00a0\u00bb\u00a0\u00bb css=\u00a0\u00bb.vc_custom_1517179952867{margin-top: 25px !important;}\u00a0\u00bb][vc_column]<div id=\"sc_team_899588331_wrap\" class=\"sc_team_wrap\"><div id=\"sc_team_899588331\" class=\"sc_team sc_team_style_team-3  margin_bottom_small aligncenter\" style=\"width:100%;\"><h3 class=\"sc_team_title sc_item_title sc_item_title_without_descr\">Nos professeurs<\/h3><h5 class=\"sc_team_subtitle sc_item_subtitle\">Notre \u00e9quipe<\/h5><div class=\"sc_columns columns_wrap\"><div class=\"column-1_6\">\t\t\t<div id=\"sc_team_899588331_1\"\t\t\t\tclass=\"sc_team_item sc_team_item_1 odd first\"\n\t\t\t\t>\n\t\t\t\t<div class=\"sc_team_item_avatar\"><img loading=\"lazy\" decoding=\"async\" class=\"wp-post-image\" width=\"370\" height=\"370\" alt=\"Irene Sanchez\" src=\"https:\/\/intereuropa.es\/wp-content\/uploads\/2018\/11\/irene-370x370.jpg\">\t\t\t\t\t<div class=\"sc_team_item_hover\">\n\t\t\t\t\t\t<div class=\"sc_team_item_socials\"><\/div>\n\t\t\t\t\t<\/div>\n\t\t\t\t<\/div>\n\t\t\t\t<div class=\"sc_team_item_info\">\n\t\t\t\t\t<h4 class=\"sc_team_item_title\"><a href=\"https:\/\/intereuropa.es\/fr\/equipe\/irene-sanchez\/\">Irene Sanchez<\/a><\/h4>\n\t\t\t\t\t<div class=\"sc_team_item_position\">Enseignant<\/div>\n\t\t\t\t<\/div>\n\t\t\t<\/div>\n\t\t<\/div><div class=\"column-1_6\">\t\t\t<div id=\"sc_team_899588331_2\"\t\t\t\tclass=\"sc_team_item sc_team_item_2 even\"\n\t\t\t\t>\n\t\t\t\t<div class=\"sc_team_item_avatar\"><img loading=\"lazy\" decoding=\"async\" class=\"wp-post-image\" width=\"370\" height=\"370\" alt=\"Vanesa Monreal\" src=\"https:\/\/intereuropa.es\/wp-content\/uploads\/2018\/11\/Vanesa-370x370.jpg\">\t\t\t\t\t<div class=\"sc_team_item_hover\">\n\t\t\t\t\t\t<div class=\"sc_team_item_socials\"><\/div>\n\t\t\t\t\t<\/div>\n\t\t\t\t<\/div>\n\t\t\t\t<div class=\"sc_team_item_info\">\n\t\t\t\t\t<h4 class=\"sc_team_item_title\"><a href=\"https:\/\/intereuropa.es\/fr\/equipe\/vanesa-monreal\/\">Vanesa Monreal<\/a><\/h4>\n\t\t\t\t\t<div class=\"sc_team_item_position\">Responsable des activit\u00e9s<\/div>\n\t\t\t\t<\/div>\n\t\t\t<\/div>\n\t\t<\/div><div class=\"column-1_6\">\t\t\t<div id=\"sc_team_899588331_3\"\t\t\t\tclass=\"sc_team_item sc_team_item_3 odd\"\n\t\t\t\t>\n\t\t\t\t<div class=\"sc_team_item_avatar\"><img loading=\"lazy\" decoding=\"async\" class=\"wp-post-image\" width=\"370\" height=\"370\" alt=\"Susana Monreal\" src=\"https:\/\/intereuropa.es\/wp-content\/uploads\/2018\/11\/IMG_20150917_132104-370x370.jpg\">\t\t\t\t\t<div class=\"sc_team_item_hover\">\n\t\t\t\t\t\t<div class=\"sc_team_item_socials\"><\/div>\n\t\t\t\t\t<\/div>\n\t\t\t\t<\/div>\n\t\t\t\t<div class=\"sc_team_item_info\">\n\t\t\t\t\t<h4 class=\"sc_team_item_title\"><a href=\"https:\/\/intereuropa.es\/fr\/equipe\/susana-monreal\/\">Susana Monreal<\/a><\/h4>\n\t\t\t\t\t<div class=\"sc_team_item_position\">Enseignant<\/div>\n\t\t\t\t<\/div>\n\t\t\t<\/div>\n\t\t<\/div><div class=\"column-1_6\">\t\t\t<div id=\"sc_team_899588331_4\"\t\t\t\tclass=\"sc_team_item sc_team_item_4 even\"\n\t\t\t\t>\n\t\t\t\t<div class=\"sc_team_item_avatar\"><img loading=\"lazy\" decoding=\"async\" class=\"wp-post-image\" width=\"370\" height=\"370\" alt=\"To\u00f1i Fern\u00e1ndez\" src=\"https:\/\/intereuropa.es\/wp-content\/uploads\/2018\/11\/IMG_20150917_132119-370x370.jpg\">\t\t\t\t\t<div class=\"sc_team_item_hover\">\n\t\t\t\t\t\t<div class=\"sc_team_item_socials\"><\/div>\n\t\t\t\t\t<\/div>\n\t\t\t\t<\/div>\n\t\t\t\t<div class=\"sc_team_item_info\">\n\t\t\t\t\t<h4 class=\"sc_team_item_title\"><a href=\"https:\/\/intereuropa.es\/fr\/equipe\/toni-fernandez\/\">To\u00f1i Fern\u00e1ndez<\/a><\/h4>\n\t\t\t\t\t<div class=\"sc_team_item_position\">Enseignant<\/div>\n\t\t\t\t<\/div>\n\t\t\t<\/div>\n\t\t<\/div><div class=\"column-1_6\">\t\t\t<div id=\"sc_team_899588331_5\"\t\t\t\tclass=\"sc_team_item sc_team_item_5 odd\"\n\t\t\t\t>\n\t\t\t\t<div class=\"sc_team_item_avatar\"><img loading=\"lazy\" decoding=\"async\" class=\"wp-post-image\" width=\"370\" height=\"370\" alt=\"Pio Darcangelo\" src=\"https:\/\/intereuropa.es\/wp-content\/uploads\/2016\/10\/pio-2-individual-classes-370x370.jpg\">\t\t\t\t\t<div class=\"sc_team_item_hover\">\n\t\t\t\t\t\t<div class=\"sc_team_item_socials\"><\/div>\n\t\t\t\t\t<\/div>\n\t\t\t\t<\/div>\n\t\t\t\t<div class=\"sc_team_item_info\">\n\t\t\t\t\t<h4 class=\"sc_team_item_title\"><a href=\"https:\/\/intereuropa.es\/fr\/equipe\/piodarcangelo\/\">Pio Darcangelo<\/a><\/h4>\n\t\t\t\t\t<div class=\"sc_team_item_position\">Directeur<\/div>\n\t\t\t\t<\/div>\n\t\t\t<\/div>\n\t\t<\/div><div class=\"column-1_6\">\t\t\t<div id=\"sc_team_899588331_6\"\t\t\t\tclass=\"sc_team_item sc_team_item_6 even\"\n\t\t\t\t>\n\t\t\t\t<div class=\"sc_team_item_avatar\"><img loading=\"lazy\" decoding=\"async\" class=\"wp-post-image\" width=\"370\" height=\"370\" alt=\"Carla Blasco\" src=\"https:\/\/intereuropa.es\/wp-content\/uploads\/2016\/10\/IMG_20150917_131954-370x370.jpg\">\t\t\t\t\t<div class=\"sc_team_item_hover\">\n\t\t\t\t\t\t<div class=\"sc_team_item_socials\"><\/div>\n\t\t\t\t\t<\/div>\n\t\t\t\t<\/div>\n\t\t\t\t<div class=\"sc_team_item_info\">\n\t\t\t\t\t<h4 class=\"sc_team_item_title\"><a href=\"https:\/\/intereuropa.es\/fr\/equipe\/carla-blasco\/\">Carla Blasco<\/a><\/h4>\n\t\t\t\t\t<div class=\"sc_team_item_position\">Coordinatrice<\/div>\n\t\t\t\t<\/div>\n\t\t\t<\/div>\n\t\t<\/div><\/div><\/div><!-- \/.sc_team --><\/div><!-- \/.sc_team_wrap -->[\/vc_column][\/vc_row][vc_row inverse=\u00a0\u00bb\u00a0\u00bb css=\u00a0\u00bb.vc_custom_1517167135405{margin-top: 25px !important;border-top-width: 0px !important;padding-top: 0px !important;}\u00a0\u00bb][vc_column css=\u00a0\u00bb.vc_custom_1517167120998{margin-top: 25px !important;background-color: #f2f2f2 !important;}\u00a0\u00bb]<h3 class=\"sc_title sc_title_regular sc_align_center margin_top_null margin_bottom_tiny\" style=\"text-align:center;\">Notre emplacement<\/h3><h5 class=\"sc_title sc_title_regular sc_align_center margin_top_null margin_bottom_small\" style=\"text-align:center;\">Dans le centre de Valence<\/h5>[vc_single_image image=\u00a0\u00bb1047&Prime; img_size=\u00a0\u00bbfull\u00a0\u00bb alignment=\u00a0\u00bbcenter\u00a0\u00bb css_animation=\u00a0\u00bbfadeIn\u00a0\u00bb]<div class=\"columns_wrap sc_columns columns_nofluid sc_columns_count_2\"><div class=\"column-1_2 sc_column_item sc_column_item_1 odd first\">[vc_column_text]<\/p>\n<p class=\"texto\" style=\"text-align: center;\" align=\"justify\"><strong><span class=\"titulopeq\"><br \/>\nAvantages d&rsquo;\u00eatre dans le centre ville:<br \/>\n<\/span><\/strong><\/p>\n<p style=\"text-align: center;\">Proche du quartier Carmen, connu pour sa vie nocturne<br \/>\nBars et restaurants typiques[\/vc_column_text]<\/div><div class=\"column-1_2 sc_column_item sc_column_item_2 even\">[vc_column_text]<\/p>\n<p style=\"text-align: center;\"><strong><span class=\"titulopeq\"><br \/>\nProche de :<br \/>\n<\/span><\/strong><\/p>\n<p style=\"text-align: center;\">Cath\u00e9drale<br \/>\nGare<br \/>\nZone commerciale<br \/>\nMonuments historiques[\/vc_column_text]<\/div><\/div>[vc_empty_space][\/vc_column][\/vc_row][vc_row full_width=\u00a0\u00bbstretch_row\u00a0\u00bb css=\u00a0\u00bb.vc_custom_1517179967648{margin-top: 25px !important;}\u00a0\u00bb][vc_column]<h3 class=\"sc_title sc_title_regular sc_align_center margin_top_null margin_bottom_null\" style=\"text-align:center;\">Nos \u00e9tudiants<\/h3><h5 class=\"sc_title sc_title_regular sc_align_center margin_top_null margin_bottom_small\" style=\"text-align:center;\">Qui sont-ils?<\/h5><div class=\"columns_wrap sc_columns columns_nofluid sc_columns_count_2\"><div class=\"column-1_2 sc_column_item sc_column_item_1 odd first\" style=\"padding-left:50px; padding-right:50px;text-align:left;\">[vc_round_chart style=\u00a0\u00bbmodern\u00a0\u00bb stroke_width=\u00a0\u00bb1&Prime; tooltips=\u00a0\u00bb\u00a0\u00bb values=\u00a0\u00bb%5B%7B%22title%22%3A%22France%22%2C%22value%22%3A%2218%22%2C%22color%22%3A%22pink%22%7D%2C%7B%22title%22%3A%22Italie%22%2C%22value%22%3A%2218%22%2C%22color%22%3A%22turquoise%22%2C%22custom_color%22%3A%22%23f4524d%22%7D%2C%7B%22title%22%3A%22Grande-Bretagne%22%2C%22value%22%3A%2215%22%2C%22color%22%3A%22blue%22%7D%2C%7B%22title%22%3A%22Autriche%22%2C%22value%22%3A%2217%22%2C%22color%22%3A%22peacoc%22%2C%22custom_color%22%3A%22%23b97ebb%22%7D%2C%7B%22title%22%3A%22Allemagne%22%2C%22value%22%3A%2214%22%2C%22color%22%3A%22sandy-brown%22%2C%22custom_color%22%3A%22%23f79468%22%7D%2C%7B%22title%22%3A%22%C3%89tats-Unis%22%2C%22value%22%3A%228%22%2C%22color%22%3A%22sky%22%2C%22custom_color%22%3A%22%23ebebeb%22%7D%2C%7B%22title%22%3A%22Russie%22%2C%22value%22%3A%228%22%2C%22color%22%3A%22green%22%2C%22custom_color%22%3A%22%23ebebeb%22%7D%2C%7B%22title%22%3A%22Europe%20du%20Nord%22%2C%22value%22%3A%2210%22%2C%22color%22%3A%22mulled-wine%22%2C%22custom_color%22%3A%22%23ebebeb%22%7D%2C%7B%22title%22%3A%22Asie%22%2C%22value%22%3A%223%22%2C%22color%22%3A%22black%22%2C%22custom_color%22%3A%22%23ebebeb%22%7D%5D\u00a0\u00bb title=\u00a0\u00bbNationalit\u00e9s\u00a0\u00bb][vc_progress_bar values=\u00a0\u00bb%5B%7B%22label%22%3A%22D%C3%A9velopper%20les%20comp%C3%A9tences%20linguistiques%20acquises%20dans%20son%20pays%20d%E2%80%99origine%22%2C%22value%22%3A%2290%22%2C%22color%22%3A%22bar_red%22%7D%2C%7B%22label%22%3A%22Valeur%20ajout%C3%A9e%20sur%20son%20cv%22%2C%22value%22%3A%2280%22%2C%22color%22%3A%22turquoise%22%7D%2C%7B%22label%22%3A%22Travail%3A%20progresser%20dans%20sa%20carri%C3%A8re%22%2C%22value%22%3A%2270%22%2C%22color%22%3A%22bar_orange%22%7D%2C%7B%22label%22%3A%22Raisons%20de%20voyage%22%2C%22value%22%3A%2240%22%2C%22color%22%3A%22bar_green%22%7D%5D\u00a0\u00bb options=\u00a0\u00bbanimated\u00a0\u00bb title=\u00a0\u00bbObjectifs\u00a0\u00bb]<\/div><div class=\"column-1_2 sc_column_item sc_column_item_2 even\" style=\"padding-left:50px; padding-right:50px;\">[vc_progress_bar values=\u00a0\u00bb%5B%7B%22label%22%3A%2218-25%22%2C%22value%22%3A%2290%22%2C%22color%22%3A%22bar_red%22%7D%2C%7B%22label%22%3A%2225-30%22%2C%22value%22%3A%2280%22%2C%22color%22%3A%22turquoise%22%7D%2C%7B%22label%22%3A%22%3E30%22%2C%22value%22%3A%2270%22%2C%22color%22%3A%22bar_orange%22%7D%5D\u00a0\u00bb options=\u00a0\u00bbanimated\u00a0\u00bb title=\u00a0\u00bb\u00c2ges\u00a0\u00bb][vc_round_chart type=\u00a0\u00bbdoughnut\u00a0\u00bb style=\u00a0\u00bbmodern\u00a0\u00bb stroke_width=\u00a0\u00bb2&Prime; tooltips=\u00a0\u00bb\u00a0\u00bb values=\u00a0\u00bb%5B%7B%22title%22%3A%22Jusqu%E2%80%99%C3%A0%201%20mois%22%2C%22value%22%3A%2260%22%2C%22color%22%3A%22blue%22%7D%2C%7B%22title%22%3A%22De%201%20%C3%A0%203%20mois%22%2C%22value%22%3A%2240%22%2C%22color%22%3A%22pink%22%7D%2C%7B%22title%22%3A%22Plus%20de%203%20mois%22%2C%22value%22%3A%2220%22%2C%22color%22%3A%22turquoise%22%2C%22custom_color%22%3A%22%23f4524d%22%7D%5D\u00a0\u00bb title=\u00a0\u00bbDur\u00e9e du cours d\u2019espagnol\u00a0\u00bb]<\/div><\/div>[\/vc_column][\/vc_row][vc_row inverse=\u00a0\u00bb\u00a0\u00bb css=\u00a0\u00bb.vc_custom_1517167135405{margin-top: 25px !important;border-top-width: 0px !important;padding-top: 0px !important;}\u00a0\u00bb][vc_column css=\u00a0\u00bb.vc_custom_1517167120998{margin-top: 25px !important;background-color: #f2f2f2 !important;}\u00a0\u00bb]<h3 class=\"sc_title sc_title_regular sc_align_center margin_top_null margin_bottom_tiny\" style=\"text-align:center;\">Nos activit\u00e9s extrascolaires<\/h3><h5 class=\"sc_title sc_title_regular sc_align_center margin_top_null margin_bottom_small\" style=\"text-align:center;\">Profitez au maximum de votre s\u00e9jour \u00e0 Valence<\/h5>[vc_column_text]<\/p>\n<p class=\"texto\" style=\"text-align: center;\" align=\"justify\">Intereuropa attache une grande importance aussi bien \u00e0 l&rsquo;immersion linguistique que culturelle.<br \/>\nC&rsquo; est pourquoi le personnel de l&rsquo;\u00e9cole a cr\u00e9\u00e9 un programme extra-scolaire tr\u00e8s vari\u00e9 pour tous les go\u00fbts et tous les \u00e2ges.<\/p>\n<p class=\"texto\" style=\"text-align: center;\" align=\"justify\"><strong><span class=\"titulopeq\">Nos activit\u00e9s :<\/span><\/strong><\/p>\n<p style=\"text-align: center;\">Visites culturelles<br \/>\nExcursions<br \/>\nSport<br \/>\nCours de cuisine<br \/>\nD\u00eeners[\/vc_column_text][vc_empty_space][vc_media_grid element_width=\u00a0\u00bb3&Prime; gap=\u00a0\u00bb10&Prime; item=\u00a0\u00bbmasonryMedia_BorderedScale\u00a0\u00bb grid_id=\u00a0\u00bbvc_gid:1574332117098-c6ba463d895d751da6e573c60782e563-7&Prime; include=\u00a0\u00bb1071,1073,1072,1075,1076,1077,1078,1100,1082,1081,1080,1079&Prime;][vc_empty_space][\/vc_column][\/vc_row][vc_row full_width=\u00a0\u00bbstretch_row_content_no_spaces\u00a0\u00bb inverse=\u00a0\u00bb\u00a0\u00bb][vc_column]<div id=\"sc_clients_711000010_wrap\" class=\"sc_clients_wrap\"><div id=\"sc_clients_711000010\" class=\"sc_clients sc_clients_style_clients-1  margin_top_medium margin_bottom_medium\" style=\"width:100%;\"><div class=\"sc_columns columns_wrap\"><div class=\"column-1_4 column_padding_bottom\">\t\t\t<div id=\"sc_clients_711000010_1\" class=\"sc_clients_item sc_clients_item_1 odd first\">\n\t\t\t\t\t\t\t\t<div class=\"sc_client_image\"><img decoding=\"async\" class=\"wp-post-image\" alt=\"Cervantes\" src=\"https:\/\/intereuropa.es\/wp-content\/uploads\/2016\/10\/institutocervantesred.png\"><\/div>\n\t\t\t\t\t\t\t<\/div>\n\t\t<\/div><div class=\"column-1_4 column_padding_bottom\">\t\t\t<div id=\"sc_clients_711000010_2\" class=\"sc_clients_item sc_clients_item_2 even\">\n\t\t\t\t\t\t\t\t<div class=\"sc_client_image\"><img decoding=\"async\" class=\"wp-post-image\" alt=\"Siele\" src=\"https:\/\/intereuropa.es\/wp-content\/uploads\/2018\/07\/SIELE.jpg\"><\/div>\n\t\t\t\t\t\t\t<\/div>\n\t\t<\/div><div class=\"column-1_4 column_padding_bottom\">\t\t\t<div id=\"sc_clients_711000010_3\" class=\"sc_clients_item sc_clients_item_3 odd\">\n\t\t\t\t\t\t\t\t<div class=\"sc_client_image\"><img decoding=\"async\" class=\"wp-post-image\" alt=\"fedele\" src=\"https:\/\/intereuropa.es\/wp-content\/uploads\/2016\/10\/fedele.jpg\"><\/div>\n\t\t\t\t\t\t\t<\/div>\n\t\t<\/div><div class=\"column-1_4 column_padding_bottom\">\t\t\t<div id=\"sc_clients_711000010_4\" class=\"sc_clients_item sc_clients_item_4 even\">\n\t\t\t\t\t\t\t\t<div class=\"sc_client_image\"><img decoding=\"async\" class=\"wp-post-image\" alt=\"Bildungsurlaub\" src=\"https:\/\/intereuropa.es\/wp-content\/uploads\/2016\/10\/bildung.jpg\"><\/div>\n\t\t\t\t\t\t\t<\/div>\n\t\t<\/div><\/div><\/div><!-- \/.sc_clients --><\/div><!-- \/.sc_clients_wrap -->[\/vc_column][\/vc_row][vc_row full_width=\u00a0\u00bbstretch_row_content_no_spaces\u00a0\u00bb inverse=\u00a0\u00bb\u00a0\u00bb css=\u00a0\u00bb.vc_custom_1516213803896{background-color: #3e3c36 !important;}\u00a0\u00bb][vc_column]<div class=\"sc_section margin_top_null margin_right_null margin_bottom_null margin_left_null section_style_call_section\" data-animation=\"animated fadeIn normal\" style=\"background-image:url(https:\/\/intereuropa.es\/wp-content\/uploads\/2018\/01\/portada2.jpg);background-repeat:no-repeat;background-size:cover;\"><div class=\"sc_section_inner\"><div class=\"sc_section_overlay\" style=\"\"><div class=\"sc_section_content padding_on\" style=\"\"><h3 class=\"sc_section_title sc_item_title sc_item_title_without_descr\">Informations utiles<\/h3><h5 class=\"sc_section_subtitle sc_item_subtitle\">pour les \u00e9tudiants internationaux<\/h5><div class=\"sc_section_content_wrap\"><\/div><div class=\"sc_section_button sc_item_button\"><a href=\"http:\/\/intereuropa.es\/fr\/informations-utiles\/\" class=\"sc_button sc_button_square sc_button_style_filled sc_button_size_large\">En savoir plus<\/a><\/div><\/div><\/div><\/div><\/div>[\/vc_column][\/vc_row]<\/p>\n<\/div>","protected":false},"excerpt":{"rendered":"<p>[vc_row inverse=\u00a0\u00bb\u00a0\u00bb css=\u00a0\u00bb.vc_custom_1517167135405{margin-top: 25px !important;border-top-width: 0px !important;padding-top: 0px !important;}\u00a0\u00bb][vc_column css=\u00a0\u00bb.vc_custom_1517167120998{margin-top: 25px !important;background-color: #f2f2f2 !important;}\u00a0\u00bb][vc_column_text] Pourquoi Intereuropa ? &nbsp; L\u2019\u00e9cole d\u2019espagnol Intereuropa est situ\u00e9e en plein centre de Valence,\u00a0sur la Plaza del Ayuntamiento (Place de la mairie), dans la zone la plus \u00e9l\u00e9gante, \u00e0 quelques minutes des monuments principaux et des commerces les plus prestigieux. La [&hellip;]<\/p>\n","protected":false},"author":12,"featured_media":0,"parent":0,"menu_order":0,"comment_status":"closed","ping_status":"closed","template":"","meta":{"_joinchat":[],"footnotes":""},"class_list":["post-6620","page","type-page","status-publish","hentry"],"_links":{"self":[{"href":"https:\/\/intereuropa.es\/fr\/wp-json\/wp\/v2\/pages\/6620","targetHints":{"allow":["GET"]}}],"collection":[{"href":"https:\/\/intereuropa.es\/fr\/wp-json\/wp\/v2\/pages"}],"about":[{"href":"https:\/\/intereuropa.es\/fr\/wp-json\/wp\/v2\/types\/page"}],"author":[{"embeddable":true,"href":"https:\/\/intereuropa.es\/fr\/wp-json\/wp\/v2\/users\/12"}],"replies":[{"embeddable":true,"href":"https:\/\/intereuropa.es\/fr\/wp-json\/wp\/v2\/comments?post=6620"}],"version-history":[{"count":6,"href":"https:\/\/intereuropa.es\/fr\/wp-json\/wp\/v2\/pages\/6620\/revisions"}],"predecessor-version":[{"id":8683,"href":"https:\/\/intereuropa.es\/fr\/wp-json\/wp\/v2\/pages\/6620\/revisions\/8683"}],"wp:attachment":[{"href":"https:\/\/intereuropa.es\/fr\/wp-json\/wp\/v2\/media?parent=6620"}],"curies":[{"name":"wp","href":"https:\/\/api.w.org\/{rel}","templated":true}]}}