{"id":6622,"date":"2016-10-06T11:50:55","date_gmt":"2016-10-06T11:50:55","guid":{"rendered":"http:\/\/intereuropa.es\/alojamiento\/"},"modified":"2019-11-21T11:04:33","modified_gmt":"2019-11-21T11:04:33","slug":"hebergement","status":"publish","type":"page","link":"https:\/\/intereuropa.es\/fr\/hebergement\/","title":{"rendered":"H\u00e9bergement"},"content":{"rendered":"<div class=\"wpb-content-wrapper\"><p>[vc_row][vc_column]<h3 class=\"sc_title sc_title_regular sc_align_center margin_top_null margin_bottom_tiny\" style=\"text-align:center;\">Modalit\u00e9s d&rsquo;h\u00e9bergement<\/h3>[vc_column_text css=\u00a0\u00bb.vc_custom_1574334084124{margin-bottom: 40px !important;}\u00a0\u00bb]<\/p>\n<div style=\"text-align: center;\">L\u2019\u00e9cole peut fournir une chambre \u00e0 l\u2019\u00e9tudiant pendant la dur\u00e9e des cours.<br \/>\n<strong><br \/>\nNous disposons de plusieurs modalit\u00e9s d&rsquo;h\u00e9bergement:<br \/>\n<\/strong><\/div>\n<p>[\/vc_column_text]<div id=\"sc_services_854897191_wrap\" class=\"sc_services_wrap\"><div id=\"sc_services_854897191\" class=\"sc_services sc_services_style_services-1 sc_services_type_images \" style=\"width:100%;\"><div class=\"sc_columns columns_wrap\"><div class=\"column-1_4 column_padding_bottom\">\t\t\t<div id=\"sc_services_854897191_1\"\t\t\t\tclass=\"sc_services_item sc_services_item_1 odd first\"\n\t\t\t\t>\n\t\t\t\t\t\t\t\t\t<div class=\"sc_services_item_featured post_featured\">\n\t\t\t\t\t\t\t<div class=\"post_thumb\" data-image=\"https:\/\/intereuropa.es\/wp-content\/uploads\/2016\/10\/familia.jpg\" data-title=\"Chambre au sein d\u2019une famille\">\n\t<a class=\"hover_icon hover_icon_link\" href=\"https:\/\/intereuropa.es\/fr\/h\u00e9bergements\/chambre-au-sein-dune-famille\/\"><img loading=\"lazy\" decoding=\"async\" class=\"wp-post-image\" width=\"370\" height=\"274\" alt=\"Chambre au sein d\u2019une famille\" src=\"https:\/\/intereuropa.es\/wp-content\/uploads\/2016\/10\/familia-370x274.jpg\"><\/a>\t<\/div>\n\t\t\t\t\t\t<\/div>\n\t\t\t\t\t\t\t\t\t<div class=\"sc_services_item_content\">\n\t\t\t\t\t<h4 class=\"sc_services_item_title\"><a href=\"https:\/\/intereuropa.es\/fr\/h\u00e9bergements\/chambre-au-sein-dune-famille\/\">Chambre au sein d\u2019une famille<\/a><\/h4>\n\t\t\t\t\t<div class=\"sc_services_item_description\">\n\t\t\t\t\t\t<p>C&rsquo;est la meilleure mani\u00e8re de pratiquer la langue en dehors des cours en exp\u00e9rimentant et en partageant la culture espagnole.<\/p><a href=\"https:\/\/intereuropa.es\/fr\/h\u00e9bergements\/chambre-au-sein-dune-famille\/\" class=\"sc_services_item_readmore\">Learn more<span class=\"icon-right\"><\/span><\/a>\t\t\t\t\t<\/div>\n\t\t\t\t<\/div>\n\t\t\t<\/div>\n\t\t<\/div><div class=\"column-1_4 column_padding_bottom\">\t\t\t<div id=\"sc_services_854897191_2\"\t\t\t\tclass=\"sc_services_item sc_services_item_2 even\"\n\t\t\t\t>\n\t\t\t\t\t\t\t\t\t<div class=\"sc_services_item_featured post_featured\">\n\t\t\t\t\t\t\t<div class=\"post_thumb\" data-image=\"https:\/\/intereuropa.es\/wp-content\/uploads\/2018\/01\/piso-e1546186616898.jpg\" data-title=\"Chambre dans un appartement en colocation avec d\u2019autres \u00e9tudiants\">\n\t<a class=\"hover_icon hover_icon_link\" href=\"https:\/\/intereuropa.es\/fr\/h\u00e9bergements\/chambre-dans-un-appartement-en-colocation-avec-dautres-etudiants\/\"><img loading=\"lazy\" decoding=\"async\" class=\"wp-post-image\" width=\"370\" height=\"274\" alt=\"Chambre dans un appartement en colocation avec d\u2019autres \u00e9tudiants\" src=\"https:\/\/intereuropa.es\/wp-content\/uploads\/2018\/01\/piso-e1546186616898-370x274.jpg\"><\/a>\t<\/div>\n\t\t\t\t\t\t<\/div>\n\t\t\t\t\t\t\t\t\t<div class=\"sc_services_item_content\">\n\t\t\t\t\t<h4 class=\"sc_services_item_title\"><a href=\"https:\/\/intereuropa.es\/fr\/h\u00e9bergements\/chambre-dans-un-appartement-en-colocation-avec-dautres-etudiants\/\">Chambre dans un appartement en colocation avec d\u2019autres \u00e9tudiants<\/a><\/h4>\n\t\t\t\t\t<div class=\"sc_services_item_description\">\n\t\t\t\t\t\t<p>Pour ceux qui recherchent une certaine ind\u00e9pendance.<\/p><a href=\"https:\/\/intereuropa.es\/fr\/h\u00e9bergements\/chambre-dans-un-appartement-en-colocation-avec-dautres-etudiants\/\" class=\"sc_services_item_readmore\">Learn more<span class=\"icon-right\"><\/span><\/a>\t\t\t\t\t<\/div>\n\t\t\t\t<\/div>\n\t\t\t<\/div>\n\t\t<\/div><div class=\"column-1_4 column_padding_bottom\">\t\t\t<div id=\"sc_services_854897191_3\"\t\t\t\tclass=\"sc_services_item sc_services_item_3 odd\"\n\t\t\t\t>\n\t\t\t\t\t\t\t\t\t<div class=\"sc_services_item_featured post_featured\">\n\t\t\t\t\t\t\t<div class=\"post_thumb\" data-image=\"https:\/\/intereuropa.es\/wp-content\/uploads\/2018\/01\/cena-internacional-e1546186755369.jpg\" data-title=\"R\u00e9sidence universitaire\">\n\t<a class=\"hover_icon hover_icon_link\" href=\"https:\/\/intereuropa.es\/fr\/h\u00e9bergements\/residence-universitaire\/\"><img loading=\"lazy\" decoding=\"async\" class=\"wp-post-image\" width=\"370\" height=\"274\" alt=\"R\u00e9sidence universitaire\" src=\"https:\/\/intereuropa.es\/wp-content\/uploads\/2018\/01\/cena-internacional-e1546186755369-370x274.jpg\"><\/a>\t<\/div>\n\t\t\t\t\t\t<\/div>\n\t\t\t\t\t\t\t\t\t<div class=\"sc_services_item_content\">\n\t\t\t\t\t<h4 class=\"sc_services_item_title\"><a href=\"https:\/\/intereuropa.es\/fr\/h\u00e9bergements\/residence-universitaire\/\">R\u00e9sidence universitaire<\/a><\/h4>\n\t\t\t\t\t<div class=\"sc_services_item_description\">\n\t\t\t\t\t\t<p>Nous recommandons ce type d&rsquo;h\u00e9bergement pour les personnes qui veulent conna\u00eetre la vie universitaire en Espagne.<\/p><a href=\"https:\/\/intereuropa.es\/fr\/h\u00e9bergements\/residence-universitaire\/\" class=\"sc_services_item_readmore\">Learn more<span class=\"icon-right\"><\/span><\/a>\t\t\t\t\t<\/div>\n\t\t\t\t<\/div>\n\t\t\t<\/div>\n\t\t<\/div><div class=\"column-1_4 column_padding_bottom\">\t\t\t<div id=\"sc_services_854897191_4\"\t\t\t\tclass=\"sc_services_item sc_services_item_4 even\"\n\t\t\t\t>\n\t\t\t\t\t\t\t\t\t<div class=\"sc_services_item_featured post_featured\">\n\t\t\t\t\t\t\t<div class=\"post_thumb\" data-image=\"https:\/\/intereuropa.es\/wp-content\/uploads\/2018\/01\/APARTAMENTO_04.jpg\" data-title=\"Appartement priv\u00e9\">\n\t<a class=\"hover_icon hover_icon_link\" href=\"https:\/\/intereuropa.es\/fr\/h\u00e9bergements\/appartement-prive\/\"><img loading=\"lazy\" decoding=\"async\" class=\"wp-post-image\" width=\"370\" height=\"274\" alt=\"Appartement priv\u00e9\" src=\"https:\/\/intereuropa.es\/wp-content\/uploads\/2018\/01\/APARTAMENTO_04-370x274.jpg\"><\/a>\t<\/div>\n\t\t\t\t\t\t<\/div>\n\t\t\t\t\t\t\t\t\t<div class=\"sc_services_item_content\">\n\t\t\t\t\t<h4 class=\"sc_services_item_title\"><a href=\"https:\/\/intereuropa.es\/fr\/h\u00e9bergements\/appartement-prive\/\">Appartement priv\u00e9<\/a><\/h4>\n\t\t\t\t\t<div class=\"sc_services_item_description\">\n\t\t\t\t\t\t<p>Pour ceux qui recherchent \u00e0 la fois tranquilit\u00e9 et ind\u00e9pendance. Appartements dans le centre ville pour 1 ou 2 personnes.<\/p><a href=\"https:\/\/intereuropa.es\/fr\/h\u00e9bergements\/appartement-prive\/\" class=\"sc_services_item_readmore\">Learn more<span class=\"icon-right\"><\/span><\/a>\t\t\t\t\t<\/div>\n\t\t\t\t<\/div>\n\t\t\t<\/div>\n\t\t<\/div><\/div><\/div><!-- \/.sc_services --><\/div><!-- \/.sc_services_wrap -->[\/vc_column][\/vc_row][vc_row parallax=\u00a0\u00bbcontent-moving\u00a0\u00bb parallax_image=\u00a0\u00bb907&Prime;][vc_column width=\u00a0\u00bb1\/2&Prime;]<div id=\"sc_call_to_action_2094326674\" class=\"sc_call_to_action sc_call_to_action_style_2 sc_call_to_action_align_center margin_top_small margin_bottom_small margin_left_small\" style=\"width:100%;\"><div class=\"sc_call_to_action_info\"><h4 class=\"sc_call_to_action_subtitle sc_item_subtitle\">Qu'est-ce que vous devez savoir avant de voyager \u00e0 Valence?<\/h4><\/div><div class=\"sc_call_to_action_buttons sc_item_buttons\"><div class=\"sc_call_to_action_button sc_item_button\"><a href=\"http:\/\/intereuropa.es\/fr\/venir-a-valence\/\" class=\"sc_button sc_button_square sc_button_style_filled sc_button_size_large\">En savoir plus<\/a><\/div><\/div><\/div>[\/vc_column][vc_column width=\u00a0\u00bb1\/2&Prime;][\/vc_column][\/vc_row]<\/p>\n<\/div>","protected":false},"excerpt":{"rendered":"<p>[vc_row][vc_column][vc_column_text css=\u00a0\u00bb.vc_custom_1574334084124{margin-bottom: 40px !important;}\u00a0\u00bb] L\u2019\u00e9cole peut fournir une chambre \u00e0 l\u2019\u00e9tudiant pendant la dur\u00e9e des cours. Nous disposons de plusieurs modalit\u00e9s d&rsquo;h\u00e9bergement: [\/vc_column_text][\/vc_column][\/vc_row][vc_row parallax=\u00a0\u00bbcontent-moving\u00a0\u00bb parallax_image=\u00a0\u00bb907&Prime;][vc_column width=\u00a0\u00bb1\/2&Prime;][\/vc_column][vc_column width=\u00a0\u00bb1\/2&Prime;][\/vc_column][\/vc_row]<\/p>\n","protected":false},"author":12,"featured_media":0,"parent":0,"menu_order":0,"comment_status":"closed","ping_status":"closed","template":"","meta":{"_joinchat":[],"footnotes":""},"class_list":["post-6622","page","type-page","status-publish","hentry"],"_links":{"self":[{"href":"https:\/\/intereuropa.es\/fr\/wp-json\/wp\/v2\/pages\/6622","targetHints":{"allow":["GET"]}}],"collection":[{"href":"https:\/\/intereuropa.es\/fr\/wp-json\/wp\/v2\/pages"}],"about":[{"href":"https:\/\/intereuropa.es\/fr\/wp-json\/wp\/v2\/types\/page"}],"author":[{"embeddable":true,"href":"https:\/\/intereuropa.es\/fr\/wp-json\/wp\/v2\/users\/12"}],"replies":[{"embeddable":true,"href":"https:\/\/intereuropa.es\/fr\/wp-json\/wp\/v2\/comments?post=6622"}],"version-history":[{"count":6,"href":"https:\/\/intereuropa.es\/fr\/wp-json\/wp\/v2\/pages\/6622\/revisions"}],"predecessor-version":[{"id":8686,"href":"https:\/\/intereuropa.es\/fr\/wp-json\/wp\/v2\/pages\/6622\/revisions\/8686"}],"wp:attachment":[{"href":"https:\/\/intereuropa.es\/fr\/wp-json\/wp\/v2\/media?parent=6622"}],"curies":[{"name":"wp","href":"https:\/\/api.w.org\/{rel}","templated":true}]}}