{"id":6640,"date":"2016-10-03T13:11:02","date_gmt":"2016-10-03T13:11:02","guid":{"rendered":"http:\/\/intereuropa.es\/contacto\/"},"modified":"2024-01-15T17:40:20","modified_gmt":"2024-01-15T17:40:20","slug":"contact","status":"publish","type":"page","link":"https:\/\/intereuropa.es\/fr\/contact\/","title":{"rendered":"Contact"},"content":{"rendered":"<div class=\"wpb-content-wrapper\"><p>[vc_row css=\u00a0\u00bb.vc_custom_1529436940167{margin-top: 0px !important;border-top-width: 0px !important;padding-top: 0px !important;}\u00a0\u00bb][vc_column css=\u00a0\u00bb.vc_custom_1529437409721{margin-top: 0px !important;border-top-width: 0px !important;padding-top: 0px !important;}\u00a0\u00bb][vc_column_text]<\/p>\n<h3 style=\"text-align: center; margin-bottom: 0px; margin-top: 50px;\">\u00c9crivez-nous<\/h3>\n<h5 style=\"text-align: center; margin-bottom: 50px;\">N&rsquo;h\u00e9sitez pas \u00e0 nous contacter<\/h5>\n<p>[\/vc_column_text][\/vc_column][\/vc_row][vc_row][vc_column width=\u00a0\u00bb1\/2&Prime;]<div  id=\"formucon_wrap\" class=\"sc_form_wrap\"><div  id=\"formucon\" class=\"sc_form sc_form_style_form_custom\">\t\t<form  id=\"formucon_form\"\t\t\tclass=\"sc_input_hover_default\"\n\t\t\tdata-formtype=\"form_custom\" \n\t\t\tmethod=\"post\" \n\t\t\taction=\"https:\/\/intereuropa.es\/wp-admin\/admin-ajax.php\">\n\t\t\t<div class=\"sc_form_item sc_form_item_text sc_form_field label_top\"><input type=\"text\" id=\"nameformu\" name=\"Nom\" value=\"\"><\/div><div class=\"sc_form_item sc_form_item_text sc_form_field label_top\"><input type=\"text\" id=\"emailformu\" name=\"E-mail\" value=\"\"><\/div><div class=\"sc_form_item sc_form_item_textarea sc_form_message label_top\"><textarea id=\"mensajeformu\" name=\"Message\"><\/textarea><\/div><div class=\"sc_form_item sc_form_item_button sc_form_button label_top\"><button id=\"botonformu\">Envoyer un message<\/button><\/div>\t\t\t<div class=\"result sc_infobox\"><\/div>\n\t\t<\/form>\n\t\t<\/div><\/div>[\/vc_column][vc_column width=\u00a0\u00bb1\/2&Prime;][vc_column_text]<strong>Adresse<\/strong><br \/>\nPlaza del Ayuntamiento, 5, 1. Valencia 46002<\/p>\n<p><strong>Le bureau est ouvert<\/strong><br \/>\nLundi &#8211; Vendredi 9.00 &#8211; 15.00<\/p>\n<p><strong>T\u00e9l\u00e9phone et What\u00b4s App<\/strong><br \/>\n+34 963 944 995<\/p>\n<p><strong>E-mail<\/strong><br \/>\ninfo@intereuropa.es[\/vc_column_text][\/vc_column][\/vc_row][vc_row full_width=\u00a0\u00bbstretch_row_content_no_spaces\u00a0\u00bb][vc_column][vc_empty_space height=\u00a0\u00bb2rem\u00a0\u00bb]<div id=\"sc_googlemap_1373077850\" class=\"sc_googlemap\" style=\"width:100%;height:400px;\" data-zoom=\"17\" data-style=\"default\"><div id=\"sc_googlemap_1373077850_1\" class=\"sc_googlemap_marker\" data-title=\"\" data-description=\"\" data-address=\"\" data-latlng=\"39.471344,-0.376962\" data-point=\"https:\/\/intereuropa.es\/wp-content\/uploads\/2019\/07\/icon-map-1.png\"><\/div><\/div>[\/vc_column][\/vc_row]<\/p>\n<\/div>","protected":false},"excerpt":{"rendered":"<p>[vc_row css=\u00a0\u00bb.vc_custom_1529436940167{margin-top: 0px !important;border-top-width: 0px !important;padding-top: 0px !important;}\u00a0\u00bb][vc_column css=\u00a0\u00bb.vc_custom_1529437409721{margin-top: 0px !important;border-top-width: 0px !important;padding-top: 0px !important;}\u00a0\u00bb][vc_column_text] \u00c9crivez-nous N&rsquo;h\u00e9sitez pas \u00e0 nous contacter [\/vc_column_text][\/vc_column][\/vc_row][vc_row][vc_column width=\u00a0\u00bb1\/2&Prime;][\/vc_column][vc_column width=\u00a0\u00bb1\/2&Prime;][vc_column_text]Adresse Plaza del Ayuntamiento, 5, 1. Valencia 46002 Le bureau est ouvert Lundi &#8211; Vendredi 9.00 &#8211; 15.00 T\u00e9l\u00e9phone et What\u00b4s App +34 963 944 995 E-mail info@intereuropa.es[\/vc_column_text][\/vc_column][\/vc_row][vc_row full_width=\u00a0\u00bbstretch_row_content_no_spaces\u00a0\u00bb][vc_column][vc_empty_space height=\u00a0\u00bb2rem\u00a0\u00bb][\/vc_column][\/vc_row]<\/p>\n","protected":false},"author":12,"featured_media":0,"parent":0,"menu_order":0,"comment_status":"closed","ping_status":"closed","template":"","meta":{"_joinchat":[],"footnotes":""},"class_list":["post-6640","page","type-page","status-publish","hentry"],"_links":{"self":[{"href":"https:\/\/intereuropa.es\/fr\/wp-json\/wp\/v2\/pages\/6640","targetHints":{"allow":["GET"]}}],"collection":[{"href":"https:\/\/intereuropa.es\/fr\/wp-json\/wp\/v2\/pages"}],"about":[{"href":"https:\/\/intereuropa.es\/fr\/wp-json\/wp\/v2\/types\/page"}],"author":[{"embeddable":true,"href":"https:\/\/intereuropa.es\/fr\/wp-json\/wp\/v2\/users\/12"}],"replies":[{"embeddable":true,"href":"https:\/\/intereuropa.es\/fr\/wp-json\/wp\/v2\/comments?post=6640"}],"version-history":[{"count":5,"href":"https:\/\/intereuropa.es\/fr\/wp-json\/wp\/v2\/pages\/6640\/revisions"}],"predecessor-version":[{"id":17839,"href":"https:\/\/intereuropa.es\/fr\/wp-json\/wp\/v2\/pages\/6640\/revisions\/17839"}],"wp:attachment":[{"href":"https:\/\/intereuropa.es\/fr\/wp-json\/wp\/v2\/media?parent=6640"}],"curies":[{"name":"wp","href":"https:\/\/api.w.org\/{rel}","templated":true}]}}