{"id":6645,"date":"2018-11-26T10:05:28","date_gmt":"2018-11-26T10:05:28","guid":{"rendered":"http:\/\/intereuropa.es\/prueba-ccse\/"},"modified":"2019-11-20T10:16:01","modified_gmt":"2019-11-20T10:16:01","slug":"tests-ccse-et-dele-a2","status":"publish","type":"page","link":"https:\/\/intereuropa.es\/fr\/tests-ccse-et-dele-a2\/","title":{"rendered":"Tests CCSE et DELE A2"},"content":{"rendered":"<div class=\"wpb-content-wrapper\"><p>[vc_row][vc_column][vc_column_text]<\/p>\n<h5 style=\"text-align: center;\"><strong class=\"titulo\">Tests pour l&rsquo;obtention de la nationalit\u00e9 espagnole CCSE y DELE A2<\/strong><\/h5>\n<p>[\/vc_column_text][vc_separator][\/vc_column][\/vc_row][vc_row][vc_column width=\u00a0\u00bb1\/2&Prime;][vc_empty_space height=\u00a0\u00bb20px\u00a0\u00bb][vc_single_image image=\u00a0\u00bb5177&Prime; img_size=\u00a0\u00bblarge\u00a0\u00bb alignment=\u00a0\u00bbcenter\u00a0\u00bb style=\u00a0\u00bbvc_box_border\u00a0\u00bb css_animation=\u00a0\u00bbzoomIn\u00a0\u00bb][\/vc_column][vc_column width=\u00a0\u00bb1\/2&Prime;][vc_empty_space height=\u00a0\u00bb60px\u00a0\u00bb][vc_column_text]<\/p>\n<p class=\"texto\" align=\"style=&quot;margin-bottom:.0001pt;&quot;\">Depuis octobre 2015, pour obtenir la nationalit\u00e9 espagnole, il est obligatoire de passer les tests suivants:<\/p>\n<ul>\n<li class=\"texto\"><strong>Test de connaissances constitutionnelles et socioculturelles (CCSE).<\/strong><\/li>\n<li class=\"texto\"><b>Dipl\u00f4me\u00a0d&rsquo;Espagnol comme langue \u00e9trang\u00e8re (DELE niveau A2) ou sup\u00e9rieur. Le test du DELE est obligatoire seulement pour les candidats non hispanophones.<\/b><\/li>\n<\/ul>\n<p>[\/vc_column_text][\/vc_column][\/vc_row][vc_row][vc_column][vc_empty_space height=\u00a0\u00bb20px\u00a0\u00bb][vc_separator][vc_column_text]<\/p>\n<h5 style=\"text-align: center;\">Intereuropa est un centre examinateur pour les 2 tests, CCSE y DELE.<\/h5>\n<p>[\/vc_column_text][vc_empty_space height=\u00a0\u00bb20px\u00a0\u00bb][vc_separator][vc_empty_space height=\u00a0\u00bb40px\u00a0\u00bb][vc_column_text]<\/p>\n<h5 style=\"text-align: left;\"><strong>TEST CCSE<\/strong><\/h5>\n<p>[\/vc_column_text][vc_empty_space height=\u00a0\u00bb20px\u00a0\u00bb][vc_toggle title=\u00a0\u00bbComment puis-je m&rsquo;inscrire \u00e0 l&rsquo;examen CCSE ?\u00a0\u00bb]<span class=\"texto\">Les inscriptions se feront \u00e0 travers la page web de l&rsquo;<span style=\"color: #ff0000;\">Instituto Cervantes<\/span> ou dans notre centre entre 9h00 et 17h00.<\/span>[\/vc_toggle][vc_toggle title=\u00a0\u00bbQuel est le co\u00fbt de l&rsquo;examen ?\u00a0\u00bb]<\/p>\n<p class=\"texto\">Le co\u00fbt de l&rsquo;examen est de 85\u20ac, valide pour deux sessions d&rsquo;examen dans le cas de:<\/p>\n<ul>\n<li class=\"texto\">\u00a0\u00a0\u00a0Impossible d&rsquo;assister \u00e0 l&rsquo;examen.<\/li>\n<li class=\"texto\">\u00a0 \u00a0Le test n&rsquo;a pas \u00e9t\u00e9 approuv\u00e9.<\/li>\n<\/ul>\n<p>[\/vc_toggle][vc_toggle title=\u00a0\u00bbQuelles sont les dates du test de connaissances constitutionnelles et socioculturelles (CCSE) ?\u00a0\u00bb]Les examens se d\u00e9roulent chaque dernier jeudi du mois. En d\u00e9cembre et en ao\u00fbt il n&rsquo;y aura pas d&rsquo;examen.<\/p>\n<table class=\"texto\" border=\"0\" width=\"493\" align=\"left\">\n<tbody>\n<tr>\n<td align=\"center\" valign=\"middle\" width=\"119\"><strong>Convocations<br \/>\nCCSE 2019<\/strong><\/td>\n<td align=\"center\" valign=\"middle\" width=\"115\"><strong>D\u00e9but du d\u00e9lai\u00a0<\/strong><b>d&rsquo;inscription<\/b><\/td>\n<td align=\"center\" valign=\"middle\" width=\"126\"><strong>Fermeture du d\u00e9lai d&rsquo;<\/strong><b>inscription<\/b><\/td>\n<td align=\"center\" valign=\"middle\" width=\"115\"><strong>Date d&rsquo;examen<\/strong><\/td>\n<\/tr>\n<tr>\n<td bgcolor=\"#D3DFEE\">Janvier<\/td>\n<td rowspan=\"10\" align=\"center\" valign=\"middle\" bgcolor=\"#D3DFEE\">10 septembre 2018<\/td>\n<td bgcolor=\"#D3DFEE\">10 janvier<\/td>\n<td bgcolor=\"#D3DFEE\">31 janvier<\/td>\n<\/tr>\n<tr>\n<td bgcolor=\"#D3DFEE\">F\u00e9vrier<\/td>\n<td bgcolor=\"#D3DFEE\">7 f\u00e9vrier<\/td>\n<td bgcolor=\"#D3DFEE\">28 f\u00e9vrier<\/td>\n<\/tr>\n<tr>\n<td bgcolor=\"#D3DFEE\">Mars<\/td>\n<td bgcolor=\"#D3DFEE\">7 mars<\/td>\n<td bgcolor=\"#D3DFEE\">28 mars<\/td>\n<\/tr>\n<tr>\n<td bgcolor=\"#D3DFEE\">Avril<\/td>\n<td bgcolor=\"#D3DFEE\">4 avril<\/td>\n<td bgcolor=\"#D3DFEE\">25 avril<\/td>\n<\/tr>\n<tr>\n<td bgcolor=\"#D3DFEE\">Mai<\/td>\n<td bgcolor=\"#D3DFEE\">9 mai<\/td>\n<td bgcolor=\"#D3DFEE\">30 mai<\/td>\n<\/tr>\n<tr>\n<td bgcolor=\"#D3DFEE\">Juin<\/td>\n<td bgcolor=\"#D3DFEE\">6 juin<\/td>\n<td bgcolor=\"#D3DFEE\">27 juin<\/td>\n<\/tr>\n<tr>\n<td bgcolor=\"#D3DFEE\">Juillet<\/td>\n<td bgcolor=\"#D3DFEE\">4 juillet<\/td>\n<td bgcolor=\"#D3DFEE\">25 juillet<\/td>\n<\/tr>\n<tr>\n<td bgcolor=\"#D3DFEE\">Septembre<\/td>\n<td bgcolor=\"#D3DFEE\">5 septembre<\/td>\n<td bgcolor=\"#D3DFEE\">26 septembre<\/td>\n<\/tr>\n<tr>\n<td bgcolor=\"#D3DFEE\">Octobre<\/td>\n<td bgcolor=\"#D3DFEE\">10 octobre<\/td>\n<td bgcolor=\"#D3DFEE\">31 octobre<\/td>\n<\/tr>\n<tr>\n<td bgcolor=\"#D3DFEE\">Novembre<\/td>\n<td bgcolor=\"#D3DFEE\">7 novembre<\/td>\n<td bgcolor=\"#D3DFEE\">28 novembre<\/td>\n<\/tr>\n<\/tbody>\n<\/table>\n<p>[\/vc_toggle][vc_toggle title=\u00a0\u00bbQuelle est la structure de l&rsquo;examen ?\u00a0\u00bb]L&rsquo;examen contient 25 questions \u00e0 r\u00e9ponses multiples, du type vrai ou faux, ou avec trois diff\u00e9rentes options de r\u00e9ponse dans lesquelles seulement une est correcte. 60% des questions seront sur le th\u00e8me du gouvernement, loi et participation citoyenne en Espagne et le reste des 40% sur la culture, l&rsquo;histoire et les soci\u00e9t\u00e9s espagnoles. Le test dure 45 minutes.[\/vc_toggle][vc_toggle title=\u00a0\u00bbQuelle est la validit\u00e9 du certificat CCSE ?\u00a0\u00bb]Le certificat de r\u00e9ussite a une validit\u00e9 de 4 ans.[\/vc_toggle][vc_column_text]<\/p>\n<h5 style=\"text-align: left;\"><strong>TEST DELE A2<\/strong><\/h5>\n<p>[\/vc_column_text][vc_empty_space height=\u00a0\u00bb20px\u00a0\u00bb][vc_toggle title=\u00a0\u00bbComment puis-je m&rsquo;inscrire \u00e0 l&rsquo;examen DELE ?\u00a0\u00bb]<span class=\"texto\">Les inscriptions se feront \u00e0 travers la page web de l&rsquo;<span style=\"color: #ff0000;\">Instituto Cervantes<\/span> ou dans notre centre entre 9h00 et 17h00.<\/span>[\/vc_toggle][vc_toggle title=\u00a0\u00bbQuel est le co\u00fbt de l&rsquo;examen ?\u00a0\u00bb]Le co\u00fbt de l&rsquo;examen du niveau A2 est de 130\u20ac.[\/vc_toggle][vc_toggle title=\u00a0\u00bbQuelles sont les dates de l&rsquo;examen ?\u00a0\u00bb]<\/p>\n<table class=\"texto\" border=\"0\" width=\"493\" align=\"left\">\n<tbody>\n<tr>\n<td align=\"center\" valign=\"middle\" width=\"118\"><strong>Convocations DELE 2019<\/strong><\/td>\n<td align=\"center\" valign=\"middle\" width=\"118\"><b>D\u00e9but\u00a0du d\u00e9lai d&rsquo;inscription<\/b><\/td>\n<td align=\"center\" valign=\"middle\" width=\"118\"><strong>Fermeture du d\u00e9lai d&rsquo;<\/strong><b>inscription<\/b><\/td>\n<td align=\"center\" valign=\"middle\" width=\"121\"><strong>Date des examens \u00e9crits<\/strong><\/td>\n<\/tr>\n<tr>\n<td align=\"left\" valign=\"middle\" bgcolor=\"#D3DFEE\">F\u00e9vrier<\/td>\n<td rowspan=\"7\" align=\"center\" valign=\"middle\" bgcolor=\"#D3DFEE\">14 novembre 2018<\/td>\n<td align=\"center\" valign=\"middle\" bgcolor=\"#D3DFEE\">9 janvier<\/td>\n<td align=\"center\" valign=\"middle\" bgcolor=\"#D3DFEE\">8 f\u00e9vrier<\/td>\n<\/tr>\n<tr>\n<td align=\"left\" valign=\"middle\" bgcolor=\"#D3DFEE\">Avril<\/td>\n<td align=\"center\" valign=\"middle\" bgcolor=\"#D3DFEE\">6 f\u00e9vrier<\/td>\n<td align=\"center\" valign=\"middle\" bgcolor=\"#D3DFEE\">5 avril<\/td>\n<\/tr>\n<tr>\n<td align=\"left\" valign=\"middle\" bgcolor=\"#D3DFEE\">Mai<\/td>\n<td align=\"center\" valign=\"middle\" bgcolor=\"#D3DFEE\">27 mars<\/td>\n<td align=\"center\" valign=\"middle\" bgcolor=\"#D3DFEE\">5 mai<\/td>\n<\/tr>\n<tr>\n<td align=\"left\" valign=\"middle\" bgcolor=\"#D3DFEE\">Juillet<\/td>\n<td align=\"center\" valign=\"middle\" bgcolor=\"#D3DFEE\">16 mai<\/td>\n<td align=\"center\" valign=\"middle\" bgcolor=\"#D3DFEE\">12 juillet<\/td>\n<\/tr>\n<tr>\n<td align=\"left\" valign=\"middle\" bgcolor=\"#D3DFEE\">Septembre<\/td>\n<td align=\"center\" valign=\"middle\" bgcolor=\"#D3DFEE\">24 juillet<\/td>\n<td align=\"center\" valign=\"middle\" bgcolor=\"#D3DFEE\">13 septembre<\/td>\n<\/tr>\n<tr>\n<td align=\"left\" valign=\"middle\" bgcolor=\"#D3DFEE\">Octobre<\/td>\n<td align=\"center\" valign=\"middle\" bgcolor=\"#D3DFEE\">21 ao\u00fbt<\/td>\n<td align=\"center\" valign=\"middle\" bgcolor=\"#D3DFEE\">4 octobre<\/td>\n<\/tr>\n<tr>\n<td align=\"left\" valign=\"middle\" bgcolor=\"#D3DFEE\">Novembre<\/td>\n<td align=\"center\" valign=\"middle\" bgcolor=\"#D3DFEE\">9 octobre<\/td>\n<td align=\"center\" valign=\"middle\" bgcolor=\"#D3DFEE\">23 novembre<\/td>\n<\/tr>\n<\/tbody>\n<\/table>\n<p>[\/vc_toggle][vc_toggle title=\u00a0\u00bbAs-tu besoin d&rsquo;un cours de pr\u00e9paration ?\u00a0\u00bb]<\/p>\n<p class=\"texto\">Le cours n&rsquo;est pas obligatoire, cependant, si tu as besoin de t\u2019entra\u00eener avant de passer le test, nous proposons les cours suivants:<\/p>\n<p class=\"texto\"><span class=\"tituloinf\"><strong>EXTENSIFS<\/strong><\/span><strong><br \/>\n4 semaines extensibles\u00a0 <\/strong><strong>\u00a0\u00a0<\/strong><\/p>\n<p><strong>Nombre de cours quotidiens:<\/strong>\u00a0 1h30 et 3 fois par semaine.<br \/>\n<b>Dur\u00e9e de chaque classe: <\/b>60 minutes<strong>.<\/strong><br \/>\n<strong>Niveaux disponibles:\u00a0 <\/strong>A2.<br \/>\n<b>\u00c9l\u00e8ves par classe: <\/b>Minimum 2 et maximum 12. Dans le cas d&rsquo;avoir seulement un \u00e9tudiant, les cours pourront \u00eatre r\u00e9duits jusqu&rsquo;\u00e0 50%.<\/p>\n<table border=\"1\" cellspacing=\"0\" cellpadding=\"0\">\n<tbody>\n<tr>\n<td style=\"text-align: center;\" width=\"130\"><strong>Horaire<\/strong><\/td>\n<td style=\"text-align: center;\" width=\"136\"><strong>Lundi et mercredi<\/strong><\/td>\n<td style=\"text-align: center;\" width=\"135\"><strong>Mardi et jeudi<\/strong><\/td>\n<\/tr>\n<tr>\n<td bgcolor=\"#D3DFEE\" width=\"130\">\n<p class=\"textopeq\" align=\"center\">9.45\/11.15<\/p>\n<\/td>\n<td bgcolor=\"#D3DFEE\" width=\"136\">\n<p class=\"textopeq\" align=\"center\">DELE A2<\/p>\n<\/td>\n<td bgcolor=\"#D3DFEE\" width=\"135\">\n<p class=\"textopeq\" align=\"center\">\n<\/td>\n<\/tr>\n<tr>\n<td bgcolor=\"#D3DFEE\" width=\"130\">\n<p class=\"textopeq\" align=\"center\">11.30\/13.00<\/p>\n<\/td>\n<td bgcolor=\"#D3DFEE\" width=\"136\">\n<p class=\"textopeq\" align=\"center\">\n<\/td>\n<td bgcolor=\"#D3DFEE\" width=\"135\">\n<p class=\"textopeq\" align=\"center\">DELE A2<\/p>\n<\/td>\n<\/tr>\n<tr>\n<td bgcolor=\"#D3DFEE\" width=\"130\">\n<p class=\"textopeq\" align=\"center\">16.45\/18.15<\/p>\n<\/td>\n<td bgcolor=\"#D3DFEE\" width=\"136\">\n<p class=\"textopeq\" align=\"center\">\n<\/td>\n<td bgcolor=\"#D3DFEE\" width=\"135\">\n<p class=\"textopeq\" align=\"center\">DELE A2<\/p>\n<\/td>\n<\/tr>\n<tr>\n<td bgcolor=\"#D3DFEE\" width=\"130\">\n<p class=\"textopeq\" align=\"center\">18.30\/20.00<\/p>\n<\/td>\n<td bgcolor=\"#D3DFEE\" width=\"136\">\n<p class=\"textopeq\" align=\"center\">DELE A2<\/p>\n<\/td>\n<td bgcolor=\"#D3DFEE\" width=\"135\">\n<p class=\"textopeq\" align=\"center\">\n<\/td>\n<\/tr>\n<\/tbody>\n<\/table>\n<p><span class=\"texto\"><strong><u><br \/>\n<\/u><\/strong><\/span><span class=\"titulopeq\"><strong><u>Prix<\/u><\/strong><\/span><span class=\"texto\"><br \/>\n2 jours par semaine\u00a0 \u00a0 50 \u20ac\/4 semaines (12 heures)<br \/>\n4 jours par semaine\u00a0 \u00a0100 \u20ac\/4 semaines (24 heures)<\/span><\/p>\n<p>&nbsp;<\/p>\n<p>Inscris-toi en ligne[\/vc_toggle][vc_empty_space height=\u00a0\u00bb20px\u00a0\u00bb][vc_column_text]<a href=\"http:\/\/intereuropa.es\/contact\/\">\u00c9cris-nous pour recevoir plus d&rsquo;informations<\/a>[\/vc_column_text][\/vc_column][\/vc_row]<\/p>\n<\/div>","protected":false},"excerpt":{"rendered":"<p>[vc_row][vc_column][vc_column_text] Tests pour l&rsquo;obtention de la nationalit\u00e9 espagnole CCSE y DELE A2 [\/vc_column_text][vc_separator][\/vc_column][\/vc_row][vc_row][vc_column width=\u00a0\u00bb1\/2&Prime;][vc_empty_space height=\u00a0\u00bb20px\u00a0\u00bb][vc_single_image image=\u00a0\u00bb5177&Prime; img_size=\u00a0\u00bblarge\u00a0\u00bb alignment=\u00a0\u00bbcenter\u00a0\u00bb style=\u00a0\u00bbvc_box_border\u00a0\u00bb css_animation=\u00a0\u00bbzoomIn\u00a0\u00bb][\/vc_column][vc_column width=\u00a0\u00bb1\/2&Prime;][vc_empty_space height=\u00a0\u00bb60px\u00a0\u00bb][vc_column_text] Depuis octobre 2015, pour obtenir la nationalit\u00e9 espagnole, il est obligatoire de passer les tests suivants: Test de connaissances constitutionnelles et socioculturelles (CCSE). Dipl\u00f4me\u00a0d&rsquo;Espagnol comme langue \u00e9trang\u00e8re (DELE niveau A2) ou sup\u00e9rieur. Le [&hellip;]<\/p>\n","protected":false},"author":12,"featured_media":0,"parent":0,"menu_order":0,"comment_status":"closed","ping_status":"closed","template":"","meta":{"_joinchat":[],"footnotes":""},"class_list":["post-6645","page","type-page","status-publish","hentry"],"_links":{"self":[{"href":"https:\/\/intereuropa.es\/fr\/wp-json\/wp\/v2\/pages\/6645","targetHints":{"allow":["GET"]}}],"collection":[{"href":"https:\/\/intereuropa.es\/fr\/wp-json\/wp\/v2\/pages"}],"about":[{"href":"https:\/\/intereuropa.es\/fr\/wp-json\/wp\/v2\/types\/page"}],"author":[{"embeddable":true,"href":"https:\/\/intereuropa.es\/fr\/wp-json\/wp\/v2\/users\/12"}],"replies":[{"embeddable":true,"href":"https:\/\/intereuropa.es\/fr\/wp-json\/wp\/v2\/comments?post=6645"}],"version-history":[{"count":3,"href":"https:\/\/intereuropa.es\/fr\/wp-json\/wp\/v2\/pages\/6645\/revisions"}],"predecessor-version":[{"id":8681,"href":"https:\/\/intereuropa.es\/fr\/wp-json\/wp\/v2\/pages\/6645\/revisions\/8681"}],"wp:attachment":[{"href":"https:\/\/intereuropa.es\/fr\/wp-json\/wp\/v2\/media?parent=6645"}],"curies":[{"name":"wp","href":"https:\/\/api.w.org\/{rel}","templated":true}]}}