{"id":6663,"date":"2018-02-12T12:27:45","date_gmt":"2018-02-12T12:27:45","guid":{"rendered":"http:\/\/intereuropa.es\/informacion-util\/"},"modified":"2025-12-09T10:37:11","modified_gmt":"2025-12-09T10:37:11","slug":"informations-utiles","status":"publish","type":"page","link":"https:\/\/intereuropa.es\/fr\/informations-utiles\/","title":{"rendered":"Informations utiles"},"content":{"rendered":"<div class=\"wpb-content-wrapper\"><p>[vc_row inverse=\u00a0\u00bb\u00a0\u00bb css=\u00a0\u00bb.vc_custom_1518438912643{margin-top: 50px !important;border-top-width: 0px !important;padding-top: 0px !important;}\u00a0\u00bb][vc_column width=\u00a0\u00bb1\/4&Prime; css=\u00a0\u00bb.vc_custom_1516378517831{background-color: #f2f2f2 !important;}\u00a0\u00bb]<div id=\"sc_blogger_1681302471\" class=\"sc_list sc_list_style_iconed sc_blogger layout_list template_list listacursosesp margin_bottom_medium  sc_blogger_vertical no_description\"><h3 class=\"sc_blogger_title sc_item_title sc_item_title_without_descr\">General Spanish Courses<\/h3><ul class=\"sc_list sc_list_style_iconed\"><li class=\"sc_blogger_item sc_list_item\"><a href=\"https:\/\/intereuropa.es\/fr\/cours\/cours-intensif-10\/\"><span class=\"sc_list_icon icon-book-open\"><\/span><span class=\"sc_list_title\">Cours intensif 10<\/span><\/a><\/li><li class=\"sc_blogger_item sc_list_item\"><a href=\"https:\/\/intereuropa.es\/fr\/cours\/cours-intensif-20\/\"><span class=\"sc_list_icon icon-book-open\"><\/span><span class=\"sc_list_title\">Cours intensif 20<\/span><\/a><\/li><li class=\"sc_blogger_item sc_list_item\"><a href=\"https:\/\/intereuropa.es\/fr\/cours\/cours-intensif-25\/\"><span class=\"sc_list_icon icon-book-open\"><\/span><span class=\"sc_list_title\">Cours intensif 25<\/span><\/a><\/li><li class=\"sc_blogger_item sc_list_item\"><a href=\"https:\/\/intereuropa.es\/fr\/cours\/cours-individuel\/\"><span class=\"sc_list_icon icon-book-open\"><\/span><span class=\"sc_list_title\">Cours individuel<\/span><\/a><\/li><li class=\"sc_blogger_item sc_list_item\"><a href=\"https:\/\/intereuropa.es\/fr\/cours\/cours-de-conversation\/\"><span class=\"sc_list_icon icon-book-open\"><\/span><span class=\"sc_list_title\">Cours de conversation<\/span><\/a><\/li><li class=\"sc_blogger_item sc_list_item\"><a href=\"https:\/\/intereuropa.es\/fr\/cours\/cours-intensif-de-preparation-a-lexamen-dele\/\"><span class=\"sc_list_icon icon-book-open\"><\/span><span class=\"sc_list_title\">Cours intensif de pr\u00e9paration \u00e0 l&rsquo;examen DELE<\/span><\/a><\/li><li class=\"sc_blogger_item sc_list_item\"><a href=\"https:\/\/intereuropa.es\/fr\/cours\/cours-extensif-de-preparation-a-lexamen-de-dele\/\"><span class=\"sc_list_icon icon-book-open\"><\/span><span class=\"sc_list_title\">Cours extensif de pr\u00e9paration \u00e0 l&rsquo;examen de DELE<\/span><\/a><\/li><li class=\"sc_blogger_item sc_list_item\"><a href=\"https:\/\/intereuropa.es\/fr\/cours\/cours-extensif\/\"><span class=\"sc_list_icon icon-book-open\"><\/span><span class=\"sc_list_title\">Cours extensif<\/span><\/a><\/li><li class=\"sc_blogger_item sc_list_item\"><a href=\"https:\/\/intereuropa.es\/fr\/cours\/cours-despagnol-en-ligne\/\"><span class=\"sc_list_icon icon-book-open\"><\/span><span class=\"sc_list_title\">Cours d&rsquo;espagnol en ligne<\/span><\/a><\/li><li class=\"sc_blogger_item sc_list_item\"><a href=\"https:\/\/intereuropa.es\/fr\/cours\/cours-pour-professeurs-despagnol\/\"><span class=\"sc_list_icon icon-book-open\"><\/span><span class=\"sc_list_title\">Cours pour professeurs d&rsquo;espagnol<\/span><\/a><\/li><li class=\"sc_blogger_item sc_list_item\"><a href=\"https:\/\/intereuropa.es\/fr\/cours\/programme-pour-les-jeunes\/\"><span class=\"sc_list_icon icon-book-open\"><\/span><span class=\"sc_list_title\">Programme pour les jeunes<\/span><\/a><\/li><li class=\"sc_blogger_item sc_list_item\"><a href=\"https:\/\/intereuropa.es\/fr\/cours\/cours-despagnol-pour-les-groupes\/\"><span class=\"sc_list_icon icon-book-open\"><\/span><span class=\"sc_list_title\">Cours d&rsquo;espagnol pour les groupes<\/span><\/a><\/li><\/ul><\/div>[\/vc_column][vc_column width=\u00a0\u00bb3\/4&Prime;]<h4 class=\"sc_title sc_title_regular sc_align_left margin_top_null margin_bottom_small\" style=\"text-align:left;\">Intereuropa est un centre accr\u00e9dit\u00e9 par l&rsquo; \u2033INSTITUTO CERVANTES\u2033<\/h4><div class=\"sc_section margin_top_medium\"><div class=\"sc_section_inner\"><div class=\"sc_section_content_wrap\"><\/div><\/div><\/div>[vc_column_text css=\u00a0\u00bb\u00a0\u00bb]Nous donnons des cours toute l\u2019ann\u00e9e par p\u00e9riode qui varient de 1 \u00e0 36 semaines. Ces cours sont disponibles pour tous les niveaux, du d\u00e9butant \u00e0 l\u2019avanc\u00e9.<br \/>\nNos professeurs, dipl\u00f4m\u00e9s en Langue Hispanique et avec une large exp\u00e9rience dans l\u2019enseignement de l\u2019espagnol en tant que langue \u00e9trang\u00e8re, vous guideront non seulement dans le processus d\u00b4apprentissage de la langue, mais ils vous aideront aussi \u00e0 vous adapter \u00e0 la vie quotidienne espagnole.<\/p>\n<h5>Groupes<\/h5>\n<p>Le nombre limit\u00e9 d\u2019\u00e9l\u00e8ves par classe (maximum 10) permet la participation individuelle et favorise l\u2019attention en cr\u00e9ant une ambiance d\u2019\u00e9tude active et dynamique. La diversit\u00e9 culturelle de nos \u00e9tudiants contribue \u00e0 cr\u00e9er des discussions entre nos groupes internationaux.<\/p>\n<h5>Test<\/h5>\n<p>Avant de commencer le cours, chaque \u00e9tudiant effectue un test de niveau pour d\u00e9terminer ses connaissances de la langue.<\/p>\n<h5>Niveaux<\/h5>\n<p>Nous offrons des cours pour tous les niveaux, du d\u00e9butant \u00e0 l\u2019avanc\u00e9:<br \/>\nA1 &#8211; A2<br \/>\nB1 &#8211; B2<br \/>\nC1 &#8211; C2<br \/>\n<a href=\"http:\/\/intereuropa.es\/old\/docs\/content%20levels%20courses%20of%20spanish.pdf\" target=\"_blank\" rel=\"noopener noreferrer\">Click here to see the content of each level<\/a><\/p>\n<h5><img loading=\"lazy\" decoding=\"async\" class=\"alignnone size-full wp-image-4308\" src=\"http:\/\/intereuropa.es\/wp-content\/uploads\/2018\/02\/course_of_spanish.jpg\" alt=\"\" width=\"293\" height=\"167\" \/><\/h5>\n<h5>M\u00e9thode d&rsquo;enseignement<\/h5>\n<p>La m\u00e9thode d\u2019enseignement est fond\u00e9e sur la pratique de la langue en d\u00e9veloppant de mani\u00e8re minutieuse et agr\u00e9able ces quatre fonctions principales : audition, conversation, lecture et \u00e9criture.<br \/>\nLe programme inclut des classes intensives de grammaire, syntaxe et vocabulaire et accorde une attention particuli\u00e8re \u00e0 la conversation, permettant ainsi \u00e0 l\u00b4\u00e9tudiant d\u00b4acqu\u00e9rir imm\u00e9diatement la s\u00e9curit\u00e9 n\u00e9cessaire pour s\u00b4exprimer et communiquer en espagnol.<\/p>\n<h5>Dipl\u00f4mes<\/h5>\n<p>Tous nos \u00e9tudiants re\u00e7oivent un certificat de participation \u00e0 la fin des cours..<\/p>\n<h5><img loading=\"lazy\" decoding=\"async\" class=\"alignnone size-full wp-image-4309\" src=\"http:\/\/intereuropa.es\/wp-content\/uploads\/2018\/02\/diploma.jpg\" alt=\"\" width=\"147\" height=\"104\" \/><\/h5>\n<h5>Livres<\/h5>\n<p>Nous utilisons un mat\u00e9riel didactique qui nous ait propre. Il est cr\u00e9\u00e9 et r\u00e9visit\u00e9 par nos propres professeurs. Ce mat\u00e9riel est renforc\u00e9 par des textes d&rsquo;actualit\u00e9, des lectures provenant de diff\u00e9rents \u00e9ditoriaux, des vid\u00e9os, etc.[\/vc_column_text][\/vc_column][\/vc_row]<\/p>\n<\/div>","protected":false},"excerpt":{"rendered":"<p>[vc_row inverse=\u00a0\u00bb\u00a0\u00bb css=\u00a0\u00bb.vc_custom_1518438912643{margin-top: 50px !important;border-top-width: 0px !important;padding-top: 0px !important;}\u00a0\u00bb][vc_column width=\u00a0\u00bb1\/4&Prime; css=\u00a0\u00bb.vc_custom_1516378517831{background-color: #f2f2f2 !important;}\u00a0\u00bb][\/vc_column][vc_column width=\u00a0\u00bb3\/4&Prime;][vc_column_text css=\u00a0\u00bb\u00a0\u00bb]Nous donnons des cours toute l\u2019ann\u00e9e par p\u00e9riode qui varient de 1 \u00e0 36 semaines. Ces cours sont disponibles pour tous les niveaux, du d\u00e9butant \u00e0 l\u2019avanc\u00e9. Nos professeurs, dipl\u00f4m\u00e9s en Langue Hispanique et avec une large exp\u00e9rience dans l\u2019enseignement de [&hellip;]<\/p>\n","protected":false},"author":12,"featured_media":0,"parent":0,"menu_order":0,"comment_status":"closed","ping_status":"closed","template":"","meta":{"_joinchat":[],"footnotes":""},"class_list":["post-6663","page","type-page","status-publish","hentry"],"_links":{"self":[{"href":"https:\/\/intereuropa.es\/fr\/wp-json\/wp\/v2\/pages\/6663","targetHints":{"allow":["GET"]}}],"collection":[{"href":"https:\/\/intereuropa.es\/fr\/wp-json\/wp\/v2\/pages"}],"about":[{"href":"https:\/\/intereuropa.es\/fr\/wp-json\/wp\/v2\/types\/page"}],"author":[{"embeddable":true,"href":"https:\/\/intereuropa.es\/fr\/wp-json\/wp\/v2\/users\/12"}],"replies":[{"embeddable":true,"href":"https:\/\/intereuropa.es\/fr\/wp-json\/wp\/v2\/comments?post=6663"}],"version-history":[{"count":3,"href":"https:\/\/intereuropa.es\/fr\/wp-json\/wp\/v2\/pages\/6663\/revisions"}],"predecessor-version":[{"id":20104,"href":"https:\/\/intereuropa.es\/fr\/wp-json\/wp\/v2\/pages\/6663\/revisions\/20104"}],"wp:attachment":[{"href":"https:\/\/intereuropa.es\/fr\/wp-json\/wp\/v2\/media?parent=6663"}],"curies":[{"name":"wp","href":"https:\/\/api.w.org\/{rel}","templated":true}]}}