{"id":6855,"date":"2019-07-10T16:30:19","date_gmt":"2019-07-10T16:30:19","guid":{"rendered":"http:\/\/intereuropa.es\/informacion-grupos-escolares-1\/"},"modified":"2019-08-02T15:13:09","modified_gmt":"2019-08-02T15:13:09","slug":"information-groupes-scolaires-1","status":"publish","type":"page","link":"https:\/\/intereuropa.es\/fr\/information-groupes-scolaires-1\/","title":{"rendered":"Information groupes scolaires"},"content":{"rendered":"<div class=\"wpb-content-wrapper\"><p>[vc_row][vc_column width=\u00a0\u00bb1\/3&Prime; css=\u00a0\u00bb.vc_custom_1561971282991{border-top-width: 1px !important;border-right-width: 1px !important;border-bottom-width: 1px !important;border-left-width: 1px !important;background-color: #e02922 !important;border-left-color: #e02922 !important;border-left-style: solid !important;border-right-color: #e02922 !important;border-right-style: solid !important;border-top-color: #e02922 !important;border-top-style: solid !important;border-bottom-color: #e02922 !important;border-bottom-style: solid !important;border-radius: 5px !important;}\u00a0\u00bb][vc_single_image image=\u00a0\u00bb6289&Prime; img_size=\u00a0\u00bblarge\u00a0\u00bb alignment=\u00a0\u00bbcenter\u00a0\u00bb]<h4 class=\"sc_title sc_title_divider sc_align_center title-step-form margin_top_small\" style=\"text-align:center;color:#ffffff;\"><span class=\"sc_title_divider_before\" style=\"background-color: #ffffff\"><\/span>Informations sur le groupe<span class=\"sc_title_divider_after\" style=\"background-color: #ffffff\"><\/span><\/h4>[vc_column_text]\n<div class=\"wpcf7 no-js\" id=\"wpcf7-f7970-o1\" lang=\"es-ES\" dir=\"ltr\" data-wpcf7-id=\"7970\">\n<div class=\"screen-reader-response\"><p role=\"status\" aria-live=\"polite\" aria-atomic=\"true\"><\/p> <ul><\/ul><\/div>\n<form action=\"\/fr\/wp-json\/wp\/v2\/pages\/6855#wpcf7-f7970-o1\" method=\"post\" class=\"wpcf7-form init\" aria-label=\"Formulario de contacto\" novalidate=\"novalidate\" data-status=\"init\">\n<fieldset class=\"hidden-fields-container\"><input type=\"hidden\" name=\"_wpcf7\" value=\"7970\" \/><input type=\"hidden\" name=\"_wpcf7_version\" value=\"6.1.5\" \/><input type=\"hidden\" name=\"_wpcf7_locale\" value=\"es_ES\" \/><input type=\"hidden\" name=\"_wpcf7_unit_tag\" value=\"wpcf7-f7970-o1\" \/><input type=\"hidden\" name=\"_wpcf7_container_post\" value=\"0\" \/><input type=\"hidden\" name=\"_wpcf7_posted_data_hash\" value=\"\" \/><input type=\"hidden\" name=\"_wpcf7cf_hidden_group_fields\" value=\"[]\" \/><input type=\"hidden\" name=\"_wpcf7cf_hidden_groups\" value=\"[]\" \/><input type=\"hidden\" name=\"_wpcf7cf_visible_groups\" value=\"[]\" \/><input type=\"hidden\" name=\"_wpcf7cf_repeaters\" value=\"[]\" \/><input type=\"hidden\" name=\"_wpcf7cf_steps\" value=\"{}\" \/><input type=\"hidden\" name=\"_wpcf7cf_options\" value=\"{&quot;form_id&quot;:7970,&quot;conditions&quot;:[],&quot;settings&quot;:{&quot;animation&quot;:&quot;yes&quot;,&quot;animation_intime&quot;:200,&quot;animation_outtime&quot;:200,&quot;conditions_ui&quot;:&quot;normal&quot;,&quot;notice_dismissed&quot;:false}}\" \/>\n<\/fieldset>\n<label> L'organisation (*)\n    <span class=\"wpcf7-form-control-wrap\" data-name=\"organizacion\"><input size=\"40\" maxlength=\"400\" class=\"wpcf7-form-control wpcf7-text wpcf7-validates-as-required\" aria-required=\"true\" aria-invalid=\"false\" value=\"\" type=\"text\" name=\"organizacion\" \/><\/span> <\/label>\n\n<label> Nationalit\u00e9 (*)\n    <span class=\"wpcf7-form-control-wrap\" data-name=\"nacionalidad\"><input size=\"40\" maxlength=\"400\" class=\"wpcf7-form-control wpcf7-text wpcf7-validates-as-required\" aria-required=\"true\" aria-invalid=\"false\" value=\"\" type=\"text\" name=\"nacionalidad\" \/><\/span> <\/label>\n\n<label> D\u00e9but\n    <span class=\"wpcf7-form-control-wrap\" data-name=\"fecha-inicio-curso\"><input class=\"wpcf7-form-control wpcf7-date wpcf7-validates-as-date\" aria-invalid=\"false\" value=\"\" type=\"date\" name=\"fecha-inicio-curso\" \/><\/span> <\/label>\n\n<label> Fin\n    <span class=\"wpcf7-form-control-wrap\" data-name=\"fecha-fin-curso\"><input class=\"wpcf7-form-control wpcf7-date wpcf7-validates-as-date\" aria-invalid=\"false\" value=\"\" type=\"date\" name=\"fecha-fin-curso\" \/><\/span> <\/label>\n\n<label> Si vous ne connaissez pas les dates exactes, indiquez le nombre de semaines que vous souhaitez s\u00e9journer\n    <span class=\"wpcf7-form-control-wrap\" data-name=\"semanas\"><input size=\"40\" maxlength=\"400\" class=\"wpcf7-form-control wpcf7-text\" aria-invalid=\"false\" value=\"\" type=\"text\" name=\"semanas\" \/><\/span> <\/label>\n\n<label> Taille approximative du groupe\n    <span class=\"wpcf7-form-control-wrap\" data-name=\"tamano\"><input size=\"40\" maxlength=\"400\" class=\"wpcf7-form-control wpcf7-text\" aria-invalid=\"false\" value=\"\" type=\"text\" name=\"tamano\" \/><\/span> <\/label>\n\n<label> Nombre de dirigeants\n    <span class=\"wpcf7-form-control-wrap\" data-name=\"lideres\"><input size=\"40\" maxlength=\"400\" class=\"wpcf7-form-control wpcf7-text\" aria-invalid=\"false\" value=\"\" type=\"text\" name=\"lideres\" \/><\/span> <\/label>\n\n<label> \u00c2ge approximatif de l'\u00e9tudiant\n    <span class=\"wpcf7-form-control-wrap\" data-name=\"edad\"><input size=\"40\" maxlength=\"400\" class=\"wpcf7-form-control wpcf7-text\" aria-invalid=\"false\" value=\"\" type=\"text\" name=\"edad\" \/><\/span> <\/label>\n\n<label> Quel est le niveau approximatif des \u00e9l\u00e8ves?\n    <span class=\"wpcf7-form-control-wrap\" data-name=\"nivel\"><select class=\"wpcf7-form-control wpcf7-select\" aria-invalid=\"false\" name=\"nivel\"><option value=\"D\u00e9butant\">D\u00e9butant<\/option><option value=\"\u00c9l\u00e9mentaire\">\u00c9l\u00e9mentaire<\/option><option value=\"Interm\u00e9diaire\">Interm\u00e9diaire<\/option><option value=\"Avanc\u00e9e\">Avanc\u00e9e<\/option><option value=\"Comp\u00e9tence\">Comp\u00e9tence<\/option><\/select><\/span> <\/label>\n\n<label> Nombre de le\u00e7ons par jour\n    <span class=\"wpcf7-form-control-wrap\" data-name=\"lecciones\"><select class=\"wpcf7-form-control wpcf7-select\" aria-invalid=\"false\" name=\"lecciones\"><option value=\"1\">1<\/option><option value=\"2\">2<\/option><option value=\"3\">3<\/option><option value=\"4\">4<\/option><option value=\"5\">5<\/option><\/select><\/span> <\/label>\n\n<label> Aimeriez-vous que les \u00e9l\u00e8ves de votre groupe se m\u00ealent \u00e0 ceux de l'\u00e9cole ? (Seulement pour les \u00e9tudiants de plus de 16 ans)\n     <span class=\"wpcf7-form-control-wrap\" data-name=\"mezcla-grupo\"><span class=\"wpcf7-form-control wpcf7-checkbox\"><span class=\"wpcf7-list-item first\"><input type=\"checkbox\" name=\"mezcla-grupo[]\" value=\"oui\" \/><span class=\"wpcf7-list-item-label\">oui<\/span><\/span><span class=\"wpcf7-list-item last\"><input type=\"checkbox\" name=\"mezcla-grupo[]\" value=\"non\" \/><span class=\"wpcf7-list-item-label\">non<\/span><\/span><\/span><\/span> <\/label>\n\n<label> T\u00e9l\u00e9phone (*)\n     <span class=\"wpcf7-form-control-wrap\" data-name=\"telefono\"><input size=\"40\" maxlength=\"400\" class=\"wpcf7-form-control wpcf7-text wpcf7-validates-as-required\" aria-required=\"true\" aria-invalid=\"false\" value=\"\" type=\"text\" name=\"telefono\" \/><\/span> <\/label>\n\n<label> Email (*)\n    <span class=\"wpcf7-form-control-wrap\" data-name=\"email\"><input size=\"40\" maxlength=\"400\" class=\"wpcf7-form-control wpcf7-email wpcf7-validates-as-required wpcf7-text wpcf7-validates-as-email\" aria-required=\"true\" aria-invalid=\"false\" value=\"\" type=\"email\" name=\"email\" \/><\/span> <\/label>\n\n<label> Comment avez-vous connu Intereuropa?\n    <span class=\"wpcf7-form-control-wrap\" data-name=\"info-intereuropa\"><textarea cols=\"40\" rows=\"5\" maxlength=\"2000\" class=\"wpcf7-form-control wpcf7-textarea\" aria-invalid=\"false\" name=\"info-intereuropa\"><\/textarea><\/span> <\/label>\n\n<input class=\"wpcf7-form-control wpcf7-hidden\" value=\"curso para grupos escolares\" type=\"hidden\" name=\"curso\" \/>\n\n<input class=\"wpcf7-form-control wpcf7-submit has-spinner\" type=\"submit\" value=\"Suivant\" \/>\n<input type=\"hidden\" name=\"_cf7msm_multistep_tag\" class=\"wpcf7-form-control wpcf7-multistep cf7msm-multistep\" value=\"{&quot;first_step&quot;:1,&quot;skip_save&quot;:1,&quot;next_url&quot;:&quot;http:\\\/\\\/intereuropa.es\\\/fr\\\/information-groupes-scolaires-2\\\/&quot;}\" \/><input type=\"hidden\" name=\"cf7msm-no-ss\" value=\"\" \/><p style=\"display: none !important;\" class=\"akismet-fields-container\" data-prefix=\"_wpcf7_ak_\"><label>&#916;<textarea name=\"_wpcf7_ak_hp_textarea\" cols=\"45\" rows=\"8\" maxlength=\"100\"><\/textarea><\/label><input type=\"hidden\" id=\"ak_js_1\" name=\"_wpcf7_ak_js\" value=\"116\"\/><script>document.getElementById( \"ak_js_1\" ).setAttribute( \"value\", ( new Date() ).getTime() );<\/script><\/p><div class=\"wpcf7-response-output\" aria-hidden=\"true\"><\/div>\n<\/form>\n<\/div>\n[\/vc_column_text][\/vc_column][vc_column width=\u00a0\u00bb2\/3&Prime;][vc_single_image image=\u00a0\u00bb6723&Prime; img_size=\u00a0\u00bblarge\u00a0\u00bb alignment=\u00a0\u00bbcenter\u00a0\u00bb][\/vc_column][\/vc_row]<\/p>\n<\/div>","protected":false},"excerpt":{"rendered":"<p>[vc_row][vc_column width=\u00a0\u00bb1\/3&Prime; css=\u00a0\u00bb.vc_custom_1561971282991{border-top-width: 1px !important;border-right-width: 1px !important;border-bottom-width: 1px !important;border-left-width: 1px !important;background-color: #e02922 !important;border-left-color: #e02922 !important;border-left-style: solid !important;border-right-color: #e02922 !important;border-right-style: solid !important;border-top-color: #e02922 !important;border-top-style: solid !important;border-bottom-color: #e02922 !important;border-bottom-style: solid !important;border-radius: 5px !important;}\u00a0\u00bb][vc_single_image image=\u00a0\u00bb6289&Prime; img_size=\u00a0\u00bblarge\u00a0\u00bb alignment=\u00a0\u00bbcenter\u00a0\u00bb][vc_column_text][\/vc_column_text][\/vc_column][vc_column width=\u00a0\u00bb2\/3&Prime;][vc_single_image image=\u00a0\u00bb6723&Prime; img_size=\u00a0\u00bblarge\u00a0\u00bb alignment=\u00a0\u00bbcenter\u00a0\u00bb][\/vc_column][\/vc_row]<\/p>\n","protected":false},"author":12,"featured_media":0,"parent":0,"menu_order":0,"comment_status":"closed","ping_status":"closed","template":"","meta":{"_joinchat":[],"footnotes":""},"class_list":["post-6855","page","type-page","status-publish","hentry"],"_links":{"self":[{"href":"https:\/\/intereuropa.es\/fr\/wp-json\/wp\/v2\/pages\/6855","targetHints":{"allow":["GET"]}}],"collection":[{"href":"https:\/\/intereuropa.es\/fr\/wp-json\/wp\/v2\/pages"}],"about":[{"href":"https:\/\/intereuropa.es\/fr\/wp-json\/wp\/v2\/types\/page"}],"author":[{"embeddable":true,"href":"https:\/\/intereuropa.es\/fr\/wp-json\/wp\/v2\/users\/12"}],"replies":[{"embeddable":true,"href":"https:\/\/intereuropa.es\/fr\/wp-json\/wp\/v2\/comments?post=6855"}],"version-history":[{"count":5,"href":"https:\/\/intereuropa.es\/fr\/wp-json\/wp\/v2\/pages\/6855\/revisions"}],"predecessor-version":[{"id":8191,"href":"https:\/\/intereuropa.es\/fr\/wp-json\/wp\/v2\/pages\/6855\/revisions\/8191"}],"wp:attachment":[{"href":"https:\/\/intereuropa.es\/fr\/wp-json\/wp\/v2\/media?parent=6855"}],"curies":[{"name":"wp","href":"https:\/\/api.w.org\/{rel}","templated":true}]}}