{"id":6859,"date":"2019-06-28T20:55:52","date_gmt":"2019-06-28T20:55:52","guid":{"rendered":"http:\/\/intereuropa.es\/reserva-tu-plaza-1\/"},"modified":"2024-12-24T10:32:47","modified_gmt":"2024-12-24T10:32:47","slug":"reservez-votre-place-1","status":"publish","type":"page","link":"https:\/\/intereuropa.es\/fr\/reservez-votre-place-1\/","title":{"rendered":"R\u00e9servez votre place"},"content":{"rendered":"<div class=\"wpb-content-wrapper\"><p>[vc_row][vc_column width=\u00a0\u00bb1\/2&Prime; css=\u00a0\u00bb.vc_custom_1561971282991{border-top-width: 1px !important;border-right-width: 1px !important;border-bottom-width: 1px !important;border-left-width: 1px !important;background-color: #e02922 !important;border-left-color: #e02922 !important;border-left-style: solid !important;border-right-color: #e02922 !important;border-right-style: solid !important;border-top-color: #e02922 !important;border-top-style: solid !important;border-bottom-color: #e02922 !important;border-bottom-style: solid !important;border-radius: 5px !important;}\u00a0\u00bb][vc_single_image image=\u00a0\u00bb6289&Prime; img_size=\u00a0\u00bblarge\u00a0\u00bb alignment=\u00a0\u00bbcenter\u00a0\u00bb]<h4 class=\"sc_title sc_title_divider sc_align_center title-step-form margin_top_small\" style=\"text-align:center;color:#ffffff;\"><span class=\"sc_title_divider_before\" style=\"background-color: #ffffff\"><\/span>Renseignements personnels<span class=\"sc_title_divider_after\" style=\"background-color: #ffffff\"><\/span><\/h4>[vc_raw_html]JTNDZGl2JTIwY2xhc3MlM0QlMjJmb3JtLW11bHRpLXN0ZXAlMjIlM0UlMEElMjAlMjAlM0NzcGFuJTIwY2xhc3MlM0QlMjJzdGVwJTIwYWN0aXZlJTIyJTNFJTNDJTJGc3BhbiUzRSUwQSUyMCUyMCUzQ3NwYW4lMjBjbGFzcyUzRCUyMnN0ZXAlMjIlM0UlM0MlMkZzcGFuJTNFJTBBJTIwJTIwJTNDc3BhbiUyMGNsYXNzJTNEJTIyc3RlcCUyMiUzRSUzQyUyRnNwYW4lM0UlMEElMjAlMjAlM0NzcGFuJTIwY2xhc3MlM0QlMjJzdGVwJTIyJTNFJTNDJTJGc3BhbiUzRSUwQSUzQyUyRmRpdiUzRQ==[\/vc_raw_html][vc_column_text]\n<div class=\"wpcf7 no-js\" id=\"wpcf7-f7904-o1\" lang=\"es-ES\" dir=\"ltr\" data-wpcf7-id=\"7904\">\n<div class=\"screen-reader-response\"><p role=\"status\" aria-live=\"polite\" aria-atomic=\"true\"><\/p> <ul><\/ul><\/div>\n<form action=\"\/fr\/wp-json\/wp\/v2\/pages\/6859#wpcf7-f7904-o1\" method=\"post\" class=\"wpcf7-form init\" aria-label=\"Formulario de contacto\" novalidate=\"novalidate\" data-status=\"init\">\n<fieldset class=\"hidden-fields-container\"><input type=\"hidden\" name=\"_wpcf7\" value=\"7904\" \/><input type=\"hidden\" name=\"_wpcf7_version\" value=\"6.1.5\" \/><input type=\"hidden\" name=\"_wpcf7_locale\" value=\"es_ES\" \/><input type=\"hidden\" name=\"_wpcf7_unit_tag\" value=\"wpcf7-f7904-o1\" \/><input type=\"hidden\" name=\"_wpcf7_container_post\" value=\"0\" \/><input type=\"hidden\" name=\"_wpcf7_posted_data_hash\" value=\"\" \/><input type=\"hidden\" name=\"_wpcf7cf_hidden_group_fields\" value=\"[]\" \/><input type=\"hidden\" name=\"_wpcf7cf_hidden_groups\" value=\"[]\" \/><input type=\"hidden\" name=\"_wpcf7cf_visible_groups\" value=\"[]\" \/><input type=\"hidden\" name=\"_wpcf7cf_repeaters\" value=\"[]\" \/><input type=\"hidden\" name=\"_wpcf7cf_steps\" value=\"{}\" \/><input type=\"hidden\" name=\"_wpcf7cf_options\" value=\"{&quot;form_id&quot;:7904,&quot;conditions&quot;:[],&quot;settings&quot;:{&quot;animation&quot;:&quot;yes&quot;,&quot;animation_intime&quot;:200,&quot;animation_outtime&quot;:200,&quot;conditions_ui&quot;:&quot;normal&quot;,&quot;notice_dismissed&quot;:false}}\" \/>\n<\/fieldset>\n<label> Pr\u00e9nom (*)\n    <span class=\"wpcf7-form-control-wrap\" data-name=\"nombre\"><input size=\"40\" maxlength=\"400\" class=\"wpcf7-form-control wpcf7-text wpcf7-validates-as-required\" aria-required=\"true\" aria-invalid=\"false\" value=\"\" type=\"text\" name=\"nombre\" \/><\/span> <\/label>\n\n<label> Nom (*)\n    <span class=\"wpcf7-form-control-wrap\" data-name=\"apellidos\"><input size=\"40\" maxlength=\"400\" class=\"wpcf7-form-control wpcf7-text wpcf7-validates-as-required\" aria-required=\"true\" aria-invalid=\"false\" value=\"\" type=\"text\" name=\"apellidos\" \/><\/span> <\/label>\n\n<label> Date de naissance (*)\n    <span class=\"wpcf7-form-control-wrap\" data-name=\"fecha-nacimiento\"><input class=\"wpcf7-form-control wpcf7-date wpcf7-validates-as-required wpcf7-validates-as-date\" aria-required=\"true\" aria-invalid=\"false\" value=\"\" type=\"date\" name=\"fecha-nacimiento\" \/><\/span> <\/label>\n\n<label> Sexe (*)<\/label>\n<span class=\"wpcf7-form-control-wrap\" data-name=\"sexo\"><span class=\"wpcf7-form-control wpcf7-radio\"><span class=\"wpcf7-list-item first\"><label><input type=\"radio\" name=\"sexo\" value=\"Homme\" \/><span class=\"wpcf7-list-item-label\">Homme<\/span><\/label><\/span><span class=\"wpcf7-list-item last\"><label><input type=\"radio\" name=\"sexo\" value=\"Femme\" \/><span class=\"wpcf7-list-item-label\">Femme<\/span><\/label><\/span><\/span><\/span>\n\n<label> Adresse (*)\n    <span class=\"wpcf7-form-control-wrap\" data-name=\"direccion\"><input size=\"40\" maxlength=\"400\" class=\"wpcf7-form-control wpcf7-text wpcf7-validates-as-required\" aria-required=\"true\" aria-invalid=\"false\" value=\"\" type=\"text\" name=\"direccion\" \/><\/span> <\/label>\n\n<label> Nationalit\u00e9 (*)\n    <span class=\"wpcf7-form-control-wrap\" data-name=\"nacionalidad\"><input size=\"40\" maxlength=\"400\" class=\"wpcf7-form-control wpcf7-text wpcf7-validates-as-required\" aria-required=\"true\" aria-invalid=\"false\" value=\"\" type=\"text\" name=\"nacionalidad\" \/><\/span> <\/label>\n\n<label> Ville\n    <span class=\"wpcf7-form-control-wrap\" data-name=\"ciudad\"><input size=\"40\" maxlength=\"400\" class=\"wpcf7-form-control wpcf7-text\" aria-invalid=\"false\" value=\"\" type=\"text\" name=\"ciudad\" \/><\/span> <\/label>\n\n<label> Pays\n    <span class=\"wpcf7-form-control-wrap\" data-name=\"pais\"><input size=\"40\" maxlength=\"400\" class=\"wpcf7-form-control wpcf7-text\" aria-invalid=\"false\" value=\"\" type=\"text\" name=\"pais\" \/><\/span> <\/label>\n\n<label> Code postal\n     <span class=\"wpcf7-form-control-wrap\" data-name=\"codigo-postal\"><input size=\"40\" maxlength=\"400\" class=\"wpcf7-form-control wpcf7-text\" aria-invalid=\"false\" value=\"\" type=\"text\" name=\"codigo-postal\" \/><\/span> <\/label>\n\n<label> T\u00e9l\u00e9phone\n     <span class=\"wpcf7-form-control-wrap\" data-name=\"telefono\"><input size=\"40\" maxlength=\"400\" class=\"wpcf7-form-control wpcf7-text\" aria-invalid=\"false\" value=\"\" type=\"text\" name=\"telefono\" \/><\/span> <\/label>\n\n<label> T\u00e9l\u00e9phone portable\n     <span class=\"wpcf7-form-control-wrap\" data-name=\"telefono-movil\"><input size=\"40\" maxlength=\"400\" class=\"wpcf7-form-control wpcf7-text\" aria-invalid=\"false\" value=\"\" type=\"text\" name=\"telefono-movil\" \/><\/span> <\/label>\n\n<label> Num\u00e9ro de t\u00e9l\u00e9phone et nom d'une personne pr\u00e8s de chez vous \u00e0 pr\u00e9venir en cas d'urgence (*)\n     <span class=\"wpcf7-form-control-wrap\" data-name=\"persona-contacto\"><input size=\"40\" maxlength=\"400\" class=\"wpcf7-form-control wpcf7-text wpcf7-validates-as-required\" aria-required=\"true\" aria-invalid=\"false\" value=\"\" type=\"text\" name=\"persona-contacto\" \/><\/span> <\/label>\n\n<label> E-mail (*)\n    <span class=\"wpcf7-form-control-wrap\" data-name=\"email\"><input size=\"40\" maxlength=\"400\" class=\"wpcf7-form-control wpcf7-email wpcf7-validates-as-required wpcf7-text wpcf7-validates-as-email\" aria-required=\"true\" aria-invalid=\"false\" value=\"\" type=\"email\" name=\"email\" \/><\/span> <\/label>\n\n<label> Comment avez-vous connu Intereuropa?\n    <span class=\"wpcf7-form-control-wrap\" data-name=\"info-intereuropa\"><textarea cols=\"40\" rows=\"5\" maxlength=\"2000\" class=\"wpcf7-form-control wpcf7-textarea\" aria-invalid=\"false\" name=\"info-intereuropa\"><\/textarea><\/span> <\/label>\n\n<input class=\"wpcf7-form-control wpcf7-hidden\" value=\"0\" type=\"hidden\" name=\"total_1\" \/>\n<input class=\"wpcf7-form-control wpcf7-submit has-spinner\" type=\"submit\" value=\"Suivant\" \/>\n<input type=\"hidden\" name=\"_cf7msm_multistep_tag\" class=\"wpcf7-form-control wpcf7-multistep cf7msm-multistep\" value=\"{&quot;first_step&quot;:1,&quot;skip_save&quot;:1,&quot;next_url&quot;:&quot;http:\\\/\\\/intereuropa.es\\\/fr\\\/reservez-votre-place-2&quot;}\" \/><input type=\"hidden\" name=\"cf7msm-no-ss\" value=\"\" \/><p style=\"display: none !important;\" class=\"akismet-fields-container\" data-prefix=\"_wpcf7_ak_\"><label>&#916;<textarea name=\"_wpcf7_ak_hp_textarea\" cols=\"45\" rows=\"8\" maxlength=\"100\"><\/textarea><\/label><input type=\"hidden\" id=\"ak_js_1\" name=\"_wpcf7_ak_js\" value=\"90\"\/><script type=\"text\/javascript\">\n\/* <![CDATA[ *\/\ndocument.getElementById( \"ak_js_1\" ).setAttribute( \"value\", ( new Date() ).getTime() );\n\/* ]]> *\/\n<\/script>\n<\/p><div class=\"wpcf7-response-output\" aria-hidden=\"true\"><\/div>\n<\/form>\n<\/div>\n[\/vc_column_text][\/vc_column][vc_column width=\u00a0\u00bb1\/2&Prime;][vc_raw_html css=\u00a0\u00bb\u00a0\u00bb]JTNDZGl2JTIwaWQlM0QlMjJmb3JtLXN1bW1hcnklMjIlM0UlMEQlMEElM0NoNCUzRVIlQzMlQTlzdW0lQzMlQTklMjBkZSUyMGxhJTIwciVDMyVBOXNlcnZlJTNDJTJGaDQlM0UlMEQlMEElM0MlMkZkaXYlM0U=[\/vc_raw_html][vc_column_text css=\u00a0\u00bb.vc_custom_1676310424804{padding-left: 20px !important;}\u00a0\u00bb]<a href=\"https:\/\/intereuropa.es\/pago-online\/\">https:\/\/intereuropa.es\/pago-online\/<\/a>Pour effectuer une r\u00e9servation, veuillez suivre les instructions ci-dessous :<\/p>\n<p>Remplissez le formulaire d&rsquo;inscription suivant et envoyez-le en ligne avec les dates du cours et de l&rsquo;h\u00e9bergement (si vous en avez besoin).<\/p>\n<p>Si vous avez des commentaires ou des questions \u00e0 nous poser, veuillez nous contacter \u00e0 <a href=\"mailto:info@intereuropa.es\">info@intereuropa.es<\/a>.<\/p>\n<p>Lorsque nous aurons re\u00e7u votre inscription, nous vous contacterons par email pour vous confirmer la disponibilit\u00e9 de votre r\u00e9servation et le prix total.<\/p>\n<p>Pour confirmer d\u00e9finitivement votre inscription, vous devrez verser un acompte de 100\u20ac.<\/p>\n<p>Vous pouvez r\u00e9gler le montant restant (total moins 100\u20ac) jusqu&rsquo;\u00e0 15 jours avant le d\u00e9but du cours.<\/p>\n<p>Lorsque nous aurons re\u00e7u le paiement de l&rsquo;acompte, nous vous enverrons une lettre de confirmation d&rsquo;inscription avec les d\u00e9tails de votre r\u00e9servation, cours et h\u00e9bergement (si choisi).<\/p>\n<p>Si vous n&rsquo;\u00eates pas d\u00e9butant, nous vous enverrons un test de niveau en ligne. Il nous aidera \u00e0 d\u00e9terminer votre niveau et vous assurera de bien commencer votre cours d&rsquo;espagnol.<\/p>\n<p><strong>Modes de paiement<\/strong><\/p>\n<p>Vous pourrez payer en utilisant l&rsquo;une des m\u00e9thodes sp\u00e9cifi\u00e9es ci-dessous :<\/p>\n<ul>\n<li>Virement bancaire sans frais \u00e0 :\n<ul>\n<li><strong>Titulaire du compte<\/strong>: Intereuropa, Espa\u00f1ol para extranjeros S.L.<\/li>\n<li><strong>Banque<\/strong>: CaixaBank<\/li>\n<li><strong>IBAN<\/strong>: ES77 2100 7737 8313 0474 9773<\/li>\n<li><strong>BIC<\/strong>: CAIXESBBXXX<\/li>\n<\/ul>\n<\/li>\n<\/ul>\n<p>N&rsquo;oubliez pas d&rsquo;indiquer votre nom ou le nom de l&rsquo;\u00e9tudiant qui suivra le cours.<\/p>\n<ul>\n<li><a href=\"https:\/\/intereuropa.es\/pago-online\/\">Paiement en ligne<\/a><\/li>\n<\/ul>\n<p>Veuillez lire attentivement les conditions g\u00e9n\u00e9rales avant d&rsquo;envoyer le formulaire d&rsquo;inscription.<\/p>\n<p>Cliquez <a href=\"http:\/\/intereuropa.es\/fr\/termes-et-conditions\/\">ici<\/a> pour ouvrir les conditions g\u00e9n\u00e9rales[\/vc_column_text][vc_empty_space][vc_single_image image=\u00a0\u00bb770&Prime; img_size=\u00a0\u00bblarge\u00a0\u00bb css=\u00a0\u00bb.vc_custom_1561977791138{padding-left: 20px !important;}\u00a0\u00bb][\/vc_column][\/vc_row]<\/p>\n<\/div>","protected":false},"excerpt":{"rendered":"<p>[vc_row][vc_column width=\u00a0\u00bb1\/2&Prime; css=\u00a0\u00bb.vc_custom_1561971282991{border-top-width: 1px !important;border-right-width: 1px !important;border-bottom-width: 1px !important;border-left-width: 1px !important;background-color: #e02922 !important;border-left-color: #e02922 !important;border-left-style: solid !important;border-right-color: #e02922 !important;border-right-style: solid !important;border-top-color: #e02922 !important;border-top-style: solid !important;border-bottom-color: #e02922 !important;border-bottom-style: solid !important;border-radius: 5px !important;}\u00a0\u00bb][vc_single_image image=\u00a0\u00bb6289&Prime; img_size=\u00a0\u00bblarge\u00a0\u00bb alignment=\u00a0\u00bbcenter\u00a0\u00bb][vc_raw_html]JTNDZGl2JTIwY2xhc3MlM0QlMjJmb3JtLW11bHRpLXN0ZXAlMjIlM0UlMEElMjAlMjAlM0NzcGFuJTIwY2xhc3MlM0QlMjJzdGVwJTIwYWN0aXZlJTIyJTNFJTNDJTJGc3BhbiUzRSUwQSUyMCUyMCUzQ3NwYW4lMjBjbGFzcyUzRCUyMnN0ZXAlMjIlM0UlM0MlMkZzcGFuJTNFJTBBJTIwJTIwJTNDc3BhbiUyMGNsYXNzJTNEJTIyc3RlcCUyMiUzRSUzQyUyRnNwYW4lM0UlMEElMjAlMjAlM0NzcGFuJTIwY2xhc3MlM0QlMjJzdGVwJTIyJTNFJTNDJTJGc3BhbiUzRSUwQSUzQyUyRmRpdiUzRQ==[\/vc_raw_html][vc_column_text][\/vc_column_text][\/vc_column][vc_column width=\u00a0\u00bb1\/2&Prime;][vc_raw_html css=\u00a0\u00bb\u00a0\u00bb]JTNDZGl2JTIwaWQlM0QlMjJmb3JtLXN1bW1hcnklMjIlM0UlMEQlMEElM0NoNCUzRVIlQzMlQTlzdW0lQzMlQTklMjBkZSUyMGxhJTIwciVDMyVBOXNlcnZlJTNDJTJGaDQlM0UlMEQlMEElM0MlMkZkaXYlM0U=[\/vc_raw_html][vc_column_text css=\u00a0\u00bb.vc_custom_1676310424804{padding-left: 20px !important;}\u00a0\u00bb]https:\/\/intereuropa.es\/pago-online\/Pour effectuer une r\u00e9servation, veuillez suivre les instructions ci-dessous : Remplissez le formulaire d&rsquo;inscription suivant et envoyez-le [&hellip;]<\/p>\n","protected":false},"author":12,"featured_media":0,"parent":0,"menu_order":0,"comment_status":"closed","ping_status":"closed","template":"","meta":{"_joinchat":[],"footnotes":""},"class_list":["post-6859","page","type-page","status-publish","hentry"],"_links":{"self":[{"href":"https:\/\/intereuropa.es\/fr\/wp-json\/wp\/v2\/pages\/6859","targetHints":{"allow":["GET"]}}],"collection":[{"href":"https:\/\/intereuropa.es\/fr\/wp-json\/wp\/v2\/pages"}],"about":[{"href":"https:\/\/intereuropa.es\/fr\/wp-json\/wp\/v2\/types\/page"}],"author":[{"embeddable":true,"href":"https:\/\/intereuropa.es\/fr\/wp-json\/wp\/v2\/users\/12"}],"replies":[{"embeddable":true,"href":"https:\/\/intereuropa.es\/fr\/wp-json\/wp\/v2\/comments?post=6859"}],"version-history":[{"count":16,"href":"https:\/\/intereuropa.es\/fr\/wp-json\/wp\/v2\/pages\/6859\/revisions"}],"predecessor-version":[{"id":19878,"href":"https:\/\/intereuropa.es\/fr\/wp-json\/wp\/v2\/pages\/6859\/revisions\/19878"}],"wp:attachment":[{"href":"https:\/\/intereuropa.es\/fr\/wp-json\/wp\/v2\/media?parent=6859"}],"curies":[{"name":"wp","href":"https:\/\/api.w.org\/{rel}","templated":true}]}}