{"id":6861,"date":"2019-06-28T20:56:51","date_gmt":"2019-06-28T20:56:51","guid":{"rendered":"http:\/\/intereuropa.es\/reserva-tu-plaza-2\/"},"modified":"2024-12-24T10:33:10","modified_gmt":"2024-12-24T10:33:10","slug":"reservez-votre-place-2","status":"publish","type":"page","link":"https:\/\/intereuropa.es\/fr\/reservez-votre-place-2\/","title":{"rendered":"R\u00e9servez votre place"},"content":{"rendered":"<div class=\"wpb-content-wrapper\"><p>[vc_row][vc_column width=\u00a0\u00bb1\/2&Prime; css=\u00a0\u00bb.vc_custom_1561971225091{border-top-width: 1px !important;border-right-width: 1px !important;border-bottom-width: 1px !important;border-left-width: 1px !important;background-color: #e02922 !important;border-left-color: #e02922 !important;border-left-style: solid !important;border-right-color: #e02922 !important;border-right-style: solid !important;border-top-color: #e02922 !important;border-top-style: solid !important;border-bottom-color: #e02922 !important;border-bottom-style: solid !important;border-radius: 5px !important;}\u00a0\u00bb][vc_single_image image=\u00a0\u00bb6289&Prime; img_size=\u00a0\u00bblarge\u00a0\u00bb alignment=\u00a0\u00bbcenter\u00a0\u00bb]<h4 class=\"sc_title sc_title_divider sc_align_center title-step-form margin_top_small\" style=\"text-align:center;color:#ffffff;\"><span class=\"sc_title_divider_before\" style=\"background-color: #ffffff\"><\/span>Renseignements sur le cours<span class=\"sc_title_divider_after\" style=\"background-color: #ffffff\"><\/span><\/h4>[vc_raw_html]JTNDZGl2JTIwY2xhc3MlM0QlMjJmb3JtLW11bHRpLXN0ZXAlMjIlM0UlMEElMjAlMjAlM0NzcGFuJTIwY2xhc3MlM0QlMjJzdGVwJTIyJTNFJTNDJTJGc3BhbiUzRSUwQSUyMCUyMCUzQ3NwYW4lMjBjbGFzcyUzRCUyMnN0ZXAlMjBhY3RpdmUlMjIlM0UlM0MlMkZzcGFuJTNFJTBBJTIwJTIwJTNDc3BhbiUyMGNsYXNzJTNEJTIyc3RlcCUyMiUzRSUzQyUyRnNwYW4lM0UlMEElMjAlMjAlM0NzcGFuJTIwY2xhc3MlM0QlMjJzdGVwJTIyJTNFJTNDJTJGc3BhbiUzRSUwQSUzQyUyRmRpdiUzRQ==[\/vc_raw_html][vc_column_text]\n<div class=\"wpcf7 no-js\" id=\"wpcf7-f7905-o1\" lang=\"es-ES\" dir=\"ltr\" data-wpcf7-id=\"7905\">\n<div class=\"screen-reader-response\"><p role=\"status\" aria-live=\"polite\" aria-atomic=\"true\"><\/p> <ul><\/ul><\/div>\n<form action=\"\/fr\/wp-json\/wp\/v2\/pages\/6861#wpcf7-f7905-o1\" method=\"post\" class=\"wpcf7-form init\" aria-label=\"Formulario de contacto\" novalidate=\"novalidate\" data-status=\"init\">\n<fieldset class=\"hidden-fields-container\"><input type=\"hidden\" name=\"_wpcf7\" value=\"7905\" \/><input type=\"hidden\" name=\"_wpcf7_version\" value=\"6.1.5\" \/><input type=\"hidden\" name=\"_wpcf7_locale\" value=\"es_ES\" \/><input type=\"hidden\" name=\"_wpcf7_unit_tag\" value=\"wpcf7-f7905-o1\" \/><input type=\"hidden\" name=\"_wpcf7_container_post\" value=\"0\" \/><input type=\"hidden\" name=\"_wpcf7_posted_data_hash\" value=\"\" \/><input type=\"hidden\" name=\"_wpcf7cf_hidden_group_fields\" value=\"[]\" \/><input type=\"hidden\" name=\"_wpcf7cf_hidden_groups\" value=\"[]\" \/><input type=\"hidden\" name=\"_wpcf7cf_visible_groups\" value=\"[]\" \/><input type=\"hidden\" name=\"_wpcf7cf_repeaters\" value=\"[]\" \/><input type=\"hidden\" name=\"_wpcf7cf_steps\" value=\"{}\" \/><input type=\"hidden\" name=\"_wpcf7cf_options\" value=\"{&quot;form_id&quot;:7905,&quot;conditions&quot;:[{&quot;then_field&quot;:&quot;grupo-profesores&quot;,&quot;and_rules&quot;:[{&quot;if_field&quot;:&quot;curso&quot;,&quot;operator&quot;:&quot;equals&quot;,&quot;if_value&quot;:&quot;Cours pour professeurs espagnol&quot;}]},{&quot;then_field&quot;:&quot;grupo-online&quot;,&quot;and_rules&quot;:[{&quot;if_field&quot;:&quot;curso&quot;,&quot;operator&quot;:&quot;equals&quot;,&quot;if_value&quot;:&quot;Cours onligne&quot;}]},{&quot;then_field&quot;:&quot;grupo-jovenes&quot;,&quot;and_rules&quot;:[{&quot;if_field&quot;:&quot;curso&quot;,&quot;operator&quot;:&quot;equals&quot;,&quot;if_value&quot;:&quot;Programme pour les jeunes&quot;}]},{&quot;then_field&quot;:&quot;grupo-intensivo-10&quot;,&quot;and_rules&quot;:[{&quot;if_field&quot;:&quot;curso&quot;,&quot;operator&quot;:&quot;equals&quot;,&quot;if_value&quot;:&quot;Cours intensif 10&quot;}]},{&quot;then_field&quot;:&quot;grupo-intensivo-10-individual&quot;,&quot;and_rules&quot;:[{&quot;if_field&quot;:&quot;curso-intensivo-10-individual&quot;,&quot;operator&quot;:&quot;equals&quot;,&quot;if_value&quot;:&quot;oui&quot;}]},{&quot;then_field&quot;:&quot;grupo-intensivo-20&quot;,&quot;and_rules&quot;:[{&quot;if_field&quot;:&quot;curso&quot;,&quot;operator&quot;:&quot;equals&quot;,&quot;if_value&quot;:&quot;Cours intensif 20&quot;}]},{&quot;then_field&quot;:&quot;grupo-intensivo-20-individual&quot;,&quot;and_rules&quot;:[{&quot;if_field&quot;:&quot;curso-intensivo-20-individual&quot;,&quot;operator&quot;:&quot;equals&quot;,&quot;if_value&quot;:&quot;oui&quot;}]},{&quot;then_field&quot;:&quot;grupo-intensivo-25&quot;,&quot;and_rules&quot;:[{&quot;if_field&quot;:&quot;curso&quot;,&quot;operator&quot;:&quot;equals&quot;,&quot;if_value&quot;:&quot;Cours intensif 25&quot;}]},{&quot;then_field&quot;:&quot;grupo-intensivo-25-individual&quot;,&quot;and_rules&quot;:[{&quot;if_field&quot;:&quot;curso-intensivo-25-individual&quot;,&quot;operator&quot;:&quot;equals&quot;,&quot;if_value&quot;:&quot;oui&quot;}]},{&quot;then_field&quot;:&quot;grupo-individual&quot;,&quot;and_rules&quot;:[{&quot;if_field&quot;:&quot;curso&quot;,&quot;operator&quot;:&quot;equals&quot;,&quot;if_value&quot;:&quot;Cours individuel&quot;}]},{&quot;then_field&quot;:&quot;grupo-conversacion&quot;,&quot;and_rules&quot;:[{&quot;if_field&quot;:&quot;curso&quot;,&quot;operator&quot;:&quot;equals&quot;,&quot;if_value&quot;:&quot;Cours de conversation&quot;}]},{&quot;then_field&quot;:&quot;grupo-extensivo&quot;,&quot;and_rules&quot;:[{&quot;if_field&quot;:&quot;curso&quot;,&quot;operator&quot;:&quot;equals&quot;,&quot;if_value&quot;:&quot;Cours extensif&quot;}]},{&quot;then_field&quot;:&quot;grupo-intensivo-dele&quot;,&quot;and_rules&quot;:[{&quot;if_field&quot;:&quot;curso&quot;,&quot;operator&quot;:&quot;equals&quot;,&quot;if_value&quot;:&quot;Cours intensif de pr\\u00e9paration \\u00e0 examen DELE&quot;}]},{&quot;then_field&quot;:&quot;grupo-estudiado-espanol&quot;,&quot;and_rules&quot;:[{&quot;if_field&quot;:&quot;curso&quot;,&quot;operator&quot;:&quot;not equals&quot;,&quot;if_value&quot;:&quot;Cours pour professeurs espagnol&quot;},{&quot;if_field&quot;:&quot;curso&quot;,&quot;operator&quot;:&quot;not empty&quot;,&quot;if_value&quot;:&quot;Selecciona un curso&quot;}]},{&quot;then_field&quot;:&quot;grupo-nivel-espanol&quot;,&quot;and_rules&quot;:[{&quot;if_field&quot;:&quot;estudiado-espanol&quot;,&quot;operator&quot;:&quot;equals&quot;,&quot;if_value&quot;:&quot;oui&quot;}]}],&quot;settings&quot;:{&quot;animation&quot;:&quot;yes&quot;,&quot;animation_intime&quot;:200,&quot;animation_outtime&quot;:200,&quot;conditions_ui&quot;:&quot;normal&quot;,&quot;notice_dismissed&quot;:false}}\" \/>\n<\/fieldset>\nPlease fill out the form on the previous page.<p style=\"display: none !important;\" class=\"akismet-fields-container\" data-prefix=\"_wpcf7_ak_\"><label>&#916;<textarea name=\"_wpcf7_ak_hp_textarea\" cols=\"45\" rows=\"8\" maxlength=\"100\"><\/textarea><\/label><input type=\"hidden\" id=\"ak_js_1\" name=\"_wpcf7_ak_js\" value=\"37\"\/><script>document.getElementById( \"ak_js_1\" ).setAttribute( \"value\", ( new Date() ).getTime() );<\/script><\/p><div class=\"wpcf7-response-output\" aria-hidden=\"true\"><\/div>\n<\/form>\n<\/div>\n[\/vc_column_text][\/vc_column][vc_column width=\u00a0\u00bb1\/2&Prime;][vc_raw_html css=\u00a0\u00bb\u00a0\u00bb]JTNDZGl2JTIwaWQlM0QlMjJmb3JtLXN1bW1hcnklMjIlM0UlMEQlMEElM0NoNCUzRVIlQzMlQTlzdW0lQzMlQTklMjBkZSUyMGxhJTIwciVDMyVBOXNlcnZlJTNDJTJGaDQlM0UlMEQlMEElM0MlMkZkaXYlM0U=[\/vc_raw_html][vc_column_text css=\u00a0\u00bb.vc_custom_1673527039966{padding-left: 20px !important;}\u00a0\u00bb]Pour effectuer une r\u00e9servation, veuillez suivre les instructions ci-dessous :<\/p>\n<p>Remplissez le formulaire d&rsquo;inscription suivant et envoyez-le en ligne avec les dates du cours et de l&rsquo;h\u00e9bergement (si vous en avez besoin).<\/p>\n<p>Si vous avez des commentaires ou des questions \u00e0 nous poser, veuillez nous contacter \u00e0 <a href=\"mailto:info@intereuropa.es\">info@intereuropa.es<\/a>.<\/p>\n<p>Lorsque nous aurons re\u00e7u votre inscription, nous vous contacterons par email pour vous confirmer la disponibilit\u00e9 de votre r\u00e9servation et le prix total.<\/p>\n<p>Pour confirmer d\u00e9finitivement votre inscription, vous devrez verser un acompte de 100\u20ac.<\/p>\n<p>Vous pouvez r\u00e9gler le montant restant (total moins 100\u20ac) jusqu&rsquo;\u00e0 15 jours avant le d\u00e9but du cours.<\/p>\n<p>Lorsque nous aurons re\u00e7u le paiement de l&rsquo;acompte, nous vous enverrons une lettre de confirmation d&rsquo;inscription avec les d\u00e9tails de votre r\u00e9servation, cours et h\u00e9bergement (si choisi).<\/p>\n<p>Si vous n&rsquo;\u00eates pas d\u00e9butant, nous vous enverrons un test de niveau en ligne. Il nous aidera \u00e0 d\u00e9terminer votre niveau et vous assurera de bien commencer votre cours d&rsquo;espagnol.<\/p>\n<p><strong>Modes de paiement<\/strong><\/p>\n<p>Vous pourrez payer en utilisant l&rsquo;une des m\u00e9thodes sp\u00e9cifi\u00e9es ci-dessous :<\/p>\n<ul>\n<li>Virement bancaire sans frais \u00e0 :\n<ul>\n<li><strong>Titulaire du compte<\/strong>: Intereuropa, Espa\u00f1ol para extranjeros S.L.<\/li>\n<li><strong>Banque<\/strong>: CaixaBank<\/li>\n<li><strong>IBAN<\/strong>: ES77 2100 7737 8313 0474 9773<\/li>\n<li><strong>BIC<\/strong>: CAIXESBBXXX<\/li>\n<\/ul>\n<\/li>\n<\/ul>\n<p>N&rsquo;oubliez pas d&rsquo;indiquer votre nom ou le nom de l&rsquo;\u00e9tudiant qui suivra le cours.<\/p>\n<ul>\n<li>Paiement en ligne<\/li>\n<\/ul>\n<p>Veuillez lire attentivement les conditions g\u00e9n\u00e9rales avant d&rsquo;envoyer le formulaire d&rsquo;inscription.<\/p>\n<p>Cliquez <a href=\"http:\/\/intereuropa.es\/fr\/termes-et-conditions\/\">ici<\/a> pour ouvrir les conditions g\u00e9n\u00e9rales[\/vc_column_text][\/vc_column][\/vc_row]<\/p>\n<\/div>","protected":false},"excerpt":{"rendered":"<p>[vc_row][vc_column width=\u00a0\u00bb1\/2&Prime; css=\u00a0\u00bb.vc_custom_1561971225091{border-top-width: 1px !important;border-right-width: 1px !important;border-bottom-width: 1px !important;border-left-width: 1px !important;background-color: #e02922 !important;border-left-color: #e02922 !important;border-left-style: solid !important;border-right-color: #e02922 !important;border-right-style: solid !important;border-top-color: #e02922 !important;border-top-style: solid !important;border-bottom-color: #e02922 !important;border-bottom-style: solid !important;border-radius: 5px !important;}\u00a0\u00bb][vc_single_image image=\u00a0\u00bb6289&Prime; img_size=\u00a0\u00bblarge\u00a0\u00bb alignment=\u00a0\u00bbcenter\u00a0\u00bb][vc_raw_html]JTNDZGl2JTIwY2xhc3MlM0QlMjJmb3JtLW11bHRpLXN0ZXAlMjIlM0UlMEElMjAlMjAlM0NzcGFuJTIwY2xhc3MlM0QlMjJzdGVwJTIyJTNFJTNDJTJGc3BhbiUzRSUwQSUyMCUyMCUzQ3NwYW4lMjBjbGFzcyUzRCUyMnN0ZXAlMjBhY3RpdmUlMjIlM0UlM0MlMkZzcGFuJTNFJTBBJTIwJTIwJTNDc3BhbiUyMGNsYXNzJTNEJTIyc3RlcCUyMiUzRSUzQyUyRnNwYW4lM0UlMEElMjAlMjAlM0NzcGFuJTIwY2xhc3MlM0QlMjJzdGVwJTIyJTNFJTNDJTJGc3BhbiUzRSUwQSUzQyUyRmRpdiUzRQ==[\/vc_raw_html][vc_column_text][\/vc_column_text][\/vc_column][vc_column width=\u00a0\u00bb1\/2&Prime;][vc_raw_html css=\u00a0\u00bb\u00a0\u00bb]JTNDZGl2JTIwaWQlM0QlMjJmb3JtLXN1bW1hcnklMjIlM0UlMEQlMEElM0NoNCUzRVIlQzMlQTlzdW0lQzMlQTklMjBkZSUyMGxhJTIwciVDMyVBOXNlcnZlJTNDJTJGaDQlM0UlMEQlMEElM0MlMkZkaXYlM0U=[\/vc_raw_html][vc_column_text css=\u00a0\u00bb.vc_custom_1673527039966{padding-left: 20px !important;}\u00a0\u00bb]Pour effectuer une r\u00e9servation, veuillez suivre les instructions ci-dessous : Remplissez le formulaire d&rsquo;inscription suivant et envoyez-le [&hellip;]<\/p>\n","protected":false},"author":12,"featured_media":0,"parent":0,"menu_order":0,"comment_status":"closed","ping_status":"closed","template":"","meta":{"_joinchat":[],"footnotes":""},"class_list":["post-6861","page","type-page","status-publish","hentry"],"_links":{"self":[{"href":"https:\/\/intereuropa.es\/fr\/wp-json\/wp\/v2\/pages\/6861","targetHints":{"allow":["GET"]}}],"collection":[{"href":"https:\/\/intereuropa.es\/fr\/wp-json\/wp\/v2\/pages"}],"about":[{"href":"https:\/\/intereuropa.es\/fr\/wp-json\/wp\/v2\/types\/page"}],"author":[{"embeddable":true,"href":"https:\/\/intereuropa.es\/fr\/wp-json\/wp\/v2\/users\/12"}],"replies":[{"embeddable":true,"href":"https:\/\/intereuropa.es\/fr\/wp-json\/wp\/v2\/comments?post=6861"}],"version-history":[{"count":11,"href":"https:\/\/intereuropa.es\/fr\/wp-json\/wp\/v2\/pages\/6861\/revisions"}],"predecessor-version":[{"id":19879,"href":"https:\/\/intereuropa.es\/fr\/wp-json\/wp\/v2\/pages\/6861\/revisions\/19879"}],"wp:attachment":[{"href":"https:\/\/intereuropa.es\/fr\/wp-json\/wp\/v2\/media?parent=6861"}],"curies":[{"name":"wp","href":"https:\/\/api.w.org\/{rel}","templated":true}]}}