{"id":8084,"date":"2019-07-01T14:50:56","date_gmt":"2019-07-01T14:50:56","guid":{"rendered":"http:\/\/intereuropa.es\/pago-online\/"},"modified":"2019-08-02T12:17:57","modified_gmt":"2019-08-02T12:17:57","slug":"paiement-en-ligne","status":"publish","type":"page","link":"https:\/\/intereuropa.es\/fr\/paiement-en-ligne\/","title":{"rendered":"Paiement en ligne"},"content":{"rendered":"<div class=\"wpb-content-wrapper\"><p>[vc_row][vc_column width=\u00a0\u00bb1\/4&Prime;][\/vc_column][vc_column width=\u00a0\u00bb1\/2&Prime; css=\u00a0\u00bb.vc_custom_1561994899943{border-top-width: 1px !important;border-right-width: 1px !important;border-bottom-width: 1px !important;border-left-width: 1px !important;background-color: #f01411 !important;border-left-color: #f01411 !important;border-left-style: solid !important;border-right-color: #f01411 !important;border-right-style: solid !important;border-top-color: #f01411 !important;border-top-style: solid !important;border-bottom-color: #f01411 !important;border-bottom-style: solid !important;border-radius: 5px !important;}\u00a0\u00bb][vc_single_image image=\u00a0\u00bb6289&Prime; img_size=\u00a0\u00bbfull\u00a0\u00bb alignment=\u00a0\u00bbcenter\u00a0\u00bb]<h4 class=\"sc_title sc_title_divider sc_align_center margin_top_small\" style=\"text-align:center;color:#ffffff;\"><span class=\"sc_title_divider_before\" style=\"background-color: #ffffff\"><\/span>Donn\u00e9es clients<span class=\"sc_title_divider_after\" style=\"background-color: #ffffff\"><\/span><\/h4>[vc_column_text css=\u00a0\u00bb.vc_custom_1563892411379{padding-bottom: 20px !important;}\u00a0\u00bb]<span style=\"color: #ffffff;\">Bienvenue sur la page de paiement en ligne s\u00e9curis\u00e9 d&rsquo;Intereuropa Idiomas. Remplissez le formulaire ci-dessous. Le syst\u00e8me vous m\u00e8nera ensuite \u00e0 la passerelle de paiement final. Nous garantissons la confidentialit\u00e9 de vos donn\u00e9es personnelles.<\/span>[\/vc_column_text][vc_column_text]\n<div class=\"wpcf7 no-js\" id=\"wpcf7-f8082-o1\" lang=\"es-ES\" dir=\"ltr\" data-wpcf7-id=\"8082\">\n<div class=\"screen-reader-response\"><p role=\"status\" aria-live=\"polite\" aria-atomic=\"true\"><\/p> <ul><\/ul><\/div>\n<form action=\"\/fr\/wp-json\/wp\/v2\/pages\/8084#wpcf7-f8082-o1\" method=\"post\" class=\"wpcf7-form init\" aria-label=\"Formulario de contacto\" novalidate=\"novalidate\" data-status=\"init\">\n<fieldset class=\"hidden-fields-container\"><input type=\"hidden\" name=\"_wpcf7\" value=\"8082\" \/><input type=\"hidden\" name=\"_wpcf7_version\" value=\"6.1.5\" \/><input type=\"hidden\" name=\"_wpcf7_locale\" value=\"es_ES\" \/><input type=\"hidden\" name=\"_wpcf7_unit_tag\" value=\"wpcf7-f8082-o1\" \/><input type=\"hidden\" name=\"_wpcf7_container_post\" value=\"0\" \/><input type=\"hidden\" name=\"_wpcf7_posted_data_hash\" value=\"\" \/><input type=\"hidden\" name=\"_wpcf7cf_hidden_group_fields\" value=\"[]\" \/><input type=\"hidden\" name=\"_wpcf7cf_hidden_groups\" value=\"[]\" \/><input type=\"hidden\" name=\"_wpcf7cf_visible_groups\" value=\"[]\" \/><input type=\"hidden\" name=\"_wpcf7cf_repeaters\" value=\"[]\" \/><input type=\"hidden\" name=\"_wpcf7cf_steps\" value=\"{}\" \/><input type=\"hidden\" name=\"_wpcf7cf_options\" value=\"{&quot;form_id&quot;:8082,&quot;conditions&quot;:[],&quot;settings&quot;:{&quot;animation&quot;:&quot;yes&quot;,&quot;animation_intime&quot;:200,&quot;animation_outtime&quot;:200,&quot;conditions_ui&quot;:&quot;normal&quot;,&quot;notice_dismissed&quot;:false}}\" \/>\n<\/fieldset>\n<label> Pr\u00e9nom et nom du titulaire de   la carte (*)\n    <span class=\"wpcf7-form-control-wrap\" data-name=\"titular\"><input size=\"40\" maxlength=\"400\" class=\"wpcf7-form-control wpcf7-text wpcf7-validates-as-required\" aria-required=\"true\" aria-invalid=\"false\" value=\"\" type=\"text\" name=\"titular\" \/><\/span> <\/label>\n\n<label> Pr\u00e9nom et nom de la   personne qui va faire le cours (*)\n    <span class=\"wpcf7-form-control-wrap\" data-name=\"alumno\"><input size=\"40\" maxlength=\"400\" class=\"wpcf7-form-control wpcf7-text wpcf7-validates-as-required\" aria-required=\"true\" aria-invalid=\"false\" value=\"\" type=\"text\" name=\"alumno\" \/><\/span> <\/label>\n\n<label> Email (*)\n    <span class=\"wpcf7-form-control-wrap\" data-name=\"email\"><input size=\"40\" maxlength=\"400\" class=\"wpcf7-form-control wpcf7-email wpcf7-validates-as-required wpcf7-text wpcf7-validates-as-email\" aria-required=\"true\" aria-invalid=\"false\" value=\"\" type=\"email\" name=\"email\" \/><\/span> <\/label>\n\n<label> Cours choisi (*)\n    <span class=\"wpcf7-form-control-wrap\" data-name=\"curso\"><select class=\"wpcf7-form-control wpcf7-select wpcf7-validates-as-required\" aria-required=\"true\" aria-invalid=\"false\" name=\"curso\"><option value=\"\">S\u00e9lectionnez un cours<\/option><option value=\"Cours intensif 10\">Cours intensif 10<\/option><option value=\"Cours intensif 20\">Cours intensif 20<\/option><option value=\"Cours intensif 25\">Cours intensif 25<\/option><option value=\"Cours de conversation\">Cours de conversation<\/option><option value=\"Cours individuel\">Cours individuel<\/option><option value=\"Cours extensif\">Cours extensif<\/option><option value=\"Cours intensif de pr\u00e9paration \u00e0 examen DELE\">Cours intensif de pr\u00e9paration \u00e0 examen DELE<\/option><option value=\"SIELE\">SIELE<\/option><option value=\"Programme pour les jeunes\">Programme pour les jeunes<\/option><option value=\"Cours onligne\">Cours onligne<\/option><option value=\"Cours pour professeurs espagnol\">Cours pour professeurs espagnol<\/option><\/select><\/span><\/label>\n\n<label> Montant (*)\n    <span class=\"wpcf7-form-control-wrap\" data-name=\"importe\"><input size=\"40\" maxlength=\"400\" class=\"wpcf7-form-control wpcf7-text wpcf7-validates-as-required\" aria-required=\"true\" aria-invalid=\"false\" value=\"\" type=\"text\" name=\"importe\" \/><\/span> <\/label>\n\n<input class=\"wpcf7-form-control wpcf7-submit has-spinner\" type=\"submit\" value=\"Cliquez ici pour continuer\" \/><p style=\"display: none !important;\" class=\"akismet-fields-container\" data-prefix=\"_wpcf7_ak_\"><label>&#916;<textarea name=\"_wpcf7_ak_hp_textarea\" cols=\"45\" rows=\"8\" maxlength=\"100\"><\/textarea><\/label><input type=\"hidden\" id=\"ak_js_1\" name=\"_wpcf7_ak_js\" value=\"195\"\/><script>document.getElementById( \"ak_js_1\" ).setAttribute( \"value\", ( new Date() ).getTime() );<\/script><\/p><div class=\"wpcf7-response-output\" aria-hidden=\"true\"><\/div>\n<\/form>\n<\/div>\n[\/vc_column_text][\/vc_column][vc_column width=\u00a0\u00bb1\/4&Prime;][\/vc_column][\/vc_row]<\/p>\n<\/div>","protected":false},"excerpt":{"rendered":"<p>[vc_row][vc_column width=\u00a0\u00bb1\/4&Prime;][\/vc_column][vc_column width=\u00a0\u00bb1\/2&Prime; css=\u00a0\u00bb.vc_custom_1561994899943{border-top-width: 1px !important;border-right-width: 1px !important;border-bottom-width: 1px !important;border-left-width: 1px !important;background-color: #f01411 !important;border-left-color: #f01411 !important;border-left-style: solid !important;border-right-color: #f01411 !important;border-right-style: solid !important;border-top-color: #f01411 !important;border-top-style: solid !important;border-bottom-color: #f01411 !important;border-bottom-style: solid !important;border-radius: 5px !important;}\u00a0\u00bb][vc_single_image image=\u00a0\u00bb6289&Prime; img_size=\u00a0\u00bbfull\u00a0\u00bb alignment=\u00a0\u00bbcenter\u00a0\u00bb][vc_column_text css=\u00a0\u00bb.vc_custom_1563892411379{padding-bottom: 20px !important;}\u00a0\u00bb]Bienvenue sur la page de paiement en ligne s\u00e9curis\u00e9 d&rsquo;Intereuropa Idiomas. Remplissez le formulaire ci-dessous. Le syst\u00e8me vous [&hellip;]<\/p>\n","protected":false},"author":12,"featured_media":0,"parent":0,"menu_order":0,"comment_status":"closed","ping_status":"closed","template":"","meta":{"_joinchat":[],"footnotes":""},"class_list":["post-8084","page","type-page","status-publish","hentry"],"_links":{"self":[{"href":"https:\/\/intereuropa.es\/fr\/wp-json\/wp\/v2\/pages\/8084","targetHints":{"allow":["GET"]}}],"collection":[{"href":"https:\/\/intereuropa.es\/fr\/wp-json\/wp\/v2\/pages"}],"about":[{"href":"https:\/\/intereuropa.es\/fr\/wp-json\/wp\/v2\/types\/page"}],"author":[{"embeddable":true,"href":"https:\/\/intereuropa.es\/fr\/wp-json\/wp\/v2\/users\/12"}],"replies":[{"embeddable":true,"href":"https:\/\/intereuropa.es\/fr\/wp-json\/wp\/v2\/comments?post=8084"}],"version-history":[{"count":2,"href":"https:\/\/intereuropa.es\/fr\/wp-json\/wp\/v2\/pages\/8084\/revisions"}],"predecessor-version":[{"id":8086,"href":"https:\/\/intereuropa.es\/fr\/wp-json\/wp\/v2\/pages\/8084\/revisions\/8086"}],"wp:attachment":[{"href":"https:\/\/intereuropa.es\/fr\/wp-json\/wp\/v2\/media?parent=8084"}],"curies":[{"name":"wp","href":"https:\/\/api.w.org\/{rel}","templated":true}]}}