{"id":7152,"date":"2018-02-12T12:27:45","date_gmt":"2018-02-12T12:27:45","guid":{"rendered":"http:\/\/intereuropa.es\/informacion-util\/"},"modified":"2025-12-09T10:38:36","modified_gmt":"2025-12-09T10:38:36","slug":"informazioni-utili","status":"publish","type":"page","link":"https:\/\/intereuropa.es\/it\/informazioni-utili\/","title":{"rendered":"Informazioni utili"},"content":{"rendered":"<div class=\"wpb-content-wrapper\"><p>[vc_row inverse=&#8221;&#8221; css=&#8221;.vc_custom_1518438912643{margin-top: 50px !important;border-top-width: 0px !important;padding-top: 0px !important;}&#8221;][vc_column width=&#8221;1\/4&#8243; css=&#8221;.vc_custom_1516378517831{background-color: #f2f2f2 !important;}&#8221;]<div id=\"sc_blogger_897880339\" class=\"sc_list sc_list_style_iconed sc_blogger layout_list template_list listacursosesp margin_bottom_medium  sc_blogger_vertical no_description\"><h3 class=\"sc_blogger_title sc_item_title sc_item_title_without_descr\">General Spanish Courses<\/h3><ul class=\"sc_list sc_list_style_iconed\"><li class=\"sc_blogger_item sc_list_item\"><a href=\"https:\/\/intereuropa.es\/it\/corsi\/corso-intensivo-10\/\"><span class=\"sc_list_icon icon-book-open\"><\/span><span class=\"sc_list_title\">Corso Intensivo 10<\/span><\/a><\/li><li class=\"sc_blogger_item sc_list_item\"><a href=\"https:\/\/intereuropa.es\/it\/corsi\/corso-intensivo-20\/\"><span class=\"sc_list_icon icon-book-open\"><\/span><span class=\"sc_list_title\">Corso Intensivo 20<\/span><\/a><\/li><li class=\"sc_blogger_item sc_list_item\"><a href=\"https:\/\/intereuropa.es\/it\/corsi\/corso-intensivo-25\/\"><span class=\"sc_list_icon icon-book-open\"><\/span><span class=\"sc_list_title\">Corso intensivo 25<\/span><\/a><\/li><li class=\"sc_blogger_item sc_list_item\"><a href=\"https:\/\/intereuropa.es\/it\/corsi\/corso-individuale\/\"><span class=\"sc_list_icon icon-book-open\"><\/span><span class=\"sc_list_title\">Corso Individuale<\/span><\/a><\/li><li class=\"sc_blogger_item sc_list_item\"><a href=\"https:\/\/intereuropa.es\/it\/corsi\/corso-di-conversazione\/\"><span class=\"sc_list_icon icon-book-open\"><\/span><span class=\"sc_list_title\">Corso di Conversazione<\/span><\/a><\/li><li class=\"sc_blogger_item sc_list_item\"><a href=\"https:\/\/intereuropa.es\/it\/corsi\/corso-intensivo-di-preparazione-dele\/\"><span class=\"sc_list_icon icon-book-open\"><\/span><span class=\"sc_list_title\">Corso Intensivo di Preparazione DELE<\/span><\/a><\/li><li class=\"sc_blogger_item sc_list_item\"><a href=\"https:\/\/intereuropa.es\/it\/corsi\/corso-estensivo\/\"><span class=\"sc_list_icon icon-book-open\"><\/span><span class=\"sc_list_title\">Corso Estensivo<\/span><\/a><\/li><li class=\"sc_blogger_item sc_list_item\"><a href=\"https:\/\/intereuropa.es\/it\/corsi\/lezioni-di-spagnolo-on-line\/\"><span class=\"sc_list_icon icon-book-open\"><\/span><span class=\"sc_list_title\">Lezioni di Spagnolo Online<\/span><\/a><\/li><li class=\"sc_blogger_item sc_list_item\"><a href=\"https:\/\/intereuropa.es\/it\/corsi\/corso-di-formazione-per-docenti-di-spagnolo\/\"><span class=\"sc_list_icon icon-book-open\"><\/span><span class=\"sc_list_title\">Corso di Formazione per Docenti di Spagnolo<\/span><\/a><\/li><li class=\"sc_blogger_item sc_list_item\"><a href=\"https:\/\/intereuropa.es\/it\/corsi\/corsi-di-spagnolo-per-giovani\/\"><span class=\"sc_list_icon icon-book-open\"><\/span><span class=\"sc_list_title\">Corsi di Spagnolo per Giovani<\/span><\/a><\/li><li class=\"sc_blogger_item sc_list_item\"><a href=\"https:\/\/intereuropa.es\/it\/corsi\/cursos-para-grupos\/\"><span class=\"sc_list_icon icon-book-open\"><\/span><span class=\"sc_list_title\">Programmi con Corsi di Spagnolo per Gruppi Scolastici<\/span><\/a><\/li><\/ul><\/div>[\/vc_column][vc_column width=&#8221;3\/4&#8243;]<h4 class=\"sc_title sc_title_regular sc_align_left margin_top_null margin_bottom_small\" style=\"text-align:left;\">Intereuropa \u00e8 un centro riconosciuto dall&#8217;Instituto Cervantes.<\/h4><div class=\"sc_section margin_top_medium\"><div class=\"sc_section_inner\"><div class=\"sc_section_content_wrap\"><\/div><\/div><\/div>[vc_column_text]<img loading=\"lazy\" decoding=\"async\" class=\"wp-image-817 alignnone\" src=\"http:\/\/intereuropa.es\/wp-content\/uploads\/2016\/10\/institutocervantes-300x261.png\" alt=\"\" width=\"124\" height=\"116\" \/><\/p>\n<p>I nostri corsi vengono impartiti durante tutto l&#8217;anno per periodi che variano da 1 a 36 settimane e sono proposti in differenti livelli, da principiante ad avanzato.<br \/>\nIntereuropa \u00e8 specializzata nell&#8217;insegnamento della lingua spagnola per gli stranieri.<\/p>\n<h5>I Gruppi<\/h5>\n<p>Il numero massimo di alunni per classe \u00e8 di 10 persone, cos\u00ec da facilitare la partecipazione individuale creando un ambiente di studio attivo e dinamico. Le diversit\u00e1 fra le varie culture dei nostri studenti permettono di creare argomenti di discussione durante le lezioni di conversazione..<\/p>\n<h5>Test<\/h5>\n<p>Prima dell&#8217;inizio del corso, tutti gli studenti con una conoscenza minima della lingua affrontano un test per determinare il proprio livello e assicurare cos\u00ec un corretto inizio del corso.<\/p>\n<h5>Livelli<\/h5>\n<p>Tutti i nostri corsi si dividono in vari livelli:<br \/>\nA1 &#8211; A2<br \/>\nB1 &#8211; B2<br \/>\nC1 &#8211; C2<br \/>\n<a href=\"http:\/\/intereuropa.es\/old\/docs\/content%20levels%20courses%20of%20spanish.pdf\" target=\"_blank\" rel=\"noopener noreferrer\">Contenuto grammaticale<\/a><\/p>\n<h5><img loading=\"lazy\" decoding=\"async\" class=\"alignnone size-full wp-image-4308\" src=\"http:\/\/intereuropa.es\/wp-content\/uploads\/2018\/02\/course_of_spanish.jpg\" alt=\"\" width=\"293\" height=\"167\" \/><\/h5>\n<h5>Metodologia<\/h5>\n<p>Il metodo d&#8217;insegnamento si basa sulla pratica della lingua, sviluppando in modo approfondito ed armonico le sue quattro funzioni principali: ascolto, conversazione, lettura e scrittura.<br \/>\nUna particolare attenzione viene dedicata alla conversazione, per permettere all&#8217;alunno di acquisire immediatamente una sicurezza necessaria di espressione e comunicazione nella lingua spagnola.<\/p>\n<h5>Diplomi<\/h5>\n<p>Tutti gli alunni ricevono un attestato di frequenza al termine del corso.<\/p>\n<h5><img loading=\"lazy\" decoding=\"async\" class=\"alignnone size-full wp-image-4309\" src=\"http:\/\/intereuropa.es\/wp-content\/uploads\/2018\/02\/diploma.jpg\" alt=\"\" width=\"147\" height=\"104\" \/><\/h5>\n<h5>I libri<\/h5>\n<p>La scuola utilizza libri propri e sempre aggiornati in modo che siano facilmente utilizzabili da docente e studente. A questo materiale si aggiungono testi di attualit\u00e0, letture di vari giornali, video, etc.[\/vc_column_text][\/vc_column][\/vc_row]<\/p>\n<\/div>","protected":false},"excerpt":{"rendered":"<p>[vc_row inverse=&#8221;&#8221; css=&#8221;.vc_custom_1518438912643{margin-top: 50px !important;border-top-width: 0px !important;padding-top: 0px !important;}&#8221;][vc_column width=&#8221;1\/4&#8243; css=&#8221;.vc_custom_1516378517831{background-color: #f2f2f2 !important;}&#8221;][\/vc_column][vc_column width=&#8221;3\/4&#8243;][vc_column_text] I nostri corsi vengono impartiti durante tutto l&#8217;anno per periodi che variano da 1 a 36 settimane e sono proposti in differenti livelli, da principiante ad avanzato. Intereuropa \u00e8 specializzata nell&#8217;insegnamento della lingua spagnola per gli stranieri. I Gruppi Il numero [&hellip;]<\/p>\n","protected":false},"author":12,"featured_media":0,"parent":0,"menu_order":0,"comment_status":"closed","ping_status":"closed","template":"","meta":{"_joinchat":[],"footnotes":""},"class_list":["post-7152","page","type-page","status-publish","hentry"],"_links":{"self":[{"href":"https:\/\/intereuropa.es\/it\/wp-json\/wp\/v2\/pages\/7152","targetHints":{"allow":["GET"]}}],"collection":[{"href":"https:\/\/intereuropa.es\/it\/wp-json\/wp\/v2\/pages"}],"about":[{"href":"https:\/\/intereuropa.es\/it\/wp-json\/wp\/v2\/types\/page"}],"author":[{"embeddable":true,"href":"https:\/\/intereuropa.es\/it\/wp-json\/wp\/v2\/users\/12"}],"replies":[{"embeddable":true,"href":"https:\/\/intereuropa.es\/it\/wp-json\/wp\/v2\/comments?post=7152"}],"version-history":[{"count":3,"href":"https:\/\/intereuropa.es\/it\/wp-json\/wp\/v2\/pages\/7152\/revisions"}],"predecessor-version":[{"id":20106,"href":"https:\/\/intereuropa.es\/it\/wp-json\/wp\/v2\/pages\/7152\/revisions\/20106"}],"wp:attachment":[{"href":"https:\/\/intereuropa.es\/it\/wp-json\/wp\/v2\/media?parent=7152"}],"curies":[{"name":"wp","href":"https:\/\/api.w.org\/{rel}","templated":true}]}}