{"id":7207,"date":"2019-07-11T14:54:36","date_gmt":"2019-07-11T14:54:36","guid":{"rendered":"http:\/\/intereuropa.es\/?page_id=7207"},"modified":"2025-06-02T10:20:21","modified_gmt":"2025-06-02T10:20:21","slug":"chi-siamo","status":"publish","type":"page","link":"https:\/\/intereuropa.es\/it\/chi-siamo\/","title":{"rendered":"Chi siamo"},"content":{"rendered":"<div class=\"wpb-content-wrapper\"><p>[vc_row inverse=&#8221;&#8221; css=&#8221;.vc_custom_1517167135405{margin-top: 25px !important;border-top-width: 0px !important;padding-top: 0px !important;}&#8221;][vc_column css=&#8221;.vc_custom_1517167120998{margin-top: 25px !important;background-color: #f2f2f2 !important;}&#8221;]<h3 class=\"sc_title sc_title_regular sc_align_center margin_top_null margin_bottom_null\" style=\"text-align:center;\">Scuola di spagnolo a Valencia<\/h3>[vc_column_text]<\/p>\n<h5 style=\"margin-top: 17px; text-align: center;\"><span class=\"texto Estilo6\"><span class=\"titulopeq\">Perch\u00e9 Intereuropa?<\/span><\/span><\/h5>\n<p>&nbsp;<\/p>\n<p class=\"texto\" style=\"text-align: center;\" align=\"justify\">Si trova nella zona pi\u00f9 esclusiva ed elegante, a pochi minuti dai principali monumenti e dai negozi pi\u00f9 prestigiosi. In questa piazza sono presenti inoltre la maggior parte delle sedi, degli organismi, delle entit\u00e0 pubbliche e istituzionali della citt\u00e0.<\/p>\n<p style=\"text-align: center;\">Intereuropa \u00e8 situata al primo piano di un edificio storico.<br \/>\nLa scuola \u00e8 climatizzata ed \u00e8 dotata di 10 aule, tutte con luce naturale, di una zona comune per riunirsi e chiacchierare con gli altri studenti durante la pausa tra le lezioni; inoltre dispone di un servizio bibliotecario, macchina del caff\u00e8, bevande e snacks e connessione wifi.<\/p>\n<p style=\"text-align: center;\">Studia lo spagnolo con la garanzia di un centro accreditato dell&#8217;Instituto Cervantes.<br \/>\n<img loading=\"lazy\" decoding=\"async\" class=\"alignnone wp-image-824\" src=\"http:\/\/intereuropa.es\/wp-content\/uploads\/2016\/10\/institutocervantesred.png\" alt=\"\" width=\"123\" height=\"126\" \/><\/p>\n<p>[\/vc_column_text][vc_empty_space][vc_row_inner][vc_column_inner width=&#8221;1\/3&#8243;][\/vc_column_inner][vc_column_inner width=&#8221;1\/3&#8243;]<h3 class=\"sc_title sc_title_regular sc_align_center margin_top_null margin_bottom_tiny\" style=\"text-align:center;\">La nostra scuola<\/h3>[vc_images_carousel images=&#8221;4814,4813,4812,4811,4810,4809,4808,4807&#8243; img_size=&#8221;full&#8221; speed=&#8221;4000&#8243; autoplay=&#8221;yes&#8221; hide_pagination_control=&#8221;yes&#8221; hide_prev_next_buttons=&#8221;yes&#8221; wrap=&#8221;yes&#8221; css=&#8221;.vc_custom_1527673400658{margin-bottom: 15px !important;}&#8221;][\/vc_column_inner][vc_column_inner width=&#8221;1\/3&#8243;][\/vc_column_inner][\/vc_row_inner][\/vc_column][\/vc_row][vc_row full_width=&#8221;stretch_row&#8221; inverse=&#8221;&#8221; css=&#8221;.vc_custom_1517179952867{margin-top: 25px !important;}&#8221;][vc_column]<div id=\"sc_team_1975900865_wrap\" class=\"sc_team_wrap\"><div id=\"sc_team_1975900865\" class=\"sc_team sc_team_style_team-3  margin_bottom_small aligncenter\" style=\"width:100%;\"><h3 class=\"sc_team_title sc_item_title sc_item_title_without_descr\">I nostri insegnanti<\/h3><h5 class=\"sc_team_subtitle sc_item_subtitle\">Conosci il nostro team<\/h5><div class=\"sc_columns columns_wrap\"><div class=\"column-1_6\">\t\t\t<div id=\"sc_team_1975900865_1\"\t\t\t\tclass=\"sc_team_item sc_team_item_1 odd first\"\n\t\t\t\t>\n\t\t\t\t<div class=\"sc_team_item_avatar\"><img loading=\"lazy\" decoding=\"async\" class=\"wp-post-image\" width=\"370\" height=\"370\" alt=\"Irene Sanchez\" src=\"https:\/\/intereuropa.es\/wp-content\/uploads\/2018\/11\/irene-370x370.jpg\">\t\t\t\t\t<div class=\"sc_team_item_hover\">\n\t\t\t\t\t\t<div class=\"sc_team_item_socials\"><\/div>\n\t\t\t\t\t<\/div>\n\t\t\t\t<\/div>\n\t\t\t\t<div class=\"sc_team_item_info\">\n\t\t\t\t\t<h4 class=\"sc_team_item_title\"><a href=\"https:\/\/intereuropa.es\/it\/equipe\/irene-sanchez\/\">Irene Sanchez<\/a><\/h4>\n\t\t\t\t\t<div class=\"sc_team_item_position\">Insegnante<\/div>\n\t\t\t\t<\/div>\n\t\t\t<\/div>\n\t\t<\/div><div class=\"column-1_6\">\t\t\t<div id=\"sc_team_1975900865_2\"\t\t\t\tclass=\"sc_team_item sc_team_item_2 even\"\n\t\t\t\t>\n\t\t\t\t<div class=\"sc_team_item_avatar\"><img loading=\"lazy\" decoding=\"async\" class=\"wp-post-image\" width=\"370\" height=\"370\" alt=\"Vanesa Monreal\" src=\"https:\/\/intereuropa.es\/wp-content\/uploads\/2018\/11\/Vanesa-370x370.jpg\">\t\t\t\t\t<div class=\"sc_team_item_hover\">\n\t\t\t\t\t\t<div class=\"sc_team_item_socials\"><\/div>\n\t\t\t\t\t<\/div>\n\t\t\t\t<\/div>\n\t\t\t\t<div class=\"sc_team_item_info\">\n\t\t\t\t\t<h4 class=\"sc_team_item_title\"><a href=\"https:\/\/intereuropa.es\/it\/equipe\/vanesa-monreal\/\">Vanesa Monreal<\/a><\/h4>\n\t\t\t\t\t<div class=\"sc_team_item_position\">Responsabile delle attivit\u00e0<\/div>\n\t\t\t\t<\/div>\n\t\t\t<\/div>\n\t\t<\/div><div class=\"column-1_6\">\t\t\t<div id=\"sc_team_1975900865_3\"\t\t\t\tclass=\"sc_team_item sc_team_item_3 odd\"\n\t\t\t\t>\n\t\t\t\t<div class=\"sc_team_item_avatar\"><img loading=\"lazy\" decoding=\"async\" class=\"wp-post-image\" width=\"370\" height=\"370\" alt=\"Susana Monreal\" src=\"https:\/\/intereuropa.es\/wp-content\/uploads\/2018\/11\/IMG_20150917_132104-370x370.jpg\">\t\t\t\t\t<div class=\"sc_team_item_hover\">\n\t\t\t\t\t\t<div class=\"sc_team_item_socials\"><\/div>\n\t\t\t\t\t<\/div>\n\t\t\t\t<\/div>\n\t\t\t\t<div class=\"sc_team_item_info\">\n\t\t\t\t\t<h4 class=\"sc_team_item_title\"><a href=\"https:\/\/intereuropa.es\/it\/equipe\/susana-monreal\/\">Susana Monreal<\/a><\/h4>\n\t\t\t\t\t<div class=\"sc_team_item_position\">Insegnante<\/div>\n\t\t\t\t<\/div>\n\t\t\t<\/div>\n\t\t<\/div><div class=\"column-1_6\">\t\t\t<div id=\"sc_team_1975900865_4\"\t\t\t\tclass=\"sc_team_item sc_team_item_4 even\"\n\t\t\t\t>\n\t\t\t\t<div class=\"sc_team_item_avatar\"><img loading=\"lazy\" decoding=\"async\" class=\"wp-post-image\" width=\"370\" height=\"370\" alt=\"To\u00f1i Fern\u00e1ndez\" src=\"https:\/\/intereuropa.es\/wp-content\/uploads\/2018\/11\/IMG_20150917_132119-370x370.jpg\">\t\t\t\t\t<div class=\"sc_team_item_hover\">\n\t\t\t\t\t\t<div class=\"sc_team_item_socials\"><\/div>\n\t\t\t\t\t<\/div>\n\t\t\t\t<\/div>\n\t\t\t\t<div class=\"sc_team_item_info\">\n\t\t\t\t\t<h4 class=\"sc_team_item_title\"><a href=\"https:\/\/intereuropa.es\/it\/equipe\/toni-fernandez\/\">To\u00f1i Fern\u00e1ndez<\/a><\/h4>\n\t\t\t\t\t<div class=\"sc_team_item_position\">Professoressa<\/div>\n\t\t\t\t<\/div>\n\t\t\t<\/div>\n\t\t<\/div><div class=\"column-1_6\">\t\t\t<div id=\"sc_team_1975900865_5\"\t\t\t\tclass=\"sc_team_item sc_team_item_5 odd\"\n\t\t\t\t>\n\t\t\t\t<div class=\"sc_team_item_avatar\"><img loading=\"lazy\" decoding=\"async\" class=\"wp-post-image\" width=\"370\" height=\"370\" alt=\"Pio Darcangelo\" src=\"https:\/\/intereuropa.es\/wp-content\/uploads\/2016\/10\/pio-2-individual-classes-370x370.jpg\">\t\t\t\t\t<div class=\"sc_team_item_hover\">\n\t\t\t\t\t\t<div class=\"sc_team_item_socials\"><\/div>\n\t\t\t\t\t<\/div>\n\t\t\t\t<\/div>\n\t\t\t\t<div class=\"sc_team_item_info\">\n\t\t\t\t\t<h4 class=\"sc_team_item_title\"><a href=\"https:\/\/intereuropa.es\/it\/equipe\/piodarcangelo\/\">Pio Darcangelo<\/a><\/h4>\n\t\t\t\t\t<div class=\"sc_team_item_position\">Direttore<\/div>\n\t\t\t\t<\/div>\n\t\t\t<\/div>\n\t\t<\/div><div class=\"column-1_6\">\t\t\t<div id=\"sc_team_1975900865_6\"\t\t\t\tclass=\"sc_team_item sc_team_item_6 even\"\n\t\t\t\t>\n\t\t\t\t<div class=\"sc_team_item_avatar\"><img loading=\"lazy\" decoding=\"async\" class=\"wp-post-image\" width=\"370\" height=\"370\" alt=\"Carla Blasco\" src=\"https:\/\/intereuropa.es\/wp-content\/uploads\/2016\/10\/IMG_20150917_131954-370x370.jpg\">\t\t\t\t\t<div class=\"sc_team_item_hover\">\n\t\t\t\t\t\t<div class=\"sc_team_item_socials\"><\/div>\n\t\t\t\t\t<\/div>\n\t\t\t\t<\/div>\n\t\t\t\t<div class=\"sc_team_item_info\">\n\t\t\t\t\t<h4 class=\"sc_team_item_title\"><a href=\"https:\/\/intereuropa.es\/it\/equipe\/carla-blasco\/\">Carla Blasco<\/a><\/h4>\n\t\t\t\t\t<div class=\"sc_team_item_position\">Coordinatrice<\/div>\n\t\t\t\t<\/div>\n\t\t\t<\/div>\n\t\t<\/div><\/div><\/div><!-- \/.sc_team --><\/div><!-- \/.sc_team_wrap -->[\/vc_column][\/vc_row][vc_row inverse=&#8221;&#8221; css=&#8221;.vc_custom_1517167135405{margin-top: 25px !important;border-top-width: 0px !important;padding-top: 0px !important;}&#8221;][vc_column css=&#8221;.vc_custom_1517167120998{margin-top: 25px !important;background-color: #f2f2f2 !important;}&#8221;]<h3 class=\"sc_title sc_title_regular sc_align_center margin_top_null margin_bottom_tiny\" style=\"text-align:center;\">La nostra posizione<\/h3><h5 class=\"sc_title sc_title_regular sc_align_center margin_top_null margin_bottom_small\" style=\"text-align:center;\">Nel centro di Valencia<\/h5>[vc_single_image image=&#8221;1047&#8243; img_size=&#8221;full&#8221; alignment=&#8221;center&#8221; css_animation=&#8221;fadeIn&#8221;]<div class=\"columns_wrap sc_columns columns_nofluid sc_columns_count_2\"><div class=\"column-1_2 sc_column_item sc_column_item_1 odd first\">[vc_column_text css=&#8221;&#8221;]<\/p>\n<p class=\"texto\" style=\"text-align: center;\" align=\"justify\"><strong><span class=\"titulopeq\"><br \/>\nVantaggi di essere nel centro storico:<\/span><\/strong><\/p>\n<p style=\"text-align: center;\">Situata vicino al &#8220;Barrio del Carmen&#8221;, famoso per la sua vita notturna<br \/>\nBar e ristoranti tipici alla tua portata<br \/>\nPuoi raggiungere facilmente il resto della citt\u00e0 a piedi o in trasporto pubblico<br \/>\nTroverai innumerevoli servizi per la vita in generale e per il turismo<\/p>\n<p>[\/vc_column_text]<\/div><div class=\"column-1_2 sc_column_item sc_column_item_2 even\">[vc_column_text]<\/p>\n<p style=\"text-align: center;\"><strong><span class=\"titulopeq\"><br \/>\nA un passo da:<\/span><\/strong><\/p>\n<p style=\"text-align: center;\">Cattedrale<br \/>\nStazione ferroviaria<br \/>\nZona commerciale<br \/>\nMonumenti storici<\/p>\n<p>[\/vc_column_text]<\/div><\/div>[vc_empty_space][\/vc_column][\/vc_row][vc_row full_width=&#8221;stretch_row&#8221; css=&#8221;.vc_custom_1517179967648{margin-top: 25px !important;}&#8221;][vc_column]<h3 class=\"sc_title sc_title_regular sc_align_center margin_top_null margin_bottom_null\" style=\"text-align:center;\">I nostri studenti<\/h3><h5 class=\"sc_title sc_title_regular sc_align_center margin_top_null margin_bottom_small\" style=\"text-align:center;\">Chi sono?<\/h5><div class=\"columns_wrap sc_columns columns_nofluid sc_columns_count_2\"><div class=\"column-1_2 sc_column_item sc_column_item_1 odd first\" style=\"padding-left:50px; padding-right:50px;text-align:left;\">[vc_round_chart style=&#8221;modern&#8221; stroke_width=&#8221;1&#8243; tooltips=&#8221;&#8221; values=&#8221;%5B%7B%22title%22%3A%22Francia%22%2C%22value%22%3A%2218%22%2C%22color%22%3A%22pink%22%7D%2C%7B%22title%22%3A%22Italia%22%2C%22value%22%3A%2218%22%2C%22color%22%3A%22turquoise%22%2C%22custom_color%22%3A%22%23f4524d%22%7D%2C%7B%22title%22%3A%22Gran%20Bretagna%22%2C%22value%22%3A%2215%22%2C%22color%22%3A%22blue%22%7D%2C%7B%22title%22%3A%22Austria%22%2C%22value%22%3A%2217%22%2C%22color%22%3A%22peacoc%22%2C%22custom_color%22%3A%22%23b97ebb%22%7D%2C%7B%22title%22%3A%22Germania%22%2C%22value%22%3A%2214%22%2C%22color%22%3A%22sandy-brown%22%2C%22custom_color%22%3A%22%23f79468%22%7D%2C%7B%22title%22%3A%22USA%22%2C%22value%22%3A%228%22%2C%22color%22%3A%22sky%22%2C%22custom_color%22%3A%22%23ebebeb%22%7D%2C%7B%22title%22%3A%22Russia%22%2C%22value%22%3A%228%22%2C%22color%22%3A%22green%22%2C%22custom_color%22%3A%22%23ebebeb%22%7D%2C%7B%22title%22%3A%22Nord%20Europa%22%2C%22value%22%3A%2210%22%2C%22color%22%3A%22mulled-wine%22%2C%22custom_color%22%3A%22%23ebebeb%22%7D%2C%7B%22title%22%3A%22Asia%22%2C%22value%22%3A%223%22%2C%22color%22%3A%22black%22%2C%22custom_color%22%3A%22%23ebebeb%22%7D%5D&#8221; title=&#8221;Cittadinanze&#8221;][vc_progress_bar values=&#8221;%5B%7B%22label%22%3A%22Sviluppare%20le%20competenze%20linguistiche%20acquisite%20nel%20paese%20di%20origine%22%2C%22value%22%3A%2290%22%2C%22color%22%3A%22bar_red%22%7D%2C%7B%22label%22%3A%22Valore%20aggiunto%20al%20CV%22%2C%22value%22%3A%2280%22%2C%22color%22%3A%22turquoise%22%7D%2C%7B%22label%22%3A%22Lavoro%3A%20progressi%20nella%20carriera%20lavorativa%22%2C%22value%22%3A%2270%22%2C%22color%22%3A%22bar_orange%22%7D%2C%7B%22label%22%3A%22Per%20viaggiare%20in%20paesi%20dove%20si%20parla%20la%20lingua%22%2C%22value%22%3A%2240%22%2C%22color%22%3A%22bar_green%22%7D%5D&#8221; options=&#8221;animated&#8221; title=&#8221;Perch\u00e8 studiare lo spangolo&#8221;]<\/div><div class=\"column-1_2 sc_column_item sc_column_item_2 even\" style=\"padding-left:50px; padding-right:50px;\">[vc_progress_bar values=&#8221;%5B%7B%22label%22%3A%2218-25%22%2C%22value%22%3A%2290%22%2C%22color%22%3A%22bar_red%22%7D%2C%7B%22label%22%3A%2225-30%22%2C%22value%22%3A%2280%22%2C%22color%22%3A%22turquoise%22%7D%2C%7B%22label%22%3A%22%3E30%22%2C%22value%22%3A%2270%22%2C%22color%22%3A%22bar_orange%22%7D%5D&#8221; options=&#8221;animated&#8221; title=&#8221;Et\u00e0&#8221;][vc_round_chart type=&#8221;doughnut&#8221; style=&#8221;modern&#8221; stroke_width=&#8221;2&#8243; tooltips=&#8221;&#8221; values=&#8221;%5B%7B%22title%22%3A%22Fino%20a%20un%20mese%22%2C%22value%22%3A%2260%22%2C%22color%22%3A%22blue%22%7D%2C%7B%22title%22%3A%22Da%20uno%20a%20tre%20mesi%22%2C%22value%22%3A%2240%22%2C%22color%22%3A%22pink%22%7D%2C%7B%22title%22%3A%22Oltre%20tre%20mesi%22%2C%22value%22%3A%2220%22%2C%22color%22%3A%22turquoise%22%2C%22custom_color%22%3A%22%23f4524d%22%7D%5D&#8221; title=&#8221;Durata del corso&#8221;]<\/div><\/div>[\/vc_column][\/vc_row][vc_row inverse=&#8221;&#8221; css=&#8221;.vc_custom_1517167135405{margin-top: 25px !important;border-top-width: 0px !important;padding-top: 0px !important;}&#8221;][vc_column css=&#8221;.vc_custom_1517167120998{margin-top: 25px !important;background-color: #f2f2f2 !important;}&#8221;]<h3 class=\"sc_title sc_title_regular sc_align_center margin_top_null margin_bottom_tiny\" style=\"text-align:center;\">Attivit\u00e0 culturali<\/h3><h5 class=\"sc_title sc_title_regular sc_align_center margin_top_null margin_bottom_small\" style=\"text-align:center;\">Sfrutta al massimo il tuo tempo a Valencia<\/h5>[vc_column_text]<\/p>\n<p class=\"texto\" style=\"text-align: center;\" align=\"justify\">Intereuropa considera importante la conoscenza della lingua tanto come la cultura spagnola.<\/p>\n<p style=\"text-align: center;\">Per questo , il personale della scuola ha creato un programma extrascolastico di grande variet\u00e1 per tutti i gusti e le et\u00e1.<\/p>\n<p style=\"text-align: center;\"><span class=\"titulopeq\"> Il nostro programma di attivit\u00e1 include:<\/span><\/p>\n<p style=\"text-align: center;\">Visite culturali<br \/>\nEscursioni di mezza giornata<br \/>\nEscursioni di giornata intera<br \/>\nSport<br \/>\nLezioni di cucina<br \/>\nCene<br \/>\nGymkane culturali<br \/>\nSpettacoli di flamenco<br \/>\nOceanografico<br \/>\nBioparc<\/p>\n<p>[\/vc_column_text][vc_empty_space][vc_media_grid element_width=&#8221;3&#8243; gap=&#8221;10&#8243; item=&#8221;masonryMedia_BorderedScale&#8221; grid_id=&#8221;vc_gid:1748859567176-0f937ea2-520d-4&#8243; include=&#8221;1071,1073,1072,1075,1076,1077,1078,1100,1082,1081,1080,1079&#8243;][vc_empty_space][\/vc_column][\/vc_row][vc_row full_width=&#8221;stretch_row_content_no_spaces&#8221; inverse=&#8221;&#8221;][vc_column]<div id=\"sc_clients_648532852_wrap\" class=\"sc_clients_wrap\"><div id=\"sc_clients_648532852\" class=\"sc_clients sc_clients_style_clients-1  margin_top_medium margin_bottom_medium\" style=\"width:100%;\"><div class=\"sc_columns columns_wrap\"><div class=\"column-1_4 column_padding_bottom\">\t\t\t<div id=\"sc_clients_648532852_1\" class=\"sc_clients_item sc_clients_item_1 odd first\">\n\t\t\t\t\t\t\t\t<div class=\"sc_client_image\"><img decoding=\"async\" class=\"wp-post-image\" alt=\"Cervantes\" src=\"https:\/\/intereuropa.es\/wp-content\/uploads\/2016\/10\/institutocervantesred.png\"><\/div>\n\t\t\t\t\t\t\t<\/div>\n\t\t<\/div><div class=\"column-1_4 column_padding_bottom\">\t\t\t<div id=\"sc_clients_648532852_2\" class=\"sc_clients_item sc_clients_item_2 even\">\n\t\t\t\t\t\t\t\t<div class=\"sc_client_image\"><img decoding=\"async\" class=\"wp-post-image\" alt=\"Siele\" src=\"https:\/\/intereuropa.es\/wp-content\/uploads\/2018\/07\/SIELE.jpg\"><\/div>\n\t\t\t\t\t\t\t<\/div>\n\t\t<\/div><div class=\"column-1_4 column_padding_bottom\">\t\t\t<div id=\"sc_clients_648532852_3\" class=\"sc_clients_item sc_clients_item_3 odd\">\n\t\t\t\t\t\t\t\t<div class=\"sc_client_image\"><img decoding=\"async\" class=\"wp-post-image\" alt=\"fedele\" src=\"https:\/\/intereuropa.es\/wp-content\/uploads\/2016\/10\/fedele.jpg\"><\/div>\n\t\t\t\t\t\t\t<\/div>\n\t\t<\/div><div class=\"column-1_4 column_padding_bottom\">\t\t\t<div id=\"sc_clients_648532852_4\" class=\"sc_clients_item sc_clients_item_4 even\">\n\t\t\t\t\t\t\t\t<div class=\"sc_client_image\"><img decoding=\"async\" class=\"wp-post-image\" alt=\"Bildungsurlaub\" src=\"https:\/\/intereuropa.es\/wp-content\/uploads\/2016\/10\/bildung.jpg\"><\/div>\n\t\t\t\t\t\t\t<\/div>\n\t\t<\/div><\/div><\/div><!-- \/.sc_clients --><\/div><!-- \/.sc_clients_wrap -->[\/vc_column][\/vc_row][vc_row full_width=&#8221;stretch_row_content_no_spaces&#8221; inverse=&#8221;&#8221; css=&#8221;.vc_custom_1516213803896{background-color: #3e3c36 !important;}&#8221;][vc_column]<div class=\"sc_section margin_top_null margin_right_null margin_bottom_null margin_left_null section_style_call_section\" data-animation=\"animated fadeIn normal\" style=\"background-image:url(https:\/\/intereuropa.es\/wp-content\/uploads\/2018\/01\/portada2.jpg);background-repeat:no-repeat;background-size:cover;\"><div class=\"sc_section_inner\"><div class=\"sc_section_overlay\" style=\"\"><div class=\"sc_section_content padding_on\" style=\"\"><h3 class=\"sc_section_title sc_item_title sc_item_title_without_descr\">Informazioni utili<\/h3><h5 class=\"sc_section_subtitle sc_item_subtitle\">Per gli studenti internazionali<\/h5><div class=\"sc_section_content_wrap\"><\/div><div class=\"sc_section_button sc_item_button\"><a href=\"http:\/\/intereuropa.es\/it\/informazioni-utili\/\" class=\"sc_button sc_button_square sc_button_style_filled sc_button_size_large\">Per saperne di pi\u00f9<\/a><\/div><\/div><\/div><\/div><\/div>[\/vc_column][\/vc_row]<\/p>\n<\/div>","protected":false},"excerpt":{"rendered":"<p>[vc_row inverse=&#8221;&#8221; css=&#8221;.vc_custom_1517167135405{margin-top: 25px !important;border-top-width: 0px !important;padding-top: 0px !important;}&#8221;][vc_column css=&#8221;.vc_custom_1517167120998{margin-top: 25px !important;background-color: #f2f2f2 !important;}&#8221;][vc_column_text] Perch\u00e9 Intereuropa? &nbsp; Si trova nella zona pi\u00f9 esclusiva ed elegante, a pochi minuti dai principali monumenti e dai negozi pi\u00f9 prestigiosi. In questa piazza sono presenti inoltre la maggior parte delle sedi, degli organismi, delle entit\u00e0 pubbliche e istituzionali della [&hellip;]<\/p>\n","protected":false},"author":12,"featured_media":0,"parent":0,"menu_order":0,"comment_status":"closed","ping_status":"closed","template":"","meta":{"_joinchat":[],"footnotes":""},"class_list":["post-7207","page","type-page","status-publish","hentry"],"_links":{"self":[{"href":"https:\/\/intereuropa.es\/it\/wp-json\/wp\/v2\/pages\/7207","targetHints":{"allow":["GET"]}}],"collection":[{"href":"https:\/\/intereuropa.es\/it\/wp-json\/wp\/v2\/pages"}],"about":[{"href":"https:\/\/intereuropa.es\/it\/wp-json\/wp\/v2\/types\/page"}],"author":[{"embeddable":true,"href":"https:\/\/intereuropa.es\/it\/wp-json\/wp\/v2\/users\/12"}],"replies":[{"embeddable":true,"href":"https:\/\/intereuropa.es\/it\/wp-json\/wp\/v2\/comments?post=7207"}],"version-history":[{"count":11,"href":"https:\/\/intereuropa.es\/it\/wp-json\/wp\/v2\/pages\/7207\/revisions"}],"predecessor-version":[{"id":20017,"href":"https:\/\/intereuropa.es\/it\/wp-json\/wp\/v2\/pages\/7207\/revisions\/20017"}],"wp:attachment":[{"href":"https:\/\/intereuropa.es\/it\/wp-json\/wp\/v2\/media?parent=7207"}],"curies":[{"name":"wp","href":"https:\/\/api.w.org\/{rel}","templated":true}]}}