{"id":7220,"date":"2018-02-09T12:25:31","date_gmt":"2018-02-09T12:25:31","guid":{"rendered":"http:\/\/intereuropa.es\/terminos-y-condiciones\/"},"modified":"2026-02-20T10:44:26","modified_gmt":"2026-02-20T10:44:26","slug":"informativa-sulla-privacy","status":"publish","type":"page","link":"https:\/\/intereuropa.es\/it\/informativa-sulla-privacy\/","title":{"rendered":"Informativa sulla privacy"},"content":{"rendered":"<h4><span style=\"color: #ff0000;\">Condizioni generali<\/span><\/h4>\n<hr style=\"background: #ff0000; border-color: #ff0000;\" \/>\n<h5><span style=\"color: #ff0000;\">Cancellazioni e rimborsi<\/span><\/h5>\n<p>Le cancellazioni devono essere notificate per iscritto.<\/p>\n<p><strong>Cancellazioni effettuate fino a 30 giorni prima dell\u2019inizio del programma.<br \/>\n<\/strong>La scuola applicher\u00e0 le seguenti penali:<\/p>\n<ul>\n<li>Il 25% del prezzo totale del corso.<br \/>\nTale importo non andr\u00e0 perso; rimarr\u00e0 disponibile come credito sul conto dello studente durante l\u2019anno in corso per iscriversi a un altro programma nello stesso anno. Trascorso tale periodo, se lo studente non avr\u00e0 frequentato alcun corso, l\u2019importo sar\u00e0 perso.<\/li>\n<li>100% dell\u2019alloggio se la prenotazione \u00e8 di 1 o 2 settimane.<\/li>\n<li>Se la prenotazione dell\u2019alloggio \u00e8 di 3 o pi\u00f9 settimane, la penale sar\u00e0 pari a 2 settimane.<\/li>\n<\/ul>\n<p><strong>Cancellazioni effettuate da 29 a 15 giorni prima dell\u2019inizio del programma.<br \/>\n<\/strong>La scuola applicher\u00e0 le seguenti penali:<\/p>\n<ul>\n<li>Il 50% del prezzo totale del corso.<br \/>\nTale importo non andr\u00e0 perso; rimarr\u00e0 disponibile come credito sul conto dello studente durante l\u2019anno in corso per iscriversi a un altro programma nello stesso anno. Trascorso tale periodo, se lo studente non avr\u00e0 frequentato alcun corso, l\u2019importo sar\u00e0 perso.<\/li>\n<li>100% dell\u2019alloggio se la prenotazione \u00e8 di 1 o 2 settimane.<\/li>\n<li>Se la prenotazione dell\u2019alloggio \u00e8 di 3 o pi\u00f9 settimane, la penale sar\u00e0 pari a 3 settimane.<\/li>\n<\/ul>\n<p><strong>Cancellazioni effettuate meno di 15 giorni prima dell\u2019inizio del programma.<br \/>\n<\/strong>La scuola applicher\u00e0 le seguenti penali:<\/p>\n<ul>\n<li>Il 75% del prezzo totale del corso.<br \/>\nTale importo non andr\u00e0 perso; rimarr\u00e0 disponibile come credito sul conto dello studente durante l\u2019anno in corso per iscriversi a un altro programma nello stesso anno. Trascorso tale periodo, se lo studente non avr\u00e0 frequentato alcun corso, l\u2019importo sar\u00e0 perso.<\/li>\n<li>100% dell\u2019alloggio se la prenotazione \u00e8 di 1 o 2 settimane.<\/li>\n<li>Se la prenotazione dell\u2019alloggio \u00e8 di 3 o pi\u00f9 settimane, la penale sar\u00e0 pari a 3 settimane.<\/li>\n<li>Se la prenotazione dell\u2019alloggio \u00e8 di 4 o pi\u00f9 settimane, la penale sar\u00e0 pari a 4 settimane.<\/li>\n<\/ul>\n<p>In nessun caso verr\u00e0 effettuato il rimborso dell\u2019importo del corso o dell\u2019alloggio una volta iniziato il programma.<br \/>\nTuttavia, i casi di malattia dello studente o di un familiare stretto, debitamente certificati da un attestato medico, saranno considerati casi particolari.<\/p>\n<p style=\"color: #ff0000; font-variant: small-caps;\">Cambio di date<\/p>\n<p>Modificare una prenotazione (con un anticipo minimo di 15 giorni), giorno di arrivo, alloggio, ecc. Verr\u00e0 richiesto un supplemento di 50\u20ac a studente.<br \/>\nIl cambio dipender\u00e0 dalla disponibilit\u00e0.<\/p>\n<p style=\"color: #ff0000; font-variant: small-caps;\">Giorni festivi<\/p>\n<p>La scuola chiuder\u00e0 per le feste nazionali e regionali.<\/p>\n<p style=\"color: #ff0000; font-variant: small-caps;\">Libri<\/p>\n<p>Nel prezzo dell&#8217;iscrizione \u00e8 compreso il libro dello studente. Per successivi libri, gli studentipossono scegliere di prenderli in prestito (caparra di 5 \u20ac) o acquistarli per 6\u20ac.<\/p>\n<p style=\"color: #ff0000; font-variant: small-caps;\">Assenze<\/p>\n<p>Le lezioni perse a causa di assenze da parte dello studente non saranno recuperabili.<\/p>\n<p style=\"color: #ff0000; font-variant: small-caps;\">Numero minimo di studenti<\/p>\n<p>Nel caso di una riduzione degli studenti fino a 1, si offriranno lezioni individuali ma potranno essere ridotte fino al 50%. INTEREUROPA si riserva il diritto di cancellare i corsi con meno riserve del necessario, in questi casi si effettuer\u00e0 un rimborso integrale per lo studente.<\/p>\n<p style=\"color: #ff0000; font-variant: small-caps;\">Alloggio<\/p>\n<p>A meno che non si paga per notti aggiuntive, l&#8217;alloggio sar\u00e0 riservato la domenica prima dell&#8217;inizio del corso, fino a sabato dopo la fine del corso (12:00). In caso di interruzione dell&#8217;alloggio da parte dello studente, non ci sar\u00e0 nessun rimborso. Per gli arrivi notturni (dopo le 22.00) negli appartamenti condivisi, \u00e8 necesario prenotare il nostro servizio di taxi.<\/p>\n<p style=\"color: #ff0000; font-variant: small-caps;\">Caparra<\/p>\n<p>Vi verr\u00e0 richiesta una caparra di 50\u20ac (addebito su carta di credtito) per l&#8217;alloggio in un appartamento condiviso. Questa somma verr\u00e0 rimborsata sulla stessa carta di credito una volta verificato lo stato dell&#8217;appartamento.<\/p>\n<p style=\"color: #ff0000; font-variant: small-caps;\">Certificati<\/p>\n<p>Atermine del corso verr\u00e0 rilasciato un attestato di frequenza se lo studente ha completato l&#8217;80% del corso.<\/p>\n<p style=\"color: #ff0000; font-variant: small-caps;\">Esclusioni<\/p>\n<p>INTEREUROPA si riserva il diritto di espellere uno studente del corso\/alloggio, per cattiva condotta. Nel caso succeda, non vi sar\u00e0 nessun rimborso.<\/p>\n<h4><\/h4>\n<p>&nbsp;<\/p>\n<h4><span style=\"color: #ff0000;\"><em>POL\u00cdTICA DE PRIVACIDAD<\/em><br \/>\n<\/span><\/h4>\n<hr style=\"background: #ff0000; border-color: #ff0000;\" \/>\n<h5><em><span style=\"color: #ff0000;\">CL\u00c1USULA INFORMATIVA<br \/>\n<\/span><\/em><\/h5>\n<p><em>La privacidad es de gran importancia para INTEREUROPA ESPA\u00d1OL PARA EXTRANJEROS SL y queremos mantener una actitud abierta y transparente al tratar sus datos personales. Por lo tanto, disponemos de una pol\u00edtica que establece c\u00f3mo se tratan y protegen sus datos personales.<\/em><\/p>\n<p style=\"color: #ff0000; font-variant: small-caps;\"><em>\u00bfQui\u00e9n es el responsable del tratamiento de sus datos?<\/em><\/p>\n<p><em>INTEREUROPA ESPA\u00d1OL PARA EXTRANJEROS SL | CIF: B96758552 | Dir.Postal: VALENCIA (VALENCIA), C.P. 46002, PLAZA AYUNTAMIENTO N\u00ba 5, PLANTA 1, PUERTA 1 | E-mail:info@intereuropa.es<\/em><\/p>\n<p style=\"color: #ff0000; font-variant: small-caps;\"><em>\u00bfCon qu\u00e9 finalidad tratamos sus datos personales?<\/em><\/p>\n<p><em>En INTEREUROPA ESPA\u00d1OL PARA EXTRANJEROS SL tratamos la informaci\u00f3n que nos facilitan las personas interesadas con el fin de realizar la gesti\u00f3n administrativa, contable y fiscal de los servicios solicitados, as\u00ed como enviar comunicaciones comerciales sobre nuestros productos y servicios, para cuyo consentimiento usted haya prestado.<\/em><\/p>\n<p style=\"color: #ff0000; font-variant: small-caps;\"><em>\u00bfPor cu\u00e1nto tiempo conservaremos sus datos?<\/em><\/p>\n<p><em>Los datos se conservar\u00e1n mientras se mantenga la relaci\u00f3n comercial, y en su caso, durante los a\u00f1os necesarios para cumplir con las obligaciones legales que resulte de aplicaci\u00f3n.<\/em><\/p>\n<p style=\"color: #ff0000; font-variant: small-caps;\"><em>\u00bfCu\u00e1l es la legitimaci\u00f3n para el tratamiento de sus datos?<\/em><\/p>\n<p><em>Le indicamos la base legal para el tratamiento de sus datos:<\/em><br \/>\n<em> &#8211; Ejecuci\u00f3n de un contrato: Prestaci\u00f3n de los servicios solicitados<\/em><br \/>\n<em> &#8211; Consentimiento del interesado: Env\u00edo de comunicaciones comerciales.<\/em><\/p>\n<p style=\"color: #ff0000; font-variant: small-caps;\"><em>\u00bfA qu\u00e9 destinatarios se comunicar\u00e1n sus datos?<\/em><\/p>\n<p><em>\u00danicamente se ceder\u00e1n sus datos a los terceros para los cuales hemos recabado debidamente su consentimiento, as\u00ed como para dar cumplimiento a las obligaciones legales.<\/em><br \/>\n<em> Transferencias de datos a terceros pa\u00edses<\/em><br \/>\n<em> Se realizar\u00e1n transferencias de datos a terceros pa\u00edses para los cuales se la ha recabado debidamente su consentimiento.<\/em><\/p>\n<p style=\"color: #ff0000; font-variant: small-caps;\"><em>\u00bfCu\u00e1les son sus derechos cuando nos facilita sus datos?<\/em><\/p>\n<p><em>Cualquier persona tiene derecho a obtener confirmaci\u00f3n sobre si en INTEREUROPA ESPA\u00d1OL PARA EXTRANJEROS SL estamos tratando datos personales que les conciernan, o no.<\/em><br \/>\n<em> Las personas interesadas tienen derecho a acceder a sus datos personales, as\u00ed como a solicitar la rectificaci\u00f3n de los datos inexactos o, en su caso, solicitar su supresi\u00f3n cuando, entre otros motivos, los datos ya no sea necesarios para los fines que fueron recogidos.<\/em><br \/>\n<em> En determinadas circunstancias, los interesados podr\u00e1n solicitar la limitaci\u00f3n del tratamiento de sus datos, en cuyo caso \u00fanicamente los conservaremos para el ejercicio o la defensa de reclamaciones.<\/em><br \/>\n<em> En determinadas circunstancias y por motivos relacionados con su situaci\u00f3n particular, los interesados podr\u00e1n oponerse al tratamiento de sus datos.<\/em><br \/>\n<em> En este caso, INTEREUROPA ESPA\u00d1OL PARA EXTRANJEROS SL dejar\u00e1 de tratar los datos, salvo por motivos leg\u00edtimos imperiosos, o el ejercicio o la defensa de posibles reclamaciones.<\/em><br \/>\n<em> Podr\u00e1 ejercitar materialmente sus derechos de la siguiente forma: dirigi\u00e9ndose a la direcci\u00f3n de correo electr\u00f3nico del responsable del tratamiento rese\u00f1ado anteriormente adjuntando copia de su DNI o documento de identidad.<\/em><br \/>\n<em> Si ha otorgado su consentimiento para alguna finalidad concreta, tiene derecho a retirar el consentimiento otorgado en cualquier momento, sin que ello afecte a la licitud del tratamiento basado en el consentimiento previo a su retirada.<\/em><br \/>\n<em> En caso de que sienta vulnerados sus derechos en lo concerniente a la protecci\u00f3n de sus datos personales, especialmente cuando no haya obtenido satisfacci\u00f3n en el ejercicio de sus derechos, puede presentar una reclamaci\u00f3n ante la Autoridad de Control en materia de Protecci\u00f3n de Datos competente a trav\u00e9s de su sitio web: www.agpd.es.<\/em><\/p>\n<p style=\"color: #ff0000; font-variant: small-caps;\"><em>\u00bfC\u00f3mo hemos obtenido sus datos?<\/em><\/p>\n<p><em>Los datos personales que tratamos en INTEREUROPA ESPA\u00d1OL PARA EXTRANJEROS SL han sido directamente proporcionados por el interesado.<\/em><br \/>\n<em> Las categor\u00edas de datos que se tratan son:<\/em><br \/>\n<em> &#8211; Datos identificativos<\/em><br \/>\n<em> &#8211; Direcciones postales y electr\u00f3nicas<\/em><br \/>\n<em> &#8211; Informaci\u00f3n comercial.<\/em><\/p>\n<h4><\/h4>\n<p>&nbsp;<\/p>\n","protected":false},"excerpt":{"rendered":"<p>Condizioni generali Cancellazioni e rimborsi Le cancellazioni devono essere notificate per iscritto. Cancellazioni effettuate fino a 30 giorni prima dell\u2019inizio del programma. La scuola applicher\u00e0 le seguenti penali: Il 25% del prezzo totale del corso. Tale importo non andr\u00e0 perso; rimarr\u00e0 disponibile come credito sul conto dello studente durante l\u2019anno in corso per iscriversi a [&hellip;]<\/p>\n","protected":false},"author":12,"featured_media":7221,"parent":0,"menu_order":0,"comment_status":"closed","ping_status":"closed","template":"","meta":{"_joinchat":[],"footnotes":""},"class_list":["post-7220","page","type-page","status-publish","has-post-thumbnail","hentry"],"_links":{"self":[{"href":"https:\/\/intereuropa.es\/it\/wp-json\/wp\/v2\/pages\/7220","targetHints":{"allow":["GET"]}}],"collection":[{"href":"https:\/\/intereuropa.es\/it\/wp-json\/wp\/v2\/pages"}],"about":[{"href":"https:\/\/intereuropa.es\/it\/wp-json\/wp\/v2\/types\/page"}],"author":[{"embeddable":true,"href":"https:\/\/intereuropa.es\/it\/wp-json\/wp\/v2\/users\/12"}],"replies":[{"embeddable":true,"href":"https:\/\/intereuropa.es\/it\/wp-json\/wp\/v2\/comments?post=7220"}],"version-history":[{"count":8,"href":"https:\/\/intereuropa.es\/it\/wp-json\/wp\/v2\/pages\/7220\/revisions"}],"predecessor-version":[{"id":22180,"href":"https:\/\/intereuropa.es\/it\/wp-json\/wp\/v2\/pages\/7220\/revisions\/22180"}],"wp:featuredmedia":[{"embeddable":true,"href":"https:\/\/intereuropa.es\/it\/wp-json\/wp\/v2\/media\/7221"}],"wp:attachment":[{"href":"https:\/\/intereuropa.es\/it\/wp-json\/wp\/v2\/media?parent=7220"}],"curies":[{"name":"wp","href":"https:\/\/api.w.org\/{rel}","templated":true}]}}