{"id":7231,"date":"2018-01-16T17:58:42","date_gmt":"2018-01-16T17:58:42","guid":{"rendered":"http:\/\/intereuropa.es\/valencia\/"},"modified":"2019-11-14T13:59:40","modified_gmt":"2019-11-14T13:59:40","slug":"valenzia","status":"publish","type":"page","link":"https:\/\/intereuropa.es\/it\/valenzia\/","title":{"rendered":"Valencia"},"content":{"rendered":"<div class=\"wpb-content-wrapper\"><p>[vc_row][vc_column]<div class=\"columns_wrap sc_columns columns_nofluid sc_columns_count_2\"><div class=\"column-1_2 sc_column_item sc_column_item_1 odd first\">[vc_gallery interval=&#8221;3&#8243; images=&#8221;1122,1123,1121,1115&#8243; img_size=&#8221;full&#8221; onclick=&#8221;&#8221; el_id=&#8221;valenciagaleriauna&#8221; el_class=&#8221;valenciagaleria&#8221;]<\/div><div class=\"column-1_2 sc_column_item sc_column_item_2 even\">[vc_column_text]<\/p>\n<h4 style=\"margin-top: 0em; font-size: 27px;\">Studia spagnolo a Valencia<\/h4>\n<p>Valencia \u00e8 la terza citt\u00e1 della Spagna dopo Madrid e Barcellona. \u00c8 una citt\u00e1 viva,dinamica e moderna, situata ad est della Spagna sulla costa mediterranea di fronte alle isole Baleari. Valencia offre attrazioni come la Citt\u00e0 delle Arti e delle Scienze che comprende l\u2019Oceanografico, l\u2019Emisferico e il Museo delle Scienze, il bellissimo centro storico, il parco Turia che attraversa la citt\u00e0 e il Bioparco.<br \/>\nValencia, grazie a tutti i vantaggi che offre, e\u2019 senza dubbio la citta\u2019 ideale per apprendere lo spagnolo.<\/p>\n<h4 style=\"margin-top: 1.5em; font-size: 27px;\">La Regione<\/h4>\n<p>Il suo clima sempre mite e le sue immense spiagge rendono possibile praticare diverse attivit\u00e0 sportive come golf, equitazione, tennis e sport nautici.<br \/>\nInoltre, Valencia \u00e9 una delle citt\u00e0 pi\u00f9 interessanti della costa mediterranea proprio per la sua vita notturna.<\/p>\n<p>.[\/vc_column_text]<\/div><\/div>[vc_empty_space]<div class=\"columns_wrap sc_columns columns_nofluid sc_columns_count_2\"><div class=\"column-1_2 sc_column_item sc_column_item_1 odd first\">[vc_column_text]<\/p>\n<h4 style=\"margin-top: 0em; font-size: 27px;\"><span class=\"titulopeq\">A Valencia non ti senrtirai mai solo!<\/span><\/h4>\n<p class=\"titulopeq\">Avrai sempre qualcosa da fare! Da giugno a settembre, tanto in citt\u00e0 come nei paesini adiacenti, \u00e8 quasi impossibile non trovare delle feste locali o celebrazioni durante le quali potrai assistere a sfilate, fuochi d\u2019artificio, corride&#8230;<\/p>\n<p class=\"titulopeq\">La festa tipica di Valencia \u00e8 \u201clas FALLAS\u201d, la pi\u00fa importante e famosa festa della citt\u00e0. Per 4 giorni nel mese di marzo vengono esposte in tutta la citt\u00e0 delle statue giganti fatte di cartapesta che riflettono temi popolari e ironici. Vengono poi bruciate il 19 di marzo nelle varie piazze della citt\u00e0.<\/p>\n<p>Uno spettacolo da non perdere![\/vc_column_text]<\/div><div class=\"column-1_2 sc_column_item sc_column_item_2 even\">[vc_gallery interval=&#8221;3&#8243; images=&#8221;1120,1119,1118,1116&#8243; img_size=&#8221;full&#8221; onclick=&#8221;&#8221; el_class=&#8221;valenciagaleria&#8221; el_id=&#8221;valenciagaleriados&#8221;]<\/div><\/div>[vc_empty_space][\/vc_column][\/vc_row][vc_row parallax=&#8221;content-moving&#8221; parallax_image=&#8221;907&#8243;][vc_column width=&#8221;1\/2&#8243;]<div id=\"sc_call_to_action_512855712\" class=\"sc_call_to_action sc_call_to_action_style_2 sc_call_to_action_align_center margin_top_small margin_bottom_small margin_left_small\" style=\"width:100%;\"><div class=\"sc_call_to_action_info\"><h4 class=\"sc_call_to_action_subtitle sc_item_subtitle\">Cosa hai bisogno di sapere prima di partire per Valencia?<\/h4><\/div><div class=\"sc_call_to_action_buttons sc_item_buttons\"><div class=\"sc_call_to_action_button sc_item_button\"><a href=\"http:\/\/intereuropa.es\/it\/viaggio-a-valencia\/\" class=\"sc_button sc_button_square sc_button_style_filled sc_button_size_large\">Per saperne di pi\u00f9<\/a><\/div><\/div><\/div>[\/vc_column][vc_column width=&#8221;1\/2&#8243;][\/vc_column][\/vc_row]<\/p>\n<\/div>","protected":false},"excerpt":{"rendered":"<p>[vc_row][vc_column][vc_empty_space][vc_empty_space][\/vc_column][\/vc_row][vc_row parallax=&#8221;content-moving&#8221; parallax_image=&#8221;907&#8243;][vc_column width=&#8221;1\/2&#8243;][\/vc_column][vc_column width=&#8221;1\/2&#8243;][\/vc_column][\/vc_row]<\/p>\n","protected":false},"author":12,"featured_media":0,"parent":0,"menu_order":0,"comment_status":"closed","ping_status":"closed","template":"","meta":{"_joinchat":[],"footnotes":""},"class_list":["post-7231","page","type-page","status-publish","hentry"],"_links":{"self":[{"href":"https:\/\/intereuropa.es\/it\/wp-json\/wp\/v2\/pages\/7231","targetHints":{"allow":["GET"]}}],"collection":[{"href":"https:\/\/intereuropa.es\/it\/wp-json\/wp\/v2\/pages"}],"about":[{"href":"https:\/\/intereuropa.es\/it\/wp-json\/wp\/v2\/types\/page"}],"author":[{"embeddable":true,"href":"https:\/\/intereuropa.es\/it\/wp-json\/wp\/v2\/users\/12"}],"replies":[{"embeddable":true,"href":"https:\/\/intereuropa.es\/it\/wp-json\/wp\/v2\/comments?post=7231"}],"version-history":[{"count":7,"href":"https:\/\/intereuropa.es\/it\/wp-json\/wp\/v2\/pages\/7231\/revisions"}],"predecessor-version":[{"id":8678,"href":"https:\/\/intereuropa.es\/it\/wp-json\/wp\/v2\/pages\/7231\/revisions\/8678"}],"wp:attachment":[{"href":"https:\/\/intereuropa.es\/it\/wp-json\/wp\/v2\/media?parent=7231"}],"curies":[{"name":"wp","href":"https:\/\/api.w.org\/{rel}","templated":true}]}}