{"id":7233,"date":"2018-01-19T13:02:18","date_gmt":"2018-01-19T13:02:18","guid":{"rendered":"http:\/\/intereuropa.es\/viajar-a-valencia\/"},"modified":"2019-11-14T14:12:41","modified_gmt":"2019-11-14T14:12:41","slug":"viaggio-a-valencia","status":"publish","type":"page","link":"https:\/\/intereuropa.es\/it\/viaggio-a-valencia\/","title":{"rendered":"Viaggio a Valencia"},"content":{"rendered":"<div class=\"wpb-content-wrapper\"><p>[vc_row][vc_column width=&#8221;1\/4&#8243; css=&#8221;.vc_custom_1516367548972{background-color: #f2f2f2 !important;}&#8221;]<div id=\"sc_services_1439933967_wrap\" class=\"sc_services_wrap\"><div id=\"sc_services_1439933967\" class=\"sc_services sc_services_style_services-5 sc_services_type_icons  alojamientosesp \" style=\"width:100%;\"><h3 class=\"sc_services_title sc_item_title sc_item_title_without_descr\">Alloggi<\/h3>\t\t\t<div id=\"sc_services_1439933967_1\"\t\t\t\tclass=\"sc_services_item sc_services_item_1 odd first\"\n\t\t\t\t>\n\t\t\t\t<a href=\"https:\/\/intereuropa.es\/it\/alloggi\/famiglia\/\"><span class=\"sc_icon icon-diamond-light\"><\/span><\/a>\t\t\t\t<div class=\"sc_services_item_content\">\n\t\t\t\t\t<h4 class=\"sc_services_item_title\"><a href=\"https:\/\/intereuropa.es\/it\/alloggi\/famiglia\/\">Famiglia<\/a><\/h4>\n\t\t\t\t\t<div class=\"sc_services_item_description\">\n\t\t\t\t\t\t<p>La sistemazione in famiglia \u00e8 Il miglior modo di vivere la cultura spagnola e di continuare a imparare la lingua anche fuori della classe.<\/p><a href=\"https:\/\/intereuropa.es\/it\/alloggi\/famiglia\/\" class=\"sc_services_item_readmore\">Learn more<span class=\"icon-right\"><\/span><\/a>\t\t\t\t\t<\/div>\n\t\t\t\t<\/div>\n\t\t\t<\/div>\n\t\t\t\t\t<div id=\"sc_services_1439933967_2\"\t\t\t\tclass=\"sc_services_item sc_services_item_2 even\"\n\t\t\t\t>\n\t\t\t\t<a href=\"https:\/\/intereuropa.es\/it\/alloggi\/appartamento-condiviso\/\"><span class=\"sc_icon icon-shop-light\"><\/span><\/a>\t\t\t\t<div class=\"sc_services_item_content\">\n\t\t\t\t\t<h4 class=\"sc_services_item_title\"><a href=\"https:\/\/intereuropa.es\/it\/alloggi\/appartamento-condiviso\/\">Appartamento condiviso<\/a><\/h4>\n\t\t\t\t\t<div class=\"sc_services_item_description\">\n\t\t\t\t\t\t<p>\u00c8 il tipo di sitemazione adatta a chi ha bisogno di un maggior grado di indipendenza.<\/p><a href=\"https:\/\/intereuropa.es\/it\/alloggi\/appartamento-condiviso\/\" class=\"sc_services_item_readmore\">Learn more<span class=\"icon-right\"><\/span><\/a>\t\t\t\t\t<\/div>\n\t\t\t\t<\/div>\n\t\t\t<\/div>\n\t\t\t\t\t<div id=\"sc_services_1439933967_3\"\t\t\t\tclass=\"sc_services_item sc_services_item_3 odd\"\n\t\t\t\t>\n\t\t\t\t<a href=\"https:\/\/intereuropa.es\/it\/alloggi\/residence-universitario\/\"><span class=\"sc_icon icon-graduation-light\"><\/span><\/a>\t\t\t\t<div class=\"sc_services_item_content\">\n\t\t\t\t\t<h4 class=\"sc_services_item_title\"><a href=\"https:\/\/intereuropa.es\/it\/alloggi\/residence-universitario\/\">Residence universitario<\/a><\/h4>\n\t\t\t\t\t<div class=\"sc_services_item_description\">\n\t\t\t\t\t\t<p>Raccomandiamo questa opzione per coloro che vogliono vivere in un ambiente universitario spagnolo.<\/p><a href=\"https:\/\/intereuropa.es\/it\/alloggi\/residence-universitario\/\" class=\"sc_services_item_readmore\">Learn more<span class=\"icon-right\"><\/span><\/a>\t\t\t\t\t<\/div>\n\t\t\t\t<\/div>\n\t\t\t<\/div>\n\t\t\t\t\t<div id=\"sc_services_1439933967_4\"\t\t\t\tclass=\"sc_services_item sc_services_item_4 even\"\n\t\t\t\t>\n\t\t\t\t<a href=\"https:\/\/intereuropa.es\/it\/alloggi\/appartamento-ad-uso-individuale\/\"><span class=\"sc_icon icon-key-light\"><\/span><\/a>\t\t\t\t<div class=\"sc_services_item_content\">\n\t\t\t\t\t<h4 class=\"sc_services_item_title\"><a href=\"https:\/\/intereuropa.es\/it\/alloggi\/appartamento-ad-uso-individuale\/\">Appartamento ad uso individuale<\/a><\/h4>\n\t\t\t\t\t<div class=\"sc_services_item_description\">\n\t\t\t\t\t\t<p>Un comodo e corfortevole appartamento per studenti che non vogliono condividere l\u2019alloggio.<\/p><a href=\"https:\/\/intereuropa.es\/it\/alloggi\/appartamento-ad-uso-individuale\/\" class=\"sc_services_item_readmore\">Learn more<span class=\"icon-right\"><\/span><\/a>\t\t\t\t\t<\/div>\n\t\t\t\t<\/div>\n\t\t\t<\/div>\n\t\t<\/div><!-- \/.sc_services --><\/div><!-- \/.sc_services_wrap -->[\/vc_column][vc_column width=&#8221;3\/4&#8243;]<h4 class=\"sc_title sc_title_regular margin_top_large\"><span class=\"titulopeq\">Cosa ho bisogno di sapere prima di partire per Valencia?<\/span><\/h4>[vc_column_text]<span class=\"texto\">Pu\u00f2 essere utile sapere che il nostro aereoporto,Manises, \u00e8 collegato alla citt\u00e1 tramite: <\/span><\/p>\n<p><span class=\"texto\"><strong>Autobus<\/strong>. L\u2019autobus dall\u2019aeroporto, passa ogni 20 minuti, si prende proprio all\u2019uscita degli arrivi e ti porta direttamente in Via Bail\u00e9n, in centro citt\u00e0, dove si pu\u00f2 prendere la linea della metro numero 3, la rossa (Fermata X\u00e1tiva, la pi\u00f9 vicina alla scuola).<\/span><\/p>\n<p><span class=\"texto\"><strong>Metro<\/strong>. Parte dall\u2019aeroporto e percorre le principali fermate del centro citt\u00e0.<\/span><\/p>\n<p><span class=\"texto\"><strong>Taxi<\/strong>. Ovviamente si pu\u00f2 anche chiamare un taxi, specialmente se si ha un bagaglio ingombrante. All&#8217;uscita dell&#8217;aeroporto troverai una fermata dei taxi.<br \/>\nEcco due numeri da chiamare se sceglierete questa soluzione:<\/span><\/p>\n<p><span class=\"texto\">Radio taxi +34963571313<br \/>\nOnda taxi +34963703333 <\/span><\/p>\n<p><span class=\"texto\"><strong>La stazione.<\/strong> &#8220;Estaci\u00f3n del Norte&#8221;\u00e8 in pieno centro di Valencia, a circa 150 mt dalla nostra scuola.<\/span><\/p>\n<p><span class=\"texto\"><strong>Welcome service <\/strong> . La nostra scuola offre anche la possibilit\u00e0 del trasferimento dall\u2019aeroporto all\u2019alloggio con un costo di 50\u20ac.<br \/>\n<strong>Per coloro che hanno scelto l\u2019alloggio con noi sar\u00e1 utile sapere che non servono le lenzuola,bens\u00ec gli asciugamani.<\/strong><\/span><\/p>\n<p><span class=\"texto\">Diamo\u00a0 libero accesso ai computer\u00a0 o per chi ha il proprio portatile \u00e8 possibile connettersi alla rete wireless.<\/span><\/p>\n<p><span class=\"texto\">Valencia \u00e8 servita di una rete metropolitana che conta ben 9 linee; anche la rete degli autobus \u00e8 molto efficiente e collega molto bene tutt\u00e0 la citt\u00e0, per esempio proprio di fronte alla scuola passa ogni dieci minuti l\u2019autobus numero 19 che collega Plaza del Ayuntamiento con la Playa de la Malvarrosa e con il porto dell\u2019America\u2019s cup e il circuito di formula 1. <\/span><\/p>\n<p><span class=\"texto\"> Per muoversi in citt\u00e1 consigliamo l\u2019acquisto di un &#8220;bonobus&#8221; che si pu\u00f2 comprare nelle edicole (kioscos), o di un &#8220;bonometro&#8221; che si pu\u00f2 comprare direttamente nelle stazioni della metropolitana; entrambi danno diritto a 10 viaggi con un risparmio di circa il 50% rispetto al biglietto singolo.<\/span>[\/vc_column_text][\/vc_column][\/vc_row]<\/p>\n<\/div>","protected":false},"excerpt":{"rendered":"<p>[vc_row][vc_column width=&#8221;1\/4&#8243; css=&#8221;.vc_custom_1516367548972{background-color: #f2f2f2 !important;}&#8221;][\/vc_column][vc_column width=&#8221;3\/4&#8243;][vc_column_text]Pu\u00f2 essere utile sapere che il nostro aereoporto,Manises, \u00e8 collegato alla citt\u00e1 tramite: Autobus. L\u2019autobus dall\u2019aeroporto, passa ogni 20 minuti, si prende proprio all\u2019uscita degli arrivi e ti porta direttamente in Via Bail\u00e9n, in centro citt\u00e0, dove si pu\u00f2 prendere la linea della metro numero 3, la rossa (Fermata X\u00e1tiva, [&hellip;]<\/p>\n","protected":false},"author":12,"featured_media":0,"parent":0,"menu_order":0,"comment_status":"closed","ping_status":"closed","template":"","meta":{"_joinchat":[],"footnotes":""},"class_list":["post-7233","page","type-page","status-publish","hentry"],"_links":{"self":[{"href":"https:\/\/intereuropa.es\/it\/wp-json\/wp\/v2\/pages\/7233","targetHints":{"allow":["GET"]}}],"collection":[{"href":"https:\/\/intereuropa.es\/it\/wp-json\/wp\/v2\/pages"}],"about":[{"href":"https:\/\/intereuropa.es\/it\/wp-json\/wp\/v2\/types\/page"}],"author":[{"embeddable":true,"href":"https:\/\/intereuropa.es\/it\/wp-json\/wp\/v2\/users\/12"}],"replies":[{"embeddable":true,"href":"https:\/\/intereuropa.es\/it\/wp-json\/wp\/v2\/comments?post=7233"}],"version-history":[{"count":4,"href":"https:\/\/intereuropa.es\/it\/wp-json\/wp\/v2\/pages\/7233\/revisions"}],"predecessor-version":[{"id":8679,"href":"https:\/\/intereuropa.es\/it\/wp-json\/wp\/v2\/pages\/7233\/revisions\/8679"}],"wp:attachment":[{"href":"https:\/\/intereuropa.es\/it\/wp-json\/wp\/v2\/media?parent=7233"}],"curies":[{"name":"wp","href":"https:\/\/api.w.org\/{rel}","templated":true}]}}